{"id":4948,"date":"2025-06-23T14:37:29","date_gmt":"2025-06-23T12:37:29","guid":{"rendered":"https:\/\/www.horsesoftaiga.com\/?page_id=4948\/"},"modified":"2025-11-03T09:00:21","modified_gmt":"2025-11-03T08:00:21","slug":"ridersride","status":"publish","type":"page","link":"https:\/\/www.horsesoftaiga.com\/sv\/sommar\/ridersride\/","title":{"rendered":"Riders&#8217; ride"},"content":{"rendered":"<p>[vc_row][vc_column][vc_row_inner][vc_column_inner width=&#8221;1\/2&#8243;][vc_column_text el_class=&#8221;section-header&#8221;]<\/p>\n<div class=\"section-header col-xs-12 centered\">\n<h2 style=\"text-align: center;\">RIDERS&#8217; RIDE<\/h2>\n<p style=\"text-align: center;\">\n<\/div>\n<p>[\/vc_column_text][vc_column_text]<\/p>\n<p style=\"text-align: left;\">En kort ridtur f\u00f6r erfarna ryttare.<br \/>\nN\u00e4r alla har f\u00e5tt sin utrustning f\u00e5r du g\u00f6ra i ordning din h\u00e4st f\u00f6r ridturen: borsta, kratsa hovarna, sadla\u2026 N\u00e4r alla h\u00e4star \u00e4r redo ger din guide sina instruktioner f\u00f6r ridturen, hj\u00e4lper sig att g\u00e5 upp p\u00e5 h\u00e4starna och sedan k\u00f6r vi f\u00f6r +\/- 1,5 timme i skogen! V\u00e5ra sn\u00e4lla h\u00e4star leder er genom skogen som omger v\u00e5r g\u00e5rd. Skritt, t\u00f6lt, galopp och kanske till och med n\u00e5gra sm\u00e5 hopp blir en del av upplevelsen!<\/p>\n<p>[\/vc_column_text][\/vc_column_inner][vc_column_inner width=&#8221;1\/2&#8243;][vc_images_carousel images=&#8221;4458,1415,3795,2488,1774&#8243; img_size=&#8221;600&#215;400&#8243; speed=&#8221;4000&#8243; autoplay=&#8221;yes&#8221; hide_pagination_control=&#8221;yes&#8221; wrap=&#8221;yes&#8221;][\/vc_column_inner][\/vc_row_inner][vc_column_text]<\/p>\n<p style=\"text-align: center;\"><strong>L\u00e4ngd :<\/strong> <strong>2 timmar<\/strong> (1 till 1,5 timme till h\u00e4st)<br \/>\n<strong>Niv\u00e5 :<\/strong> God ridvana (flera \u00e5r)<br \/>\n<strong>\u00c5lder :<\/strong> fr\u00e5n 7 \u00e5r<br \/>\n<strong>Antal g\u00e4ster\u00a0:<\/strong> fr\u00e5n 2 till 5<br \/>\n<strong>Pris : 650 kr per person <\/strong>(+31,20kr bokningsavgift)<\/p>\n<p>[\/vc_column_text][\/vc_column][\/vc_row][vc_row][vc_column][vc_column_text]<\/p>\n<p style=\"text-align: center;\"><em>Du f\u00e5r l\u00e5na hj\u00e4lm p\u00e5 plats.<\/em><\/p>\n<p style=\"text-align: center;\"><em>Max vikt: 85 kg<\/em><\/p>\n<p style=\"text-align: center;\"><strong><em>Observera: tiden vi ger er vid bokning \u00e4r tiden vi m\u00f6ts p\u00e5 g\u00e5rden. <\/em><\/strong><strong><em>F\u00f6r resten och v\u00e4lbefinnande av v\u00e5ra h\u00e4star och team ber vi er att inte komma f\u00f6r tidigt innan turen.<\/em><\/strong><\/p>\n<p>[\/vc_column_text][vc_btn title=&#8221;BOKA&#8221; style=&#8221;outline&#8221; color=&#8221;peacoc&#8221; size=&#8221;lg&#8221; align=&#8221;center&#8221; link=&#8221;url:https%3A%2F%2Ffareharbor.com%2Fembeds%2Fbook%2Fhorsesoftaiga%2Fitems%2F646500%2F%3Fflow%3D1033696|title:BOKA&#8221;][\/vc_column][\/vc_row]<\/p>\n","protected":false},"excerpt":{"rendered":"<p>[vc_row][vc_column][vc_row_inner][vc_column_inner width=&#8221;1\/2&#8243;][vc_column_text el_class=&#8221;section-header&#8221;] RIDERS&#8217; RIDE [\/vc_column_text][vc_column_text] En kort ridtur f\u00f6r erfarna ryttare. N\u00e4r alla har f\u00e5tt sin utrustning f\u00e5r du g\u00f6ra i ordning din h\u00e4st f\u00f6r ridturen: borsta, kratsa hovarna, sadla\u2026 N\u00e4r alla h\u00e4star \u00e4r redo ger din guide sina &hellip; <a href=\"https:\/\/www.horsesoftaiga.com\/sv\/sommar\/ridersride\/\">Read More<\/a><\/p>\n","protected":false},"author":5,"featured_media":0,"parent":243,"menu_order":0,"comment_status":"closed","ping_status":"closed","template":"","meta":{"om_disable_all_campaigns":false,"_mi_skip_tracking":false,"_monsterinsights_sitenote_active":false,"_monsterinsights_sitenote_note":"","_monsterinsights_sitenote_category":0,"_uf_show_specific_survey":0,"_uf_disable_surveys":false,"footnotes":""},"aioseo_notices":[],"_links":{"self":[{"href":"https:\/\/www.horsesoftaiga.com\/sv\/wp-json\/wp\/v2\/pages\/4948"}],"collection":[{"href":"https:\/\/www.horsesoftaiga.com\/sv\/wp-json\/wp\/v2\/pages"}],"about":[{"href":"https:\/\/www.horsesoftaiga.com\/sv\/wp-json\/wp\/v2\/types\/page"}],"author":[{"embeddable":true,"href":"https:\/\/www.horsesoftaiga.com\/sv\/wp-json\/wp\/v2\/users\/5"}],"replies":[{"embeddable":true,"href":"https:\/\/www.horsesoftaiga.com\/sv\/wp-json\/wp\/v2\/comments?post=4948"}],"version-history":[{"count":4,"href":"https:\/\/www.horsesoftaiga.com\/sv\/wp-json\/wp\/v2\/pages\/4948\/revisions"}],"predecessor-version":[{"id":4999,"href":"https:\/\/www.horsesoftaiga.com\/sv\/wp-json\/wp\/v2\/pages\/4948\/revisions\/4999"}],"up":[{"embeddable":true,"href":"https:\/\/www.horsesoftaiga.com\/sv\/wp-json\/wp\/v2\/pages\/243"}],"wp:attachment":[{"href":"https:\/\/www.horsesoftaiga.com\/sv\/wp-json\/wp\/v2\/media?parent=4948"}],"curies":[{"name":"wp","href":"https:\/\/api.w.org\/{rel}","templated":true}]}}