{"id":4485,"date":"2023-08-31T10:16:03","date_gmt":"2023-08-31T08:16:03","guid":{"rendered":"https:\/\/www.horsesoftaiga.com\/?page_id=4485\/"},"modified":"2025-11-03T09:53:49","modified_gmt":"2025-11-03T08:53:49","slug":"vintermys","status":"publish","type":"page","link":"https:\/\/www.horsesoftaiga.com\/sv\/vinter\/vintermys\/","title":{"rendered":"Vintermys"},"content":{"rendered":"<p>[vc_row][vc_column][vc_row_inner][vc_column_inner width=&#8221;1\/2&#8243;][vc_column_text el_class=&#8221;section-header&#8221;]<\/p>\n<div class=\"section-header col-xs-12 centered\">\n<h2 style=\"text-align: center;\">VINTERMYS<\/h2>\n<p style=\"text-align: center;\">\n<\/div>\n<p>[\/vc_column_text][vc_column_text]Upplev den alldeles unika k\u00e4nslan av att rida i sn\u00f6n, v\u00e4rm sedan upp med en sk\u00f6n bastustund och en lunch i v\u00e5r k\u00e5ta.<\/p>\n<p>N\u00e4r alla har f\u00e5tt sin utrustning kommer du att l\u00e4ra dig hur du g\u00f6r i ordning din h\u00e4st f\u00f6r ridturen: borsta, kratsa hovar, sadla&#8230; N\u00e4r alla h\u00e4star \u00e4r redo kommer din guide att ge dig instruktioner f\u00f6r ridturen, hj\u00e4lpa dig att g\u00e5 upp din h\u00e4st och sen rider du 1,5 timme i den sn\u00f6iga skogen!<\/p>\n<p>Efter ridturen och n\u00e4r v\u00e5ra h\u00e4star \u00e4r tillbaka i hagen \u00e4r det dags att v\u00e4rma upp och koppla av tack vare bastun och en trevlig lunch runt elden.[\/vc_column_text][\/vc_column_inner][vc_column_inner width=&#8221;1\/2&#8243;][vc_empty_space][vc_images_carousel images=&#8221;4486,3798,2757,3037,3229&#8243; img_size=&#8221;600&#215;400&#8243; speed=&#8221;4000&#8243; autoplay=&#8221;yes&#8221; hide_pagination_control=&#8221;yes&#8221; wrap=&#8221;yes&#8221;][\/vc_column_inner][\/vc_row_inner][vc_column_text]<\/p>\n<p style=\"text-align: center;\"><strong>L\u00e4ngd :<\/strong> <strong>4,5 timmar<\/strong>, inklusive 1,5 timme till h\u00e4st, f\u00f6rberedelse av h\u00e4starna, bastu och lunch<br \/>\n<strong>Niv\u00e5 :<\/strong> Bra fysisk kondition<br \/>\n<strong>\u00c5lder :<\/strong> fr\u00e5n 10 \u00e5r<br \/>\n<strong>Antal g\u00e4ster\u00a0:<\/strong> fr\u00e5n 2 till 5<br \/>\n<strong>Pris : 1 400 kr per person<\/strong>[\/vc_column_text][\/vc_column][\/vc_row][vc_row][vc_column][vc_column_text]<\/p>\n<p style=\"text-align: center;\"><em>Du f\u00e5r l\u00e5na hj\u00e4lm, varm overall och handduk p\u00e5 plats.<\/em><\/p>\n<p style=\"text-align: center;\"><em>Max vikt: 85 kg \/ K\u00f6ldgr\u00e4ns: -25\u00b0C <\/em><\/p>\n<p style=\"text-align: center;\"><strong><em>Observera: tiden vi ger er vid bokning \u00e4r tiden vi m\u00f6ts p\u00e5 g\u00e5rden. <\/em><\/strong><strong><em>F\u00f6r resten och v\u00e4lbefinnande av v\u00e5ra h\u00e4star och team ber vi er att inte komma f\u00f6r tidigt innan turen.<\/em><\/strong><\/p>\n<p>[\/vc_column_text][vc_btn title=&#8221;BOKA&#8221; style=&#8221;outline&#8221; color=&#8221;peacoc&#8221; size=&#8221;lg&#8221; align=&#8221;center&#8221; link=&#8221;url:https%3A%2F%2Ffareharbor.com%2Fembeds%2Fbook%2Fhorsesoftaiga%2Fitems%2F490521%2F%3Fflow%3D1033695|title:BOKA|target:_blank&#8221;][\/vc_column][\/vc_row]<\/p>\n","protected":false},"excerpt":{"rendered":"<p>[vc_row][vc_column][vc_row_inner][vc_column_inner width=&#8221;1\/2&#8243;][vc_column_text el_class=&#8221;section-header&#8221;] VINTERMYS [\/vc_column_text][vc_column_text]Upplev den alldeles unika k\u00e4nslan av att rida i sn\u00f6n, v\u00e4rm sedan upp med en sk\u00f6n bastustund och en lunch i v\u00e5r k\u00e5ta. N\u00e4r alla har f\u00e5tt sin utrustning kommer du att l\u00e4ra dig hur du &hellip; <a href=\"https:\/\/www.horsesoftaiga.com\/sv\/vinter\/vintermys\/\">Read More<\/a><\/p>\n","protected":false},"author":5,"featured_media":0,"parent":260,"menu_order":0,"comment_status":"closed","ping_status":"closed","template":"","meta":{"om_disable_all_campaigns":false,"_mi_skip_tracking":false,"_monsterinsights_sitenote_active":false,"_monsterinsights_sitenote_note":"","_monsterinsights_sitenote_category":0,"_uf_show_specific_survey":0,"_uf_disable_surveys":false,"footnotes":""},"aioseo_notices":[],"_links":{"self":[{"href":"https:\/\/www.horsesoftaiga.com\/sv\/wp-json\/wp\/v2\/pages\/4485"}],"collection":[{"href":"https:\/\/www.horsesoftaiga.com\/sv\/wp-json\/wp\/v2\/pages"}],"about":[{"href":"https:\/\/www.horsesoftaiga.com\/sv\/wp-json\/wp\/v2\/types\/page"}],"author":[{"embeddable":true,"href":"https:\/\/www.horsesoftaiga.com\/sv\/wp-json\/wp\/v2\/users\/5"}],"replies":[{"embeddable":true,"href":"https:\/\/www.horsesoftaiga.com\/sv\/wp-json\/wp\/v2\/comments?post=4485"}],"version-history":[{"count":3,"href":"https:\/\/www.horsesoftaiga.com\/sv\/wp-json\/wp\/v2\/pages\/4485\/revisions"}],"predecessor-version":[{"id":5003,"href":"https:\/\/www.horsesoftaiga.com\/sv\/wp-json\/wp\/v2\/pages\/4485\/revisions\/5003"}],"up":[{"embeddable":true,"href":"https:\/\/www.horsesoftaiga.com\/sv\/wp-json\/wp\/v2\/pages\/260"}],"wp:attachment":[{"href":"https:\/\/www.horsesoftaiga.com\/sv\/wp-json\/wp\/v2\/media?parent=4485"}],"curies":[{"name":"wp","href":"https:\/\/api.w.org\/{rel}","templated":true}]}}