{"id":4474,"date":"2023-08-31T09:36:10","date_gmt":"2023-08-31T07:36:10","guid":{"rendered":"https:\/\/www.horsesoftaiga.com\/?page_id=4474\/"},"modified":"2025-11-03T10:06:31","modified_gmt":"2025-11-03T09:06:31","slug":"vinterskogen","status":"publish","type":"page","link":"https:\/\/www.horsesoftaiga.com\/sv\/vinter\/vinterskogen\/","title":{"rendered":"Vinterskogens tur"},"content":{"rendered":"<p>[vc_row][vc_column][vc_row_inner][vc_column_inner width=&#8221;1\/2&#8243;][vc_column_text el_class=&#8221;section-header&#8221;]<\/p>\n<div class=\"section-header col-xs-12 centered\">\n<h2 style=\"text-align: center;\">VINTERSKOGENS TUR<\/h2>\n<p style=\"text-align: center;\">\n<\/div>\n<p>[\/vc_column_text][vc_column_text]En halvdagsupplevelse f\u00f6r alla som \u00e4r nyfikna p\u00e5 islandsh\u00e4sten och Norrlands livsstil. N\u00e4r alla har f\u00e5tt sin utrustning kommer du att l\u00e4ra dig hur du f\u00f6rbereder din h\u00e4st f\u00f6r ridturen: borsta, kratsa hovarna, sadla&#8230; N\u00e4r alla h\u00e4star \u00e4r redo kommer din guide att ge dig sina instruktioner f\u00f6r ridturen och att hj\u00e4lpa dig att sitta upp din h\u00e4st. Sedan rider vi i 2 timmar i skogen! V\u00e5ra energiska h\u00e4star kommer att leda dig l\u00e4ngs naturreservatet (Svansele Damm\u00e4ngar naturreservat), d\u00e4r man f\u00f6rr i tiden uppfann ett s\u00e4tt att anv\u00e4nda vatten och is f\u00f6r att g\u00f6dsla, vattna och rensa \u00e4ngarna. Att k\u00e4nna h\u00e4stens steg genom tallarna, t\u00f6lta p\u00e5 sn\u00f6n&#8230; en fantastisk upplevelse f\u00f6r \u00e4ventyrarna!<\/p>\n<p>Efter ridturen och n\u00e4r v\u00e5ra h\u00e4star \u00e4r tillbaka i hagen samlas vi i k\u00e5tan p\u00e5 g\u00e5rden f\u00f6r en varm lunch.[\/vc_column_text][\/vc_column_inner][vc_column_inner width=&#8221;1\/2&#8243;][vc_empty_space][vc_images_carousel images=&#8221;3094,4476,3802,4475,3131&#8243; img_size=&#8221;600&#215;400&#8243; speed=&#8221;4000&#8243; autoplay=&#8221;yes&#8221; hide_pagination_control=&#8221;yes&#8221; wrap=&#8221;yes&#8221;][\/vc_column_inner][\/vc_row_inner][\/vc_column][\/vc_row][vc_row][vc_column][vc_column_text]<\/p>\n<div class=\"wrap\" role=\"document\">\n<div class=\"content\">\n<div class=\"inner-container\">\n<section class=\"content-editor\">\n<div class=\"container\">\n<div class=\"row\">\n<div class=\"col-xs-12\">\n<div class=\"vc_row wpb_row vc_row-fluid\">\n<div class=\"wpb_column vc_column_container vc_col-sm-12\">\n<div class=\"vc_column-inner \">\n<div class=\"wpb_wrapper\">\n<div class=\"wpb_text_column wpb_content_element \">\n<div class=\"wpb_wrapper\">\n<p style=\"text-align: center;\"><strong>L\u00e4ngd :<\/strong> <strong>4 timmar<\/strong>, inklusive 2 timmar ridning, f\u00f6rberedelse av h\u00e4starna och lunch<br \/>\n<strong>Niv\u00e5 :<\/strong> god fysisk<br \/>\n<strong>\u00c5lder :<\/strong> Fr\u00e5n 9 \u00e5r<br \/>\n<strong>Antal deltagare :<\/strong>\u00a0fr\u00e5n 2 till 5<br \/>\n<strong>Pris: 1 200 kr<\/strong> per person, lunch inkluderad<\/p>\n<p style=\"text-align: center;\"><em>L\u00e5n av hj\u00e4lm och ridoverall ing\u00e5r.<\/em><\/p>\n<p style=\"text-align: center;\">Max vikt: 85 kg \/ <em>K\u00f6ldgr\u00e4ns: -25\u00b0C<\/em><\/p>\n<p style=\"text-align: center;\"><strong><em>Tiden vi ger er p\u00e5 bokningen \u00e4r m\u00f6testiden p\u00e5 g\u00e5rden.<\/em><\/strong><\/p>\n<\/div>\n<\/div>\n<\/div>\n<\/div>\n<\/div>\n<\/div>\n<\/div>\n<\/div>\n<\/div>\n<\/section>\n<\/div>\n<\/div>\n<\/div>\n<p>[\/vc_column_text][vc_btn title=&#8221;BOKA&#8221; style=&#8221;outline&#8221; color=&#8221;peacoc&#8221; size=&#8221;lg&#8221; align=&#8221;center&#8221; link=&#8221;url:https%3A%2F%2Ffareharbor.com%2Fembeds%2Fbook%2Fhorsesoftaiga%2Fitems%2F490449%2F%3Ffull-items%3Dno%26flow%3D680113|title:BOKA|target:_blank&#8221;][\/vc_column][\/vc_row]<\/p>\n","protected":false},"excerpt":{"rendered":"<p>[vc_row][vc_column][vc_row_inner][vc_column_inner width=&#8221;1\/2&#8243;][vc_column_text el_class=&#8221;section-header&#8221;] VINTERSKOGENS TUR [\/vc_column_text][vc_column_text]En halvdagsupplevelse f\u00f6r alla som \u00e4r nyfikna p\u00e5 islandsh\u00e4sten och Norrlands livsstil. N\u00e4r alla har f\u00e5tt sin utrustning kommer du att l\u00e4ra dig hur du f\u00f6rbereder din h\u00e4st f\u00f6r ridturen: borsta, kratsa hovarna, sadla&#8230; N\u00e4r &hellip; <a href=\"https:\/\/www.horsesoftaiga.com\/sv\/vinter\/vinterskogen\/\">Read More<\/a><\/p>\n","protected":false},"author":5,"featured_media":0,"parent":260,"menu_order":0,"comment_status":"closed","ping_status":"closed","template":"","meta":{"om_disable_all_campaigns":false,"_mi_skip_tracking":false,"_monsterinsights_sitenote_active":false,"_monsterinsights_sitenote_note":"","_monsterinsights_sitenote_category":0,"_uf_show_specific_survey":0,"_uf_disable_surveys":false,"footnotes":""},"aioseo_notices":[],"_links":{"self":[{"href":"https:\/\/www.horsesoftaiga.com\/sv\/wp-json\/wp\/v2\/pages\/4474"}],"collection":[{"href":"https:\/\/www.horsesoftaiga.com\/sv\/wp-json\/wp\/v2\/pages"}],"about":[{"href":"https:\/\/www.horsesoftaiga.com\/sv\/wp-json\/wp\/v2\/types\/page"}],"author":[{"embeddable":true,"href":"https:\/\/www.horsesoftaiga.com\/sv\/wp-json\/wp\/v2\/users\/5"}],"replies":[{"embeddable":true,"href":"https:\/\/www.horsesoftaiga.com\/sv\/wp-json\/wp\/v2\/comments?post=4474"}],"version-history":[{"count":4,"href":"https:\/\/www.horsesoftaiga.com\/sv\/wp-json\/wp\/v2\/pages\/4474\/revisions"}],"predecessor-version":[{"id":5010,"href":"https:\/\/www.horsesoftaiga.com\/sv\/wp-json\/wp\/v2\/pages\/4474\/revisions\/5010"}],"up":[{"embeddable":true,"href":"https:\/\/www.horsesoftaiga.com\/sv\/wp-json\/wp\/v2\/pages\/260"}],"wp:attachment":[{"href":"https:\/\/www.horsesoftaiga.com\/sv\/wp-json\/wp\/v2\/media?parent=4474"}],"curies":[{"name":"wp","href":"https:\/\/api.w.org\/{rel}","templated":true}]}}