{"id":4438,"date":"2023-08-29T12:26:20","date_gmt":"2023-08-29T10:26:20","guid":{"rendered":"https:\/\/www.horsesoftaiga.com\/?page_id=4438\/"},"modified":"2024-09-27T17:15:37","modified_gmt":"2024-09-27T15:15:37","slug":"vinteraventyr","status":"publish","type":"page","link":"https:\/\/www.horsesoftaiga.com\/sv\/vinter\/vinteraventyr\/","title":{"rendered":"Vinter\u00e4ventyr"},"content":{"rendered":"<p>[vc_row][vc_column][vc_row_inner][vc_column_inner width=&#8221;1\/2&#8243;][vc_column_text el_class=&#8221;section-header&#8221;]<\/p>\n<div class=\"section-header col-xs-12 centered\">\n<h2 style=\"text-align: center;\">Vinter\u00e4ventyr<\/h2>\n<p style=\"text-align: center;\">\n<\/div>\n<p>[\/vc_column_text][vc_column_text]<\/p>\n<p style=\"text-align: justify;\">Ett heldags \u00e4ventyr!<br \/>\nEfter att vi tr\u00e4ffat v\u00e5ra nya fyrbenta v\u00e4nner g\u00f6r vi de i ordning stiger upp och rider direkt in i den sn\u00f6iga boreala skogen. Under dagen kommer du att f\u00e5 chansen att uppt\u00e4cka s\u00e4rdragen i Norrland: dess fauna, dess flora och dess speciella atmosf\u00e4r. Till lunch kommer vi att g\u00f6ra en paus i skogen d\u00e4r h\u00e4starna kommer att kunna vila medan vi njuter av enkel mat tillagad \u00f6ver \u00f6ppen eld.<br \/>\nDet finns d\u00e5 inget b\u00e4ttre s\u00e4tt att uppt\u00e4cka tajgan \u00e4n fr\u00e5n ryggen av en mjuk islandsh\u00e4st.[\/vc_column_text][\/vc_column_inner][vc_column_inner width=&#8221;1\/2&#8243;][vc_empty_space][vc_images_carousel images=&#8221;3095,1488,1487&#8243; img_size=&#8221;600&#215;400&#8243; speed=&#8221;4000&#8243; autoplay=&#8221;yes&#8221; hide_pagination_control=&#8221;yes&#8221; wrap=&#8221;yes&#8221;][\/vc_column_inner][\/vc_row_inner][\/vc_column][\/vc_row][vc_row][vc_column][vc_column_text]<\/p>\n<p style=\"text-align: center;\"><strong>L\u00e4ngd : 6 timmar<\/strong>, inklusive 4 timmar till h\u00e4st<br \/>\n<strong>Niv\u00e5 :<\/strong> God ridvana och god fysisk (p\u00e5 denna tur ska vi t\u00f6lta och galoppera)<br \/>\n<strong>\u00c5lder :<\/strong> Fr\u00e5n 11 \u00e5r<br \/>\n<strong>Antal deltagare :<\/strong> fr\u00e5n 2 till 5<br \/>\n<strong>Pris: <\/strong>1800 kr per person, lunch inkluderad<\/p>\n<p style=\"text-align: center;\"><em>Hj\u00e4lm och varm overall ing\u00e5r.<\/em><\/p>\n<p style=\"text-align: center;\"><em>Max vikt: 85 kg \/ K\u00f6ldgr\u00e4ns: -20\u00b0C<\/em><\/p>\n<p style=\"text-align: center;\"><strong><em>Tiden vi ger er p\u00e5 bokningen \u00e4r m\u00f6testiden p\u00e5 g\u00e5rden.<\/em><\/strong><\/p>\n<p>[\/vc_column_text][vc_btn title=&#8221;BOKA&#8221; style=&#8221;outline&#8221; color=&#8221;peacoc&#8221; size=&#8221;lg&#8221; align=&#8221;center&#8221; link=&#8221;url:https%3A%2F%2Ffareharbor.com%2Fembeds%2Fbook%2Fhorsesoftaiga%2Fitems%2F490516%2F%3Fflow%3D1033695|title:BOKA|target:_blank&#8221;][\/vc_column][\/vc_row]<\/p>\n","protected":false},"excerpt":{"rendered":"<p>[vc_row][vc_column][vc_row_inner][vc_column_inner width=&#8221;1\/2&#8243;][vc_column_text el_class=&#8221;section-header&#8221;] Vinter\u00e4ventyr [\/vc_column_text][vc_column_text] Ett heldags \u00e4ventyr! Efter att vi tr\u00e4ffat v\u00e5ra nya fyrbenta v\u00e4nner g\u00f6r vi de i ordning stiger upp och rider direkt in i den sn\u00f6iga boreala skogen. Under dagen kommer du att f\u00e5 chansen att &hellip; <a href=\"https:\/\/www.horsesoftaiga.com\/sv\/vinter\/vinteraventyr\/\">Read More<\/a><\/p>\n","protected":false},"author":5,"featured_media":0,"parent":260,"menu_order":0,"comment_status":"closed","ping_status":"closed","template":"","meta":{"om_disable_all_campaigns":false,"_mi_skip_tracking":false,"_monsterinsights_sitenote_active":false,"_monsterinsights_sitenote_note":"","_monsterinsights_sitenote_category":0,"_uf_show_specific_survey":0,"_uf_disable_surveys":false,"footnotes":""},"aioseo_notices":[],"_links":{"self":[{"href":"https:\/\/www.horsesoftaiga.com\/sv\/wp-json\/wp\/v2\/pages\/4438"}],"collection":[{"href":"https:\/\/www.horsesoftaiga.com\/sv\/wp-json\/wp\/v2\/pages"}],"about":[{"href":"https:\/\/www.horsesoftaiga.com\/sv\/wp-json\/wp\/v2\/types\/page"}],"author":[{"embeddable":true,"href":"https:\/\/www.horsesoftaiga.com\/sv\/wp-json\/wp\/v2\/users\/5"}],"replies":[{"embeddable":true,"href":"https:\/\/www.horsesoftaiga.com\/sv\/wp-json\/wp\/v2\/comments?post=4438"}],"version-history":[{"count":6,"href":"https:\/\/www.horsesoftaiga.com\/sv\/wp-json\/wp\/v2\/pages\/4438\/revisions"}],"predecessor-version":[{"id":4780,"href":"https:\/\/www.horsesoftaiga.com\/sv\/wp-json\/wp\/v2\/pages\/4438\/revisions\/4780"}],"up":[{"embeddable":true,"href":"https:\/\/www.horsesoftaiga.com\/sv\/wp-json\/wp\/v2\/pages\/260"}],"wp:attachment":[{"href":"https:\/\/www.horsesoftaiga.com\/sv\/wp-json\/wp\/v2\/media?parent=4438"}],"curies":[{"name":"wp","href":"https:\/\/api.w.org\/{rel}","templated":true}]}}