{"id":4423,"date":"2023-08-29T10:43:51","date_gmt":"2023-08-29T08:43:51","guid":{"rendered":"https:\/\/www.horsesoftaiga.com\/?page_id=4423\/"},"modified":"2025-11-03T09:51:26","modified_gmt":"2025-11-03T08:51:26","slug":"manskensritt","status":"publish","type":"page","link":"https:\/\/www.horsesoftaiga.com\/sv\/vinter\/manskensritt\/","title":{"rendered":"M\u00e5nskensritt"},"content":{"rendered":"<p>[vc_row][vc_column][vc_row_inner][vc_column_inner width=&#8221;1\/2&#8243;][vc_column_text el_class=&#8221;section-header&#8221;]<\/p>\n<div class=\"section-header col-xs-12 centered\">\n<h2 style=\"text-align: center;\">M\u00c5NSKENSRITT<\/h2>\n<p style=\"text-align: center;\">\n<\/div>\n<p>[\/vc_column_text][vc_column_text]Upplev den mycket unika k\u00e4nslan av att rida i m\u00f6rkret! Detta \u00e4r en enkel timmes tur f\u00f6r hela familjen. V\u00e5ra trygga h\u00e4star leder dig genom skogen som omger v\u00e5r g\u00e5rd. Det finns ingen k\u00e4nsla av att rida i m\u00f6rkret och l\u00e5ta din h\u00e4st guida dig genom natten. M\u00e5nskenet, beckm\u00f6rkt eller ibland till och med norrsken\u2026 alla v\u00e4derf\u00f6rh\u00e5llanden g\u00f6r denna upplevelse helt unik!<\/p>\n<p>Efter turen samlas vi runt elden i k\u00e5tan och v\u00e4rmer upp med en god varm choklad.[\/vc_column_text][\/vc_column_inner][vc_column_inner width=&#8221;1\/2&#8243;][vc_images_carousel images=&#8221;4097,1421,3037,4614,3798&#8243; img_size=&#8221;600&#215;400&#8243; speed=&#8221;4000&#8243; autoplay=&#8221;yes&#8221; hide_pagination_control=&#8221;yes&#8221; wrap=&#8221;yes&#8221;][\/vc_column_inner][\/vc_row_inner][vc_column_text]<\/p>\n<p style=\"text-align: center;\"><strong>L\u00e4ngd : 2 timmar<\/strong>, inklusive 1 timme till h\u00e4st<br \/>\n<strong>Niv\u00e5 :<\/strong> f\u00f6r alla<br \/>\n<strong>\u00c5lder :<\/strong> fr\u00e5n 10 \u00e5r<br \/>\n<strong>Antal g\u00e4ster\u00a0:<\/strong> fr\u00e5n 2 till 5<br \/>\n<strong>Pris : 850 kr per person <\/strong>(+40,80kr bokningsavgift)<\/p>\n<p>[\/vc_column_text][\/vc_column][\/vc_row][vc_row][vc_column][vc_column_text]<\/p>\n<p style=\"text-align: center;\"><em>Du f\u00e5r l\u00e5na hj\u00e4lm och varm overall\u00a0p\u00e5 plats.<\/em><\/p>\n<p style=\"text-align: center;\"><em>Max vikt: 85 kg \/ K\u00f6ldgr\u00e4ns: -30\u00b0C <\/em><\/p>\n<p style=\"text-align: center;\"><strong><em>Observera: tiden vi ger er vid bokning \u00e4r tiden vi m\u00f6ts p\u00e5 g\u00e5rden. <\/em><\/strong><strong><em>F\u00f6r resten och v\u00e4lbefinnande av v\u00e5ra h\u00e4star och team ber vi er att inte komma f\u00f6r tidigt innan turen.<\/em><\/strong><\/p>\n<p>[\/vc_column_text][vc_btn title=&#8221;BOKA&#8221; style=&#8221;outline&#8221; color=&#8221;peacoc&#8221; size=&#8221;lg&#8221; align=&#8221;center&#8221; link=&#8221;url:https%3A%2F%2Ffareharbor.com%2Fembeds%2Fbook%2Fhorsesoftaiga%2Fitems%2F490479%2F%3Ffull-items%3Dno%26flow%3D1033695|title:BOKA|target:_blank&#8221;][\/vc_column][\/vc_row]<\/p>\n","protected":false},"excerpt":{"rendered":"<p>[vc_row][vc_column][vc_row_inner][vc_column_inner width=&#8221;1\/2&#8243;][vc_column_text el_class=&#8221;section-header&#8221;] M\u00c5NSKENSRITT [\/vc_column_text][vc_column_text]Upplev den mycket unika k\u00e4nslan av att rida i m\u00f6rkret! Detta \u00e4r en enkel timmes tur f\u00f6r hela familjen. V\u00e5ra trygga h\u00e4star leder dig genom skogen som omger v\u00e5r g\u00e5rd. Det finns ingen k\u00e4nsla av att &hellip; <a href=\"https:\/\/www.horsesoftaiga.com\/sv\/vinter\/manskensritt\/\">Read More<\/a><\/p>\n","protected":false},"author":5,"featured_media":0,"parent":260,"menu_order":0,"comment_status":"closed","ping_status":"closed","template":"","meta":{"om_disable_all_campaigns":false,"_mi_skip_tracking":false,"_monsterinsights_sitenote_active":false,"_monsterinsights_sitenote_note":"","_monsterinsights_sitenote_category":0,"_uf_show_specific_survey":0,"_uf_disable_surveys":false,"footnotes":""},"aioseo_notices":[],"_links":{"self":[{"href":"https:\/\/www.horsesoftaiga.com\/sv\/wp-json\/wp\/v2\/pages\/4423"}],"collection":[{"href":"https:\/\/www.horsesoftaiga.com\/sv\/wp-json\/wp\/v2\/pages"}],"about":[{"href":"https:\/\/www.horsesoftaiga.com\/sv\/wp-json\/wp\/v2\/types\/page"}],"author":[{"embeddable":true,"href":"https:\/\/www.horsesoftaiga.com\/sv\/wp-json\/wp\/v2\/users\/5"}],"replies":[{"embeddable":true,"href":"https:\/\/www.horsesoftaiga.com\/sv\/wp-json\/wp\/v2\/comments?post=4423"}],"version-history":[{"count":7,"href":"https:\/\/www.horsesoftaiga.com\/sv\/wp-json\/wp\/v2\/pages\/4423\/revisions"}],"predecessor-version":[{"id":5002,"href":"https:\/\/www.horsesoftaiga.com\/sv\/wp-json\/wp\/v2\/pages\/4423\/revisions\/5002"}],"up":[{"embeddable":true,"href":"https:\/\/www.horsesoftaiga.com\/sv\/wp-json\/wp\/v2\/pages\/260"}],"wp:attachment":[{"href":"https:\/\/www.horsesoftaiga.com\/sv\/wp-json\/wp\/v2\/media?parent=4423"}],"curies":[{"name":"wp","href":"https:\/\/api.w.org\/{rel}","templated":true}]}}