{"id":4231,"date":"2023-04-11T15:46:31","date_gmt":"2023-04-11T13:46:31","guid":{"rendered":"https:\/\/www.horsesoftaiga.com\/?page_id=4231\/"},"modified":"2024-04-29T17:14:42","modified_gmt":"2024-04-29T15:14:42","slug":"hovvard","status":"publish","type":"page","link":"https:\/\/www.horsesoftaiga.com\/sv\/hovvard\/","title":{"rendered":"Hovv\u00e5rd"},"content":{"rendered":"<p>[vc_row][vc_column][vc_text_separator title=&#8221;No hoof, no horse!&#8221;][\/vc_column][\/vc_row][vc_row][vc_column width=&#8221;2\/3&#8243;][vc_column_text]Jag, Rianne, erbjuder mina tj\u00e4nster som barfotaverkare.<\/p>\n<p>Jag har verkat h\u00e4star i 10 \u00e5r nu, mestadels i Nederl\u00e4nderna, innan jag flyttade till V\u00e4sterbotten.<br \/>\nJag arbetar p\u00e5 ett lugnt och positivt s\u00e4tt d\u00e4r h\u00e4stens komfort \u00e4r av st\u00f6rsta vikt.<\/p>\n<p><em>Enligt Svensk lagstiftning f\u00e5r jag inte verka h\u00e4star som \u00e4r sjuka, under sedering eller g\u00e5r p\u00e5 sm\u00e4rtlindring utan medgivande fr\u00e5n Veterin\u00e4r.<\/em>[\/vc_column_text][vc_btn title=&#8221;BOKNINGSF\u00d6RFR\u00c5GAN&#8221; color=&#8221;violet&#8221; align=&#8221;center&#8221; link=&#8221;url:mailto%3Ariannekindt%40hotmail.com|&#8221;][\/vc_column][vc_column width=&#8221;1\/3&#8243;][vc_single_image image=&#8221;4240&#8243; img_size=&#8221;medium&#8221; alignment=&#8221;center&#8221;][\/vc_column][\/vc_row][vc_row][vc_column][vc_empty_space][\/vc_column][\/vc_row][vc_row][vc_column][vc_text_separator title=&#8221;Tj\u00e4nster &amp; priser&#8221;][\/vc_column][\/vc_row][vc_row][vc_column][vc_column_text]<strong>Hovv\u00e5rd<\/strong><\/p>\n<p>H\u00e4st 500 SEK<\/p>\n<p>Tyng h\u00e4st 750 SEK<\/p>\n<p>Avskoning 50 SEK per hov<\/p>\n<p>&nbsp;<\/p>\n<p>K\u00f6rers\u00e4ttning fr\u00e5n Svansele (Norsj\u00f6 Kommun) 40 SEK per mil. Jag f\u00f6rs\u00f6ker gruppera kunder s\u00e5 att ni kan dela p\u00e5 k\u00f6rkostnaderna.<\/p>\n<p>&nbsp;<\/p>\n<p><em>Jag \u00f6nskar en ren och torr h\u00e4st n\u00e4r jag kommer. Samt en plan, upplyst plats skyddad av v\u00e4der och vind n\u00e4r jag jobbar.<\/em><\/p>\n<p><em>Betalning p\u00e5 plats med swish<\/em><\/p>\n<p>&nbsp;<\/p>\n<p><strong>Bokning via riannekindt[at]hotmail.com<\/strong>[\/vc_column_text][vc_row_inner][vc_column_inner width=&#8221;1\/3&#8243;][vc_single_image image=&#8221;4242&#8243; img_size=&#8221;full&#8221;][\/vc_column_inner][vc_column_inner width=&#8221;1\/3&#8243;][vc_single_image image=&#8221;4243&#8243; img_size=&#8221;full&#8221;][\/vc_column_inner][vc_column_inner width=&#8221;1\/3&#8243;][vc_single_image image=&#8221;4244&#8243; img_size=&#8221;full&#8221;][\/vc_column_inner][\/vc_row_inner][\/vc_column][\/vc_row][vc_row][vc_column][vc_empty_space][\/vc_column][\/vc_row]<\/p>\n","protected":false},"excerpt":{"rendered":"<p>[vc_row][vc_column][vc_text_separator title=&#8221;No hoof, no horse!&#8221;][\/vc_column][\/vc_row][vc_row][vc_column width=&#8221;2\/3&#8243;][vc_column_text]Jag, Rianne, erbjuder mina tj\u00e4nster som barfotaverkare. Jag har verkat h\u00e4star i 10 \u00e5r nu, mestadels i Nederl\u00e4nderna, innan jag flyttade till V\u00e4sterbotten. Jag arbetar p\u00e5 ett lugnt och positivt s\u00e4tt d\u00e4r h\u00e4stens komfort \u00e4r &hellip; <a href=\"https:\/\/www.horsesoftaiga.com\/sv\/hovvard\/\">Read More<\/a><\/p>\n","protected":false},"author":5,"featured_media":0,"parent":0,"menu_order":8,"comment_status":"closed","ping_status":"closed","template":"","meta":{"om_disable_all_campaigns":false,"_mi_skip_tracking":false,"_monsterinsights_sitenote_active":false,"_monsterinsights_sitenote_note":"","_monsterinsights_sitenote_category":0,"_uf_show_specific_survey":0,"_uf_disable_surveys":false,"footnotes":""},"aioseo_notices":[],"_links":{"self":[{"href":"https:\/\/www.horsesoftaiga.com\/sv\/wp-json\/wp\/v2\/pages\/4231"}],"collection":[{"href":"https:\/\/www.horsesoftaiga.com\/sv\/wp-json\/wp\/v2\/pages"}],"about":[{"href":"https:\/\/www.horsesoftaiga.com\/sv\/wp-json\/wp\/v2\/types\/page"}],"author":[{"embeddable":true,"href":"https:\/\/www.horsesoftaiga.com\/sv\/wp-json\/wp\/v2\/users\/5"}],"replies":[{"embeddable":true,"href":"https:\/\/www.horsesoftaiga.com\/sv\/wp-json\/wp\/v2\/comments?post=4231"}],"version-history":[{"count":12,"href":"https:\/\/www.horsesoftaiga.com\/sv\/wp-json\/wp\/v2\/pages\/4231\/revisions"}],"predecessor-version":[{"id":4595,"href":"https:\/\/www.horsesoftaiga.com\/sv\/wp-json\/wp\/v2\/pages\/4231\/revisions\/4595"}],"wp:attachment":[{"href":"https:\/\/www.horsesoftaiga.com\/sv\/wp-json\/wp\/v2\/media?parent=4231"}],"curies":[{"name":"wp","href":"https:\/\/api.w.org\/{rel}","templated":true}]}}