{"id":4038,"date":"2022-07-26T12:17:13","date_gmt":"2022-07-26T10:17:13","guid":{"rendered":"https:\/\/www.horsesoftaiga.com\/?page_id=4038\/"},"modified":"2025-02-19T10:47:11","modified_gmt":"2025-02-19T09:47:11","slug":"snoritt","status":"publish","type":"page","link":"https:\/\/www.horsesoftaiga.com\/sv\/vinter\/snoritt\/","title":{"rendered":"Sn\u00f6ritt"},"content":{"rendered":"<p>[vc_row][vc_column][vc_row_inner][vc_column_inner width=&#8221;1\/2&#8243;][vc_column_text el_class=&#8221;section-header&#8221;]<\/p>\n<div class=\"section-header col-xs-12 centered\">\n<h2 style=\"text-align: center;\">SN\u00d6RITT<\/h2>\n<p style=\"text-align: center;\">\n<\/div>\n<p>[\/vc_column_text][vc_column_text]Upplev den mycket unika k\u00e4nslan av att rida i sn\u00f6n! Detta \u00e4r en enkel 1,5 timmes tur f\u00f6r hela familjen, oavsett om du \u00e4r f\u00f6rstag\u00e5ngsryttare eller h\u00e4st\u00e4lskare. V\u00e5ra mjuka h\u00e4star leder er genom skogen som omger v\u00e5r g\u00e5rd. Du kommer till och med f\u00e5 rida l\u00e4ngs det frusna Svansele Dam\u00e4ngarnas naturreservat.<\/p>\n<p>Efter turen samlas vi runt elden ute eller i huset beroende p\u00e5 temperatur och v\u00e4rmer upp med en god varm choklad och bakverk.[\/vc_column_text][\/vc_column_inner][vc_column_inner width=&#8221;1\/2&#8243;][vc_images_carousel images=&#8221;3798,1421,3037,1418,3229&#8243; img_size=&#8221;600&#215;400&#8243; speed=&#8221;4000&#8243; autoplay=&#8221;yes&#8221; hide_pagination_control=&#8221;yes&#8221; wrap=&#8221;yes&#8221;][\/vc_column_inner][\/vc_row_inner][vc_column_text]<\/p>\n<p style=\"text-align: center;\"><strong>L\u00e4ngd :<\/strong> 2,5 timmar, inklusive 1,5 timme till h\u00e4st<br \/>\n<strong>Niv\u00e5 :<\/strong> f\u00f6r alla<br \/>\n<strong>\u00c5lder :<\/strong> fr\u00e5n 8 \u00e5r<br \/>\n<strong>Antal g\u00e4ster\u00a0:<\/strong> fr\u00e5n 2 till 5<br \/>\n<strong>Pris : 800 kr per person <\/strong>(+32,40kr bokningsavgift)<\/p>\n<p>[\/vc_column_text][\/vc_column][\/vc_row][vc_row][vc_column][vc_column_text]<\/p>\n<p style=\"text-align: center;\"><em>Du f\u00e5r l\u00e5na hj\u00e4lm och varm overall\u00a0p\u00e5 plats.<\/em><\/p>\n<p style=\"text-align: center;\"><em>Max vikt: 90 kg \/ K\u00f6ldgr\u00e4ns: -25\u00b0C <\/em><\/p>\n<p style=\"text-align: center;\"><strong><em>Observera: tiden vi ger er vid bokning \u00e4r tiden vi m\u00f6ts p\u00e5 g\u00e5rden. <\/em><\/strong><strong><em>F\u00f6r resten och v\u00e4lbefinnande av v\u00e5ra h\u00e4star och team ber vi er att inte komma f\u00f6r tidigt innan turen.<\/em><\/strong><\/p>\n<p>[\/vc_column_text][vc_btn title=&#8221;BOKA&#8221; style=&#8221;outline&#8221; color=&#8221;peacoc&#8221; size=&#8221;lg&#8221; align=&#8221;center&#8221; link=&#8221;url:https%3A%2F%2Ffareharbor.com%2Fembeds%2Fbook%2Fhorsesoftaiga%2Fitems%2F400333%2F%3Ffull-items%3Dyes%26flow%3D680113%26language%3Dsv|title:BOKA||&#8221;][\/vc_column][\/vc_row]<\/p>\n","protected":false},"excerpt":{"rendered":"<p>[vc_row][vc_column][vc_row_inner][vc_column_inner width=&#8221;1\/2&#8243;][vc_column_text el_class=&#8221;section-header&#8221;] SN\u00d6RITT [\/vc_column_text][vc_column_text]Upplev den mycket unika k\u00e4nslan av att rida i sn\u00f6n! Detta \u00e4r en enkel 1,5 timmes tur f\u00f6r hela familjen, oavsett om du \u00e4r f\u00f6rstag\u00e5ngsryttare eller h\u00e4st\u00e4lskare. V\u00e5ra mjuka h\u00e4star leder er genom skogen som omger &hellip; <a href=\"https:\/\/www.horsesoftaiga.com\/sv\/vinter\/snoritt\/\">Read More<\/a><\/p>\n","protected":false},"author":5,"featured_media":0,"parent":260,"menu_order":0,"comment_status":"closed","ping_status":"closed","template":"","meta":{"om_disable_all_campaigns":false,"_mi_skip_tracking":false,"_monsterinsights_sitenote_active":false,"_monsterinsights_sitenote_note":"","_monsterinsights_sitenote_category":0,"_uf_show_specific_survey":0,"_uf_disable_surveys":false,"footnotes":""},"aioseo_notices":[],"_links":{"self":[{"href":"https:\/\/www.horsesoftaiga.com\/sv\/wp-json\/wp\/v2\/pages\/4038"}],"collection":[{"href":"https:\/\/www.horsesoftaiga.com\/sv\/wp-json\/wp\/v2\/pages"}],"about":[{"href":"https:\/\/www.horsesoftaiga.com\/sv\/wp-json\/wp\/v2\/types\/page"}],"author":[{"embeddable":true,"href":"https:\/\/www.horsesoftaiga.com\/sv\/wp-json\/wp\/v2\/users\/5"}],"replies":[{"embeddable":true,"href":"https:\/\/www.horsesoftaiga.com\/sv\/wp-json\/wp\/v2\/comments?post=4038"}],"version-history":[{"count":8,"href":"https:\/\/www.horsesoftaiga.com\/sv\/wp-json\/wp\/v2\/pages\/4038\/revisions"}],"predecessor-version":[{"id":4874,"href":"https:\/\/www.horsesoftaiga.com\/sv\/wp-json\/wp\/v2\/pages\/4038\/revisions\/4874"}],"up":[{"embeddable":true,"href":"https:\/\/www.horsesoftaiga.com\/sv\/wp-json\/wp\/v2\/pages\/260"}],"wp:attachment":[{"href":"https:\/\/www.horsesoftaiga.com\/sv\/wp-json\/wp\/v2\/media?parent=4038"}],"curies":[{"name":"wp","href":"https:\/\/api.w.org\/{rel}","templated":true}]}}