{"id":3770,"date":"2022-02-07T10:35:49","date_gmt":"2022-02-07T09:35:49","guid":{"rendered":"https:\/\/www.horsesoftaiga.com\/?page_id=3770\/"},"modified":"2025-07-17T11:40:50","modified_gmt":"2025-07-17T09:40:50","slug":"oppna-landskap-djupa-skogar","status":"publish","type":"page","link":"https:\/\/www.horsesoftaiga.com\/sv\/sommar\/oppna-landskap-djupa-skogar\/","title":{"rendered":"I \u00f6ppna landskap och djupa skogar"},"content":{"rendered":"<p>[vc_row][vc_column][vc_row_inner][vc_column_inner width=&#8221;1\/2&#8243;][vc_column_text el_class=&#8221;section-header&#8221;]<\/p>\n<div class=\"section-header col-xs-12 centered\">\n<h2 style=\"text-align: center;\">I \u00d6PPNA LANDSKAP OCH DJUPA SKOGAR<\/h2>\n<p style=\"text-align: center;\">\n<\/div>\n<p>[\/vc_column_text][vc_column_text]Denna halvdagsupplevelse b\u00f6rjar med att h\u00e4mta h\u00e4starna i hagen. Sedan g\u00f6r vi dem i ordning f\u00f6r ridturen tillsammans.<\/p>\n<p>Under den tretimmars ridturen f\u00e5r du se de vackraste omr\u00e5den, fr\u00e5n Svansele Damm\u00e4ngarnas Naturreservat till den vackra Gr\u00f6ntj\u00e4rn. Medan vi rider i alla g\u00e5ngarter genom skogen visar v\u00e5ra islandsh\u00e4star dig g\u00e4rna hur smidiga och v\u00e4l temperade de \u00e4r!<\/p>\n<p>Efter turen samlas vi runt elden i k\u00e5tan p\u00e5 g\u00e5rden f\u00f6r fika.[\/vc_column_text][\/vc_column_inner][vc_column_inner width=&#8221;1\/2&#8243;][vc_images_carousel images=&#8221;3795,4728,3811,3818&#8243; img_size=&#8221;600&#215;400&#8243; speed=&#8221;4000&#8243; autoplay=&#8221;yes&#8221; hide_pagination_control=&#8221;yes&#8221; wrap=&#8221;yes&#8221;][\/vc_column_inner][\/vc_row_inner][\/vc_column][\/vc_row][vc_row][vc_column][vc_column_text]<\/p>\n<p style=\"text-align: center;\"><strong>L\u00e4ngd:<\/strong>\u00a0<strong>4,5 timmar<\/strong>, inklusive 3 timmar ridning, f\u00f6rberedelse av h\u00e4starna och fika efter turen<br \/>\n<strong>Niv\u00e5:<\/strong> God ridvana (flera \u00e5r)<br \/>\n<strong>\u00c5lder:<\/strong>\u00a0Fr\u00e5n 9 \u00e5r<br \/>\n<strong>Antal deltagare:<\/strong>\u00a0fr\u00e5n 2 till 5<br \/>\n<strong>Pris: 1 100 kr per person<\/strong>, inklusive fika (+52,80kr bokningsavgift)<\/p>\n<p>&nbsp;<\/p>\n<p style=\"text-align: center;\"><em>L\u00e5n av hj\u00e4lm ing\u00e5r.<\/em><\/p>\n<p style=\"text-align: center;\"><em>Max vikt: 90 kg<\/em><\/p>\n<p style=\"text-align: center;\"><strong><em>Observera:\u00a0<\/em><\/strong><em>tiden vi ger er vid bokning \u00e4r tiden vi m\u00f6ts p\u00e5 g\u00e5rden.\u00a0<\/em><em>F\u00f6r resten och v\u00e4lbefinnande av v\u00e5ra h\u00e4star och team ber vi er att inte komma f\u00f6r tidigt innan turen.<\/em><\/p>\n<p>[\/vc_column_text][vc_btn title=&#8221;BOKA&#8221; style=&#8221;outline&#8221; color=&#8221;peacoc&#8221; size=&#8221;lg&#8221; align=&#8221;center&#8221; link=&#8221;url:https%3A%2F%2Ffareharbor.com%2Fembeds%2Fbook%2Fhorsesoftaiga%2Fitems%2F354641%2F%3Fflow%3D680113|title:BOKA||&#8221;][\/vc_column][\/vc_row]<\/p>\n","protected":false},"excerpt":{"rendered":"<p>[vc_row][vc_column][vc_row_inner][vc_column_inner width=&#8221;1\/2&#8243;][vc_column_text el_class=&#8221;section-header&#8221;] I \u00d6PPNA LANDSKAP OCH DJUPA SKOGAR [\/vc_column_text][vc_column_text]Denna halvdagsupplevelse b\u00f6rjar med att h\u00e4mta h\u00e4starna i hagen. Sedan g\u00f6r vi dem i ordning f\u00f6r ridturen tillsammans. Under den tretimmars ridturen f\u00e5r du se de vackraste omr\u00e5den, fr\u00e5n Svansele Damm\u00e4ngarnas &hellip; <a href=\"https:\/\/www.horsesoftaiga.com\/sv\/sommar\/oppna-landskap-djupa-skogar\/\">Read More<\/a><\/p>\n","protected":false},"author":5,"featured_media":0,"parent":243,"menu_order":0,"comment_status":"closed","ping_status":"closed","template":"","meta":{"om_disable_all_campaigns":false,"_mi_skip_tracking":false,"_monsterinsights_sitenote_active":false,"_monsterinsights_sitenote_note":"","_monsterinsights_sitenote_category":0,"_uf_show_specific_survey":0,"_uf_disable_surveys":false,"footnotes":""},"aioseo_notices":[],"_links":{"self":[{"href":"https:\/\/www.horsesoftaiga.com\/sv\/wp-json\/wp\/v2\/pages\/3770"}],"collection":[{"href":"https:\/\/www.horsesoftaiga.com\/sv\/wp-json\/wp\/v2\/pages"}],"about":[{"href":"https:\/\/www.horsesoftaiga.com\/sv\/wp-json\/wp\/v2\/types\/page"}],"author":[{"embeddable":true,"href":"https:\/\/www.horsesoftaiga.com\/sv\/wp-json\/wp\/v2\/users\/5"}],"replies":[{"embeddable":true,"href":"https:\/\/www.horsesoftaiga.com\/sv\/wp-json\/wp\/v2\/comments?post=3770"}],"version-history":[{"count":22,"href":"https:\/\/www.horsesoftaiga.com\/sv\/wp-json\/wp\/v2\/pages\/3770\/revisions"}],"predecessor-version":[{"id":4971,"href":"https:\/\/www.horsesoftaiga.com\/sv\/wp-json\/wp\/v2\/pages\/3770\/revisions\/4971"}],"up":[{"embeddable":true,"href":"https:\/\/www.horsesoftaiga.com\/sv\/wp-json\/wp\/v2\/pages\/243"}],"wp:attachment":[{"href":"https:\/\/www.horsesoftaiga.com\/sv\/wp-json\/wp\/v2\/media?parent=3770"}],"curies":[{"name":"wp","href":"https:\/\/api.w.org\/{rel}","templated":true}]}}