{"id":2827,"date":"2019-10-17T10:18:36","date_gmt":"2019-10-17T08:18:36","guid":{"rendered":"https:\/\/www.horsesoftaiga.com\/?page_id=2827\/"},"modified":"2026-03-16T15:33:18","modified_gmt":"2026-03-16T14:33:18","slug":"datum-och-tillganglighet","status":"publish","type":"page","link":"https:\/\/www.horsesoftaiga.com\/sv\/anvaendbar-information\/datum-och-tillganglighet\/","title":{"rendered":"Datum och tillg\u00e4nglighet"},"content":{"rendered":"<p>[vc_row][vc_column][vc_column_text]<\/p>\n<p style=\"text-align: center;\">Hitta v\u00e5ra vintervistelser h\u00e4r, samt v\u00e5r tillg\u00e4nglighet f\u00f6r var och en av dem.<\/p>\n<p style=\"text-align: center;\">F\u00f6r korta ritter hittar du all v\u00e5r tillg\u00e4nglighet genom att klicka p\u00e5 &#8221;Boka nu&#8221; till h\u00f6ger p\u00e5 sk\u00e4rmen.<\/p>\n<p>[\/vc_column_text][vc_row_inner][vc_column_inner][vc_column_text]<\/p>\n<h4 style=\"text-align: center;\"><strong><span style=\"color: #048c8c;\">Vinter 2026-2027<\/span><\/strong><\/h4>\n<p style=\"text-align: center;\">\n<table id=\"tablepress-9\" class=\"tablepress tablepress-id-9\">\n<thead>\n<tr class=\"row-1 odd\">\n\t<th class=\"column-1\"><strong>Datum<\/strong><\/th><th class=\"column-2\"><strong>Program<\/strong><\/th><th class=\"column-3\"><strong>Platser kvar<\/strong><\/th>\n<\/tr>\n<\/thead>\n<tbody class=\"row-hover\">\n<tr class=\"row-2 even\">\n\t<td class=\"column-1\">6-11 december 2026<\/td><td class=\"column-2\"><a href=\"https:\/\/www.horsesoftaiga.com\/sv\/haestar-och-sno\/\" title=\"H\u00e4star och sn\u00f6\">H\u00e4star och sn\u00f6<\/a><\/td><td class=\"column-3\">5<\/td>\n<\/tr>\n<tr class=\"row-3 odd\">\n\t<td class=\"column-1\">13-18 december 2026<\/td><td class=\"column-2\"><a href=\"https:\/\/www.horsesoftaiga.com\/sv\/haestar-och-sno\/\" title=\"H\u00e4star och sn\u00f6\">H\u00e4star och sn\u00f6<\/a><\/td><td class=\"column-3\">4<\/td>\n<\/tr>\n<tr class=\"row-4 even\">\n\t<td class=\"column-1\">28 december 2026 - 2 januari 2027*<\/td><td class=\"column-2\"><a href=\"https:\/\/www.horsesoftaiga.com\/sv\/haestar-och-sno\/\" title=\"H\u00e4star och sn\u00f6\">H\u00e4star och sn\u00f6<\/a><\/td><td class=\"column-3\">5<\/td>\n<\/tr>\n<tr class=\"row-5 odd\">\n\t<td class=\"column-1\">10-15 januari 2027<\/td><td class=\"column-2\"><a href=\"https:\/\/www.horsesoftaiga.com\/sv\/haestar-och-sno\/\" title=\"H\u00e4star och sn\u00f6\">H\u00e4star och sn\u00f6<\/a><\/td><td class=\"column-3\">5<\/td>\n<\/tr>\n<tr class=\"row-6 even\">\n\t<td class=\"column-1\">17-22 januari 2027<\/td><td class=\"column-2\"><a href=\"https:\/\/www.horsesoftaiga.com\/sv\/haestar-och-sno\/\" title=\"H\u00e4star och sn\u00f6\">H\u00e4star och sn\u00f6<\/a><\/td><td class=\"column-3\">5<\/td>\n<\/tr>\n<tr class=\"row-7 odd\">\n\t<td class=\"column-1\">31 januari -5 februari 2027<\/td><td class=\"column-2\"><a href=\"https:\/\/www.horsesoftaiga.com\/sv\/haestar-och-sno\/\" title=\"H\u00e4star och sn\u00f6\">H\u00e4star och sn\u00f6<\/a><\/td><td class=\"column-3\"><strong>Fullbokad<\/strong><\/td>\n<\/tr>\n<tr class=\"row-8 even\">\n\t<td class=\"column-1\">7-12 februari 2027<\/td><td class=\"column-2\"><a href=\"https:\/\/www.horsesoftaiga.com\/sv\/haestar-och-sno\/\" title=\"H\u00e4star och sn\u00f6\">H\u00e4star och sn\u00f6<\/a><\/td><td class=\"column-3\">5<\/td>\n<\/tr>\n<tr class=\"row-9 odd\">\n\t<td class=\"column-1\">21-26 februari 2027<\/td><td class=\"column-2\"><a href=\"https:\/\/www.horsesoftaiga.com\/sv\/haestar-och-sno\/\" title=\"H\u00e4star och sn\u00f6\">H\u00e4star och sn\u00f6<\/a><\/td><td class=\"column-3\">5<\/td>\n<\/tr>\n<tr class=\"row-10 even\">\n\t<td class=\"column-1\">28 februari - 5 mars 2027<\/td><td class=\"column-2\"><a href=\"https:\/\/www.horsesoftaiga.com\/sv\/haestar-och-sno\/\" title=\"H\u00e4star och sn\u00f6\">H\u00e4star och sn\u00f6<\/a><\/td><td class=\"column-3\">5<\/td>\n<\/tr>\n<tr class=\"row-11 odd\">\n\t<td class=\"column-1\">14-19 mars 2027<\/td><td class=\"column-2\"><a href=\"https:\/\/www.horsesoftaiga.com\/sv\/haestar-och-sno\/\" title=\"H\u00e4star och sn\u00f6\">H\u00e4star och sn\u00f6<\/a><\/td><td class=\"column-3\">5<\/td>\n<\/tr>\n<\/tbody>\n<\/table>\n<!-- #tablepress-9 from cache --><\/p>\n<p>[\/vc_column_text][vc_column_text]*Nytt \u00c5r middag p\u00e5 g\u00e5rden ing\u00e5r. Totalt pris per person: 23 500 SEK[\/vc_column_text][\/vc_column_inner][\/vc_row_inner][vc_btn title=&#8221;BOKA DIN TUR&#8221; style=&#8221;outline&#8221; color=&#8221;peacoc&#8221; size=&#8221;lg&#8221; align=&#8221;center&#8221; link=&#8221;url:https%3A%2F%2Fwww.horsesoftaiga.com%2Fcontact%2F|&#8221;][\/vc_column][\/vc_row]<\/p>\n","protected":false},"excerpt":{"rendered":"<p>[vc_row][vc_column][vc_column_text] Hitta v\u00e5ra vintervistelser h\u00e4r, samt v\u00e5r tillg\u00e4nglighet f\u00f6r var och en av dem. F\u00f6r korta ritter hittar du all v\u00e5r tillg\u00e4nglighet genom att klicka p\u00e5 &#8221;Boka nu&#8221; till h\u00f6ger p\u00e5 sk\u00e4rmen. [\/vc_column_text][vc_row_inner][vc_column_inner][vc_column_text] Vinter 2026-2027 [\/vc_column_text][vc_column_text]*Nytt \u00c5r middag p\u00e5 g\u00e5rden &hellip; <a href=\"https:\/\/www.horsesoftaiga.com\/sv\/anvaendbar-information\/datum-och-tillganglighet\/\">Read More<\/a><\/p>\n","protected":false},"author":5,"featured_media":0,"parent":227,"menu_order":0,"comment_status":"closed","ping_status":"closed","template":"","meta":{"om_disable_all_campaigns":false,"_mi_skip_tracking":false,"_monsterinsights_sitenote_active":false,"_monsterinsights_sitenote_note":"","_monsterinsights_sitenote_category":0,"_uf_show_specific_survey":0,"_uf_disable_surveys":false,"footnotes":""},"aioseo_notices":[],"_links":{"self":[{"href":"https:\/\/www.horsesoftaiga.com\/sv\/wp-json\/wp\/v2\/pages\/2827"}],"collection":[{"href":"https:\/\/www.horsesoftaiga.com\/sv\/wp-json\/wp\/v2\/pages"}],"about":[{"href":"https:\/\/www.horsesoftaiga.com\/sv\/wp-json\/wp\/v2\/types\/page"}],"author":[{"embeddable":true,"href":"https:\/\/www.horsesoftaiga.com\/sv\/wp-json\/wp\/v2\/users\/5"}],"replies":[{"embeddable":true,"href":"https:\/\/www.horsesoftaiga.com\/sv\/wp-json\/wp\/v2\/comments?post=2827"}],"version-history":[{"count":49,"href":"https:\/\/www.horsesoftaiga.com\/sv\/wp-json\/wp\/v2\/pages\/2827\/revisions"}],"predecessor-version":[{"id":5109,"href":"https:\/\/www.horsesoftaiga.com\/sv\/wp-json\/wp\/v2\/pages\/2827\/revisions\/5109"}],"up":[{"embeddable":true,"href":"https:\/\/www.horsesoftaiga.com\/sv\/wp-json\/wp\/v2\/pages\/227"}],"wp:attachment":[{"href":"https:\/\/www.horsesoftaiga.com\/sv\/wp-json\/wp\/v2\/media?parent=2827"}],"curies":[{"name":"wp","href":"https:\/\/api.w.org\/{rel}","templated":true}]}}