{"id":260,"date":"2016-11-03T13:38:13","date_gmt":"2016-11-03T12:38:13","guid":{"rendered":"http:\/\/www.horsesoftaiga.com\/sv\/?page_id=260"},"modified":"2025-01-18T12:11:19","modified_gmt":"2025-01-18T11:11:19","slug":"vinter","status":"publish","type":"page","link":"https:\/\/www.horsesoftaiga.com\/sv\/vinter\/","title":{"rendered":"Vinter"},"content":{"rendered":"<p>[vc_row][vc_column width=&#8221;1\/2&#8243;][vc_column_text]<\/p>\n<div class=\"section-header col-xs-12 centered\">\n<h1 style=\"text-align: center;\">Vinter<\/h1>\n<p style=\"text-align: center;\">\n<\/div>\n<p style=\"text-align: justify;\">Norrland under vintertid \u00e4r magiskt, speciellt h\u00e4r \u2013 l\u00e5ngt fr\u00e5n de turistiska omr\u00e5dena. Bara sn\u00f6kl\u00e4dd skog, frysta sj\u00f6ar, vilda djur\u2026 och oss.<\/p>\n<p style=\"text-align: center;\">Finns det n\u00e5got b\u00e4ttre s\u00e4tt att uppt\u00e4cka denna vildmark \u00e4n i s\u00e4llskap av lugna och varsamma djur likt de islandsh\u00e4starna?<\/p>\n<p style=\"text-align: justify;\">Alla \u00e4r v\u00e4lkomna, fr\u00e5n nyb\u00f6rjare till vana ryttare. Gruppens storlek (max 5 pers) g\u00f6r det l\u00e4tt f\u00f6r alla att h\u00e4nga med. Vi bidrar med ridhj\u00e4lm och ridoverall till var ryttare.<br \/>\n\u00c5ret runt, oavsett om det \u00e4r din f\u00f6rsta g\u00e5ng eller om du \u00e4r en fanatisk h\u00e4stentusiast eller n\u00e5got d\u00e4remellan har vi en tur som passar dig b\u00e4st. I en timme, en halvdag eller en heldag har du m\u00f6jlighet att njuta av den Norrl\u00e4ndska vildmarken fr\u00e5n ryggen p\u00e5 en av v\u00e5ra sn\u00e4lla islandsh\u00e4star.<\/p>\n<p>\u00c4r du vegetarian, vegan, intolerant mot laktos eller allergisk mot gluten, eller allt p\u00e5 en g\u00e5ng? Inga problem! Vi ordnar g\u00e4rna m\u00e5ltider som passar dig. Och bara med f\u00e4rsk, lokal och etisk mat![\/vc_column_text][\/vc_column][vc_column width=&#8221;1\/2&#8243;][vc_empty_space height=&#8221;128px&#8221;][vc_images_carousel images=&#8221;3081,4504,1499,1500,1503,1432,2757,4503&#8243; img_size=&#8221;600&#215;400&#8243; speed=&#8221;4000&#8243; autoplay=&#8221;yes&#8221; hide_pagination_control=&#8221;yes&#8221; wrap=&#8221;yes&#8221;][\/vc_column][\/vc_row][vc_row][vc_column][vc_text_separator title=&#8221;Turer finns tillg\u00e4ngliga fr\u00e5n december till mars&#8221; color=&#8221;custom&#8221; accent_color=&#8221;#4cadc9&#8243; el_class=&#8221;uppercase&#8221;][\/vc_column][\/vc_row][vc_row][vc_column width=&#8221;1\/3&#8243;][vc_btn title=&#8221;SN\u00d6RITT&#8221; style=&#8221;outline&#8221; color=&#8221;peacoc&#8221; size=&#8221;lg&#8221; align=&#8221;center&#8221; button_block=&#8221;true&#8221; link=&#8221;url:https%3A%2F%2Fwww.horsesoftaiga.com%2Fsv%2Fvinter%2Fsnoritt%2F|title:Sn%C3%B6ritt&#8221;][vc_column_text]<\/p>\n<p style=\"text-align: center;\"><em><strong>2,5 timmar<\/strong><\/em><\/p>\n<p style=\"text-align: center;\"><em><strong>Alla niv\u00e5er<\/strong><\/em><\/p>\n<p>[\/vc_column_text][\/vc_column][vc_column width=&#8221;1\/3&#8243;][vc_btn title=&#8221;VINTERSKOGENS TUR&#8221; style=&#8221;outline&#8221; color=&#8221;peacoc&#8221; size=&#8221;lg&#8221; align=&#8221;center&#8221; button_block=&#8221;true&#8221; link=&#8221;url:https%3A%2F%2Fwww.horsesoftaiga.com%2Fsv%2Fvinter%2Fvinterskogen%2F|title:Vinterskogens%20tur&#8221;][vc_column_text]<\/p>\n<p style=\"text-align: center;\"><em><strong>Halvdag<\/strong><\/em><\/p>\n<p style=\"text-align: center;\"><em><strong>Alla niv\u00e5er<\/strong><\/em><\/p>\n<p>[\/vc_column_text][\/vc_column][vc_column width=&#8221;1\/3&#8243;][vc_btn title=&#8221;VINTERMYS&#8221; style=&#8221;outline&#8221; color=&#8221;peacoc&#8221; size=&#8221;lg&#8221; align=&#8221;center&#8221; button_block=&#8221;true&#8221; link=&#8221;url:https%3A%2F%2Fwww.horsesoftaiga.com%2Fsv%2Fvinter%2Fvintermys%2F|title:Vintermys&#8221;][vc_column_text]<\/p>\n<p style=\"text-align: center;\"><em><strong>Halvdag<\/strong><\/em><\/p>\n<p style=\"text-align: center;\"><em><strong>Alla niv\u00e5er<\/strong><\/em><\/p>\n<p>[\/vc_column_text][\/vc_column][\/vc_row][vc_row][vc_column width=&#8221;1\/3&#8243;][vc_btn title=&#8221;VINTER\u00c4VENTYR&#8221; style=&#8221;outline&#8221; color=&#8221;peacoc&#8221; size=&#8221;lg&#8221; align=&#8221;center&#8221; button_block=&#8221;true&#8221; link=&#8221;url:https%3A%2F%2Fwww.horsesoftaiga.com%2Fsv%2Fvinter%2Fvinteraventyr%2F|title:Vinter%C3%A4ventyr&#8221;][vc_column_text]<\/p>\n<p style=\"text-align: center;\"><em><strong>Dagstur<\/strong><\/em><\/p>\n<p style=\"text-align: center;\"><em><strong>Vana ryttare<\/strong><\/em><\/p>\n<p>[\/vc_column_text][\/vc_column][vc_column width=&#8221;1\/3&#8243;][vc_btn title=&#8221;M\u00c5NSKENSRITT&#8221; style=&#8221;outline&#8221; color=&#8221;peacoc&#8221; size=&#8221;lg&#8221; align=&#8221;center&#8221; button_block=&#8221;true&#8221; link=&#8221;url:https%3A%2F%2Fwww.horsesoftaiga.com%2Fsv%2Fvinter%2Fmanskensritt%2F|title:M%C3%A5nskensritt&#8221;][vc_column_text]<\/p>\n<p style=\"text-align: center;\"><em><strong>2 timmar<\/strong><\/em><\/p>\n<p style=\"text-align: center;\"><em><strong>Alla niv\u00e5er<\/strong><\/em><\/p>\n<p>[\/vc_column_text][\/vc_column][vc_column width=&#8221;1\/3&#8243;][vc_btn title=&#8221;H\u00c4STAR OCH SN\u00d6&#8221; style=&#8221;outline&#8221; color=&#8221;peacoc&#8221; size=&#8221;lg&#8221; align=&#8221;center&#8221; button_block=&#8221;true&#8221; link=&#8221;url:https%3A%2F%2Fwww.horsesoftaiga.com%2Fsv%2Fhaestar-i-snoen%2F|title:H%C3%A4star%20och%20sn%C3%B6&#8243;][vc_column_text]<\/p>\n<p style=\"text-align: center;\"><em><strong>6 dagar \/ 5 n\u00e4tter<\/strong><\/em><\/p>\n<p style=\"text-align: center;\"><em><strong>Vana ryttare<\/strong><\/em><\/p>\n<p>[\/vc_column_text][\/vc_column][\/vc_row]<\/p>\n","protected":false},"excerpt":{"rendered":"<p>[vc_row][vc_column width=&#8221;1\/2&#8243;][vc_column_text] Vinter Norrland under vintertid \u00e4r magiskt, speciellt h\u00e4r \u2013 l\u00e5ngt fr\u00e5n de turistiska omr\u00e5dena. Bara sn\u00f6kl\u00e4dd skog, frysta sj\u00f6ar, vilda djur\u2026 och oss. Finns det n\u00e5got b\u00e4ttre s\u00e4tt att uppt\u00e4cka denna vildmark \u00e4n i s\u00e4llskap av lugna och &hellip; <a href=\"https:\/\/www.horsesoftaiga.com\/sv\/vinter\/\">Read More<\/a><\/p>\n","protected":false},"author":2,"featured_media":0,"parent":0,"menu_order":33,"comment_status":"closed","ping_status":"closed","template":"","meta":{"om_disable_all_campaigns":false,"_mi_skip_tracking":false,"_monsterinsights_sitenote_active":false,"_monsterinsights_sitenote_note":"","_monsterinsights_sitenote_category":0,"_uf_show_specific_survey":0,"_uf_disable_surveys":false,"footnotes":""},"aioseo_notices":[],"_links":{"self":[{"href":"https:\/\/www.horsesoftaiga.com\/sv\/wp-json\/wp\/v2\/pages\/260"}],"collection":[{"href":"https:\/\/www.horsesoftaiga.com\/sv\/wp-json\/wp\/v2\/pages"}],"about":[{"href":"https:\/\/www.horsesoftaiga.com\/sv\/wp-json\/wp\/v2\/types\/page"}],"author":[{"embeddable":true,"href":"https:\/\/www.horsesoftaiga.com\/sv\/wp-json\/wp\/v2\/users\/2"}],"replies":[{"embeddable":true,"href":"https:\/\/www.horsesoftaiga.com\/sv\/wp-json\/wp\/v2\/comments?post=260"}],"version-history":[{"count":28,"href":"https:\/\/www.horsesoftaiga.com\/sv\/wp-json\/wp\/v2\/pages\/260\/revisions"}],"predecessor-version":[{"id":4857,"href":"https:\/\/www.horsesoftaiga.com\/sv\/wp-json\/wp\/v2\/pages\/260\/revisions\/4857"}],"wp:attachment":[{"href":"https:\/\/www.horsesoftaiga.com\/sv\/wp-json\/wp\/v2\/media?parent=260"}],"curies":[{"name":"wp","href":"https:\/\/api.w.org\/{rel}","templated":true}]}}