{"id":251,"date":"2016-11-03T13:36:54","date_gmt":"2016-11-03T12:36:54","guid":{"rendered":"http:\/\/www.horsesoftaiga.com\/sv\/?page_id=251"},"modified":"2021-04-26T15:12:43","modified_gmt":"2021-04-26T13:12:43","slug":"mellan-sjoear-och-skogar","status":"publish","type":"page","link":"https:\/\/www.horsesoftaiga.com\/sv\/sommar\/mellan-sjoear-och-skogar\/","title":{"rendered":"Mellan sj\u00f6ar och skogar"},"content":{"rendered":"<p>[vc_row][vc_column][vc_row_inner][vc_column_inner width=&#8221;1\/2&#8243;][vc_column_text el_class=&#8221;section-header&#8221;]<\/p>\n<div class=\"section-header col-xs-12 centered\">\n<h2 style=\"text-align: center;\">Mellan sj\u00f6ar och skogar<\/h2>\n<p style=\"text-align: center;\">8 dagar &amp; 7 n\u00e4tter<\/p>\n<p style=\"text-align: center;\">\n<\/div>\n<p>[\/vc_column_text][vc_column_text]<\/p>\n<div class=\"vc_row wpb_row vc_inner vc_row-fluid\">\n<div class=\"wpb_column vc_column_container vc_col-sm-12\">\n<div class=\"vc_column-inner \">\n<div class=\"wpb_wrapper\">\n<div class=\"wpb_text_column wpb_content_element \">\n<div class=\"wpb_wrapper\">\n<p>Om du gillar att spendera tid i naturen med trevliga sm\u00e5 h\u00e4star \u00e4r detta ridturen f\u00f6r dig!<br \/>\n<strong>Under detta h\u00e4stiga \u00e4ventyr erbjuder vi er:<\/strong><\/p>\n<ul>\n<li>En hel vecka med v\u00e5ra islandsh\u00e4star<\/li>\n<li>5 dagar och 4 n\u00e4tter i vildmarken, bara oss och h\u00e4starna<\/li>\n<li>Lokal och ekologisk mat vid varje m\u00e5ltid<\/li>\n<\/ul>\n<\/div>\n<\/div>\n<\/div>\n<\/div>\n<\/div>\n<\/div>\n<p>[\/vc_column_text][\/vc_column_inner][vc_column_inner width=&#8221;1\/2&#8243;][vc_images_carousel images=&#8221;2689,2688,1402,2684,1401,1404&#8243; img_size=&#8221;600&#215;400&#8243; speed=&#8221;4000&#8243; autoplay=&#8221;yes&#8221; hide_pagination_control=&#8221;yes&#8221; wrap=&#8221;yes&#8221;][\/vc_column_inner][\/vc_row_inner][vc_column_text el_class=&#8221;section-header&#8221;]<\/p>\n<div class=\"section-header col-xs-12 centered\">\n<h2 style=\"text-align: center;\">Program dag f\u00f6r dag<\/h2>\n<p style=\"text-align: center;\">\n<\/div>\n<p>[\/vc_column_text][vc_row_inner][vc_column_inner width=&#8221;1\/3&#8243;][vc_column_text]<\/p>\n<h4 style=\"text-align: center;\"><strong><span style=\"color: #048c8c;\">DAG 1<\/span><\/strong><\/h4>\n<p style=\"text-align: center;\">Ankomst vid Skellefte\u00e5 flygplats alternativt J\u00f6rn T\u00e5gstation. Vi h\u00e4mtar er och k\u00f6r er till ert boende.<\/p>\n<p style=\"text-align: center;\"><em>Kom du med t\u00e5g bjuder vi dig p\u00e5 en gratis ridtur p\u00e5 eftermiddag!<\/em><\/p>\n<p style=\"text-align: center;\">Vi ses \u00f6ver en trevlig middag och vi ber\u00e4ttar om de kommande 7 dagarna. \u00d6vernattning i stugan.<\/p>\n<p>[\/vc_column_text][\/vc_column_inner][vc_column_inner width=&#8221;1\/3&#8243;][vc_column_text css=&#8221;.vc_custom_1619442004171{margin-right: 10px !important;margin-left: 10px !important;}&#8221;]<\/p>\n<h4 style=\"text-align: center;\"><strong><span style=\"color: #048c8c;\">DAG 2<\/span><\/strong><\/h4>\n<p style=\"text-align: center;\">Frukost i stugan.<br \/>\nUnder den f\u00f6rsta aktivitetsdagen kommer du att tr\u00e4ffa din nya v\u00e4n! Vi presenterar v\u00e5ra islandsh\u00e4star, ber\u00e4ttar lite mer om deras s\u00e4rdrag s\u00e5 att du kommer att l\u00e4ra k\u00e4nna din f\u00f6ljeslagare f\u00f6r de kommande dagarna.<br \/>\nP\u00e5 morgonen tar vi en f\u00f6rsta kort tur i skogen. Vi \u00e5terv\u00e4nder till g\u00e5rden f\u00f6r en lunch runt den \u00f6ppna elden och rider h\u00e4st igen hela eftermiddagen.<br \/>\nMiddag och natt i stugan.<\/p>\n<p>[\/vc_column_text][\/vc_column_inner][vc_column_inner width=&#8221;1\/3&#8243;][vc_column_text]<\/p>\n<h4 style=\"text-align: center;\"><strong><span style=\"color: #048c8c;\">DAG 3<\/span><\/strong><\/h4>\n<p style=\"text-align: center;\">Frukost p\u00e5 stugan i Svansele. Idag b\u00f6rjar v\u00e5rt stort \u00e4ventyr!<\/p>\n<p style=\"text-align: center;\">Efter frukost g\u00e5r vi upp till stallen d\u00e4r vi f\u00f6rbereder v\u00e5ra h\u00e4star f\u00f6r turen. N\u00e4r h\u00e4starna sadlas, lunchen i sadel v\u00e4skan och ryttarna \u00e4r redo kan vi b\u00f6rja v\u00e5r 5-dagars ridtur i vildmarken. I skogen, runt vackra sj\u00f6ar&#8230; v\u00e5ra sn\u00e4lla h\u00e4star tar oss till vackra tysta platser.<\/p>\n<p style=\"text-align: center;\">Vi \u00e4ter lunch vid Gr\u00f6ntj\u00e4rn, mitt i skogen.<\/p>\n<p style=\"text-align: center;\">Efter en mer sportig eftermiddag anl\u00e4nder vi till v\u00e5rt f\u00f6rsta stopp vid sj\u00f6n Petiktr\u00e4sk. Fika, bad i sj\u00f6n och middag runt elden st\u00e5r p\u00e5 kv\u00e4llens program. Natt i sovstugan, utan rinnande vatten eller el.<\/p>\n<p>[\/vc_column_text][\/vc_column_inner][\/vc_row_inner][vc_row_inner][vc_column_inner width=&#8221;1\/3&#8243;][vc_column_text]<\/p>\n<h4 style=\"text-align: center;\"><strong><span style=\"color: #048c8c;\">DAG 4<\/span><\/strong><\/h4>\n<p style=\"text-align: center;\">Efter frukost vid sj\u00f6n l\u00e4mnar vi f\u00f6r en ny riddag. Vi rider l\u00e4ngs Skellefte\u00e4lven st\u00f6rre delen av dagen och v\u00e4xlar mellan skrit, l\u00e5nga t\u00f6lter och kraftiga galopper. Vi \u00e4ter lunch vid floden innan vi ta v\u00e4gen till v\u00e5rt n\u00e4sta l\u00e4ger: Dragn\u00e4s.<\/p>\n<p style=\"text-align: center;\">Ikv\u00e4ll sover vi i en lada mitt i skogen! Avkoppling runt elden och promenader i omgivningen, fika och middag&#8230; tillr\u00e4ckligt f\u00f6r att ladda v\u00e5ra batterier.<\/p>\n<p>[\/vc_column_text][\/vc_column_inner][vc_column_inner width=&#8221;1\/3&#8243;][vc_column_text]<\/p>\n<h4 style=\"text-align: center;\"><strong><span style=\"color: #048c8c;\">DAG 5<\/span><\/strong><\/h4>\n<p style=\"text-align: center;\">Idag forts\u00e4tter vi v\u00e5r resa norrut, tar sm\u00e5 vilda stigar och st\u00f6rre skogsv\u00e4gar. \u00c4lgar och andra norrl\u00e4ndska djur lever i skogen runt omkring oss, kanske har vi turen att uppt\u00e4cka n\u00e5gra av dem.<\/p>\n<p style=\"text-align: center;\">Lunch vid vattnet, med en extraordin\u00e4r panoramautsikt \u00f6ver omgivningen. P\u00e5 eftermiddagen t\u00f6ltar vi och galopperar vi mot byn J\u00e4rvtr\u00e4sk, d\u00e4r v\u00e5rt n\u00e4sta l\u00e4ger ligger. P\u00e5 plats hittar vi \u00e5terigen en typisk stuga d\u00e4r vi \u00f6vernattar.<\/p>\n<p>[\/vc_column_text][\/vc_column_inner][vc_column_inner width=&#8221;1\/3&#8243;][vc_column_text]<\/p>\n<h4 style=\"text-align: center;\"><strong><span style=\"color: #048c8c;\">DAG 6<\/span><\/strong><\/h4>\n<p style=\"text-align: center;\">Efter en god frukost rider vi mellan myrar och skogar som passerar platser fulla av historier. Din guide ber\u00e4ttar g\u00e4rna om dem!<\/p>\n<p style=\"text-align: center;\">P\u00e5 kv\u00e4llen anl\u00e4nder vi till ladan i Dragn\u00e4s igen f\u00f6r en v\u00e4lf\u00f6rtj\u00e4nt vila. Och som varje natt sover h\u00e4starna i en paddock som \u00e4r inr\u00e4ttad just f\u00f6r dem, n\u00e5gra steg fr\u00e5n oss.<\/p>\n<p>[\/vc_column_text][\/vc_column_inner][\/vc_row_inner][vc_row_inner][vc_column_inner width=&#8221;1\/3&#8243;][vc_column_text]<\/p>\n<h4 style=\"text-align: center;\"><strong><span style=\"color: #048c8c;\">DAY 7<\/span><\/strong><\/h4>\n<p style=\"text-align: center;\">Sista frukosten i vildmarken. Efter vi sadlat h\u00e4starna rider vi hem\u00e5t genom tr\u00e4sk och mellan mysiga sm\u00e5 b\u00e4ckar.<\/p>\n<p style=\"text-align: center;\">N\u00e4r vi kommit tillbaka till stallet, tackar vi v\u00e5ra h\u00e4star och l\u00e5ter dem vila efter detta \u00e4ventyr. Vi \u00e4r ocks\u00e5 v\u00e4lf\u00f6rtj\u00e4nta lite vila, vilken vi intar med en god middag i stugan.<\/p>\n<p style=\"text-align: center;\">\u00d6vernattning i stugan i Svansele.<\/p>\n<p>[\/vc_column_text][\/vc_column_inner][vc_column_inner width=&#8221;1\/3&#8243;][vc_column_text css=&#8221;.vc_custom_1487437814029{margin-right: 10px !important;margin-left: 10px !important;}&#8221;]<\/p>\n<h4 style=\"text-align: center;\"><strong><span style=\"color: #048c8c;\">DAG 8<\/span><\/strong><\/h4>\n<p style=\"text-align: center;\">Efter frukost k\u00f6r vi er till Skellefte\u00e5 flygplats alternativt J\u00f6rn t\u00e5gstation.<\/p>\n<p>[\/vc_column_text][\/vc_column_inner][vc_column_inner width=&#8221;1\/3&#8243;][vc_column_text]<\/p>\n<p style=\"text-align: center;\"><strong>Grupp:<\/strong> 2 till 4 personer<br \/>\n<strong>Niv\u00e5:<\/strong> Goda ridkunskaper och bra fysisk kondition \u00e4r ett krav<br \/>\n<strong>\u00c5lder:<\/strong> Fr\u00e5n 12 \u00e5r<br \/>\n<strong>Distans:<\/strong> 21 till 40 km per dag (4 till 5 timmar i sadeln)<br \/>\n<strong>Period:<\/strong>\u00a0Fr\u00e5n 16 juni till 31 augusti<\/p>\n<p style=\"text-align: center;\"><a href=\"https:\/\/www.horsesoftaiga.com\/sv\/anvaendbar-information\/datum-och-tillganglighet\/\"><i>H\u00e4r hittar du datum och\u00a0tillg\u00e4nglighet<\/i><\/a><br \/>\n<em>Andra datum p\u00e5 beg\u00e4ran<\/em><\/p>\n<p>[\/vc_column_text][\/vc_column_inner][\/vc_row_inner][\/vc_column][\/vc_row]<\/p>\n","protected":false},"excerpt":{"rendered":"<p>[vc_row][vc_column][vc_row_inner][vc_column_inner width=&#8221;1\/2&#8243;][vc_column_text el_class=&#8221;section-header&#8221;] Mellan sj\u00f6ar och skogar 8 dagar &amp; 7 n\u00e4tter [\/vc_column_text][vc_column_text] Om du gillar att spendera tid i naturen med trevliga sm\u00e5 h\u00e4star \u00e4r detta ridturen f\u00f6r dig! Under detta h\u00e4stiga \u00e4ventyr erbjuder vi er: En hel vecka &hellip; <a href=\"https:\/\/www.horsesoftaiga.com\/sv\/sommar\/mellan-sjoear-och-skogar\/\">Read More<\/a><\/p>\n","protected":false},"author":2,"featured_media":0,"parent":243,"menu_order":0,"comment_status":"closed","ping_status":"closed","template":"","meta":{"om_disable_all_campaigns":false,"_mi_skip_tracking":false,"_monsterinsights_sitenote_active":false,"_monsterinsights_sitenote_note":"","_monsterinsights_sitenote_category":0,"_uf_show_specific_survey":0,"_uf_disable_surveys":false,"footnotes":""},"aioseo_notices":[],"_links":{"self":[{"href":"https:\/\/www.horsesoftaiga.com\/sv\/wp-json\/wp\/v2\/pages\/251"}],"collection":[{"href":"https:\/\/www.horsesoftaiga.com\/sv\/wp-json\/wp\/v2\/pages"}],"about":[{"href":"https:\/\/www.horsesoftaiga.com\/sv\/wp-json\/wp\/v2\/types\/page"}],"author":[{"embeddable":true,"href":"https:\/\/www.horsesoftaiga.com\/sv\/wp-json\/wp\/v2\/users\/2"}],"replies":[{"embeddable":true,"href":"https:\/\/www.horsesoftaiga.com\/sv\/wp-json\/wp\/v2\/comments?post=251"}],"version-history":[{"count":16,"href":"https:\/\/www.horsesoftaiga.com\/sv\/wp-json\/wp\/v2\/pages\/251\/revisions"}],"predecessor-version":[{"id":3490,"href":"https:\/\/www.horsesoftaiga.com\/sv\/wp-json\/wp\/v2\/pages\/251\/revisions\/3490"}],"up":[{"embeddable":true,"href":"https:\/\/www.horsesoftaiga.com\/sv\/wp-json\/wp\/v2\/pages\/243"}],"wp:attachment":[{"href":"https:\/\/www.horsesoftaiga.com\/sv\/wp-json\/wp\/v2\/media?parent=251"}],"curies":[{"name":"wp","href":"https:\/\/api.w.org\/{rel}","templated":true}]}}