{"id":243,"date":"2016-11-03T13:35:24","date_gmt":"2016-11-03T12:35:24","guid":{"rendered":"http:\/\/www.horsesoftaiga.com\/sv\/?page_id=243"},"modified":"2025-06-23T16:58:10","modified_gmt":"2025-06-23T14:58:10","slug":"sommar","status":"publish","type":"page","link":"https:\/\/www.horsesoftaiga.com\/sv\/sommar\/","title":{"rendered":"Sommar\/H\u00f6st"},"content":{"rendered":"<p>[vc_row][vc_column width=&#8221;1\/2&#8243;][vc_column_text]<\/p>\n<div class=\"section-header col-xs-12 centered\">\n<h1 style=\"text-align: center;\">SOMMAR OCH H\u00d6ST<\/h1>\n<p style=\"text-align: center;\">\n<\/div>\n<p style=\"text-align: left;\">\u00c4ven n\u00e4r Norrland inte \u00e4r t\u00e4ckt av sn\u00f6 ser det fantastiskt ut. Varje \u00e5rstid bjuder p\u00e5 sitt speciella ljus och dess unika flora. N\u00e4r sn\u00f6n och isen sm\u00e4lt,\u00a0 avsl\u00f6jar den boreala skogen fantastiska och ov\u00e4ntade ridv\u00e4gar.<\/p>\n<p style=\"text-align: center;\">Hur skulle det vara att uppt\u00e4cka dessa roliga och \u00e4ventyrliga stigar fr\u00e5n ryggen av en sn\u00e4ll islandsh\u00e4st?<\/p>\n<p style=\"text-align: left;\">Alla \u00e4r v\u00e4lkomna, fr\u00e5n nyb\u00f6rjare till vana ryttare. Gruppens storlek (max 5 pers) g\u00f6r det l\u00e4tt f\u00f6r alla att h\u00e4nga med. Vi bidrar med ridhj\u00e4lm till var ryttare.<br \/>\n\u00c5ret runt, oavsett om det \u00e4r din f\u00f6rsta g\u00e5ng eller om du \u00e4r en fanatisk h\u00e4stentusiast eller n\u00e5got d\u00e4remellan har vi en tur som passar dig b\u00e4st. I en timme, en halvdag eller en heldag har du m\u00f6jlighet att njuta av den Norrl\u00e4ndska vildmarken fr\u00e5n ryggen p\u00e5 en av v\u00e5ra sn\u00e4lla islandsh\u00e4star.<\/p>\n<p>\u00c4r du vegetarian, vegan, intolerant mot laktos eller allergisk mot gluten, eller allt p\u00e5 en g\u00e5ng? Inga problem! Vi ordnar g\u00e4rna m\u00e5ltider som passar dig. Och bara med f\u00e4rsk, lokal och etisk mat![\/vc_column_text][\/vc_column][vc_column width=&#8221;1\/2&#8243;][vc_empty_space height=&#8221;128px&#8221;][vc_images_carousel images=&#8221;1404,1402,1479,2750,1459,1393&#8243; img_size=&#8221;600&#215;400&#8243; speed=&#8221;4000&#8243; autoplay=&#8221;yes&#8221; wrap=&#8221;yes&#8221;][\/vc_column][\/vc_row][vc_row][vc_column][vc_text_separator title=&#8221;Turer som finns tillg\u00e4ngliga fr\u00e5n maj till november&#8221; color=&#8221;custom&#8221; accent_color=&#8221;#4cadc9&#8243; el_class=&#8221;uppercase&#8221;][\/vc_column][\/vc_row][vc_row][vc_column width=&#8221;1\/3&#8243;][vc_btn title=&#8221;FAMILJERITT&#8221; style=&#8221;outline&#8221; color=&#8221;peacoc&#8221; size=&#8221;lg&#8221; align=&#8221;center&#8221; button_block=&#8221;true&#8221; link=&#8221;url:https%3A%2F%2Fwww.horsesoftaiga.com%2Fsv%2Fsommar%2Ffamiljetur%2F|title:Familjeritt&#8221;][vc_column_text]<\/p>\n<p style=\"text-align: center;\"><em><strong>2 timmar<\/strong><\/em><\/p>\n<p style=\"text-align: center;\"><em><strong>Alla niv\u00e5er<\/strong><\/em><\/p>\n<p>[\/vc_column_text][\/vc_column][vc_column width=&#8221;1\/3&#8243;][vc_btn title=&#8221;L\u00c4NGS MED SVANSELE DAMM\u00c4NGAR&#8221; style=&#8221;outline&#8221; color=&#8221;peacoc&#8221; size=&#8221;lg&#8221; align=&#8221;center&#8221; button_block=&#8221;true&#8221; link=&#8221;url:https%3A%2F%2Fwww.horsesoftaiga.com%2Fsv%2Fsommar%2Flangs-med-svansele-dammangar%2F|title:L%C3%A4ngs%20med%20Svansele%20Damm%C3%A4ngar&#8221;][vc_column_text]<\/p>\n<p style=\"text-align: center;\"><em><strong>2,5 timmar<\/strong><\/em><\/p>\n<p style=\"text-align: center;\"><em><strong>Alla niv\u00e5er<\/strong><\/em><\/p>\n<p>[\/vc_column_text][\/vc_column][vc_column width=&#8221;1\/3&#8243;][vc_btn title=&#8221;SKOGS\u00c4VENTYR&#8221; style=&#8221;outline&#8221; color=&#8221;peacoc&#8221; size=&#8221;lg&#8221; align=&#8221;center&#8221; button_block=&#8221;true&#8221; link=&#8221;url:https%3A%2F%2Fwww.horsesoftaiga.com%2Fsv%2Fsommar%2Fskogsaventyr%2F|title:Skogs%C3%A4ventyr&#8221;][vc_column_text]<\/p>\n<p style=\"text-align: center;\"><em><strong>Halvdag<\/strong><\/em><\/p>\n<p style=\"text-align: center;\"><em><strong>Alla niv\u00e5er<\/strong><\/em><\/p>\n<p>[\/vc_column_text][\/vc_column][\/vc_row][vc_row][vc_column width=&#8221;1\/3&#8243;][vc_btn title=&#8221;RIDERS&#8217; RIDE&#8221; style=&#8221;outline&#8221; color=&#8221;peacoc&#8221; size=&#8221;lg&#8221; align=&#8221;center&#8221; button_block=&#8221;true&#8221; link=&#8221;url:https%3A%2F%2Fwww.horsesoftaiga.com%2Fsv%2Fsommar%2Fridersride%2F|title:Riders%E2%80%99%20ride&#8221;][vc_column_text]<\/p>\n<p style=\"text-align: center;\"><em><strong>2 timmar<\/strong><\/em><\/p>\n<p style=\"text-align: center;\"><em><strong>Vana ryttare<\/strong><\/em><\/p>\n<p>[\/vc_column_text][\/vc_column][vc_column width=&#8221;1\/3&#8243;][vc_btn title=&#8221;I \u00d6PPNA LANDSKAP OCH DJUPA SKOGAR&#8221; style=&#8221;outline&#8221; color=&#8221;peacoc&#8221; size=&#8221;lg&#8221; align=&#8221;center&#8221; button_block=&#8221;true&#8221; link=&#8221;url:https%3A%2F%2Fwww.horsesoftaiga.com%2Fsv%2Fsommar%2Foppna-landskap-djupa-skogar%2F|title:I%20%C3%B6ppna%20landskap%20och%20djupa%20skogar&#8221;][vc_column_text]<\/p>\n<p style=\"text-align: center;\"><em><strong>Halvdag<\/strong><\/em><\/p>\n<p style=\"text-align: center;\"><em><strong>Vana ryttare<\/strong><\/em><\/p>\n<p>[\/vc_column_text][\/vc_column][vc_column width=&#8221;1\/3&#8243;][vc_btn title=&#8221;DAMM\u00c4NGAR OCH TALLAR&#8221; style=&#8221;outline&#8221; color=&#8221;peacoc&#8221; size=&#8221;lg&#8221; align=&#8221;center&#8221; button_block=&#8221;true&#8221; link=&#8221;url:https%3A%2F%2Fwww.horsesoftaiga.com%2Fsv%2Fsommar%2Fdammangar-och-tallar%2F|title:Damm%C3%A4ngar%20och%20tallar&#8221;][vc_column_text]<\/p>\n<p style=\"text-align: center;\"><em><strong>Dagstur<\/strong><\/em><\/p>\n<p style=\"text-align: center;\"><em><strong>Vana ryttare<\/strong><\/em><\/p>\n<p>[\/vc_column_text][\/vc_column][\/vc_row]<\/p>\n","protected":false},"excerpt":{"rendered":"<p>[vc_row][vc_column width=&#8221;1\/2&#8243;][vc_column_text] SOMMAR OCH H\u00d6ST \u00c4ven n\u00e4r Norrland inte \u00e4r t\u00e4ckt av sn\u00f6 ser det fantastiskt ut. Varje \u00e5rstid bjuder p\u00e5 sitt speciella ljus och dess unika flora. N\u00e4r sn\u00f6n och isen sm\u00e4lt,\u00a0 avsl\u00f6jar den boreala skogen fantastiska och ov\u00e4ntade &hellip; <a href=\"https:\/\/www.horsesoftaiga.com\/sv\/sommar\/\">Read More<\/a><\/p>\n","protected":false},"author":2,"featured_media":0,"parent":0,"menu_order":25,"comment_status":"closed","ping_status":"closed","template":"","meta":{"om_disable_all_campaigns":false,"_mi_skip_tracking":false,"_monsterinsights_sitenote_active":false,"_monsterinsights_sitenote_note":"","_monsterinsights_sitenote_category":0,"_uf_show_specific_survey":0,"_uf_disable_surveys":false,"footnotes":""},"aioseo_notices":[],"_links":{"self":[{"href":"https:\/\/www.horsesoftaiga.com\/sv\/wp-json\/wp\/v2\/pages\/243"}],"collection":[{"href":"https:\/\/www.horsesoftaiga.com\/sv\/wp-json\/wp\/v2\/pages"}],"about":[{"href":"https:\/\/www.horsesoftaiga.com\/sv\/wp-json\/wp\/v2\/types\/page"}],"author":[{"embeddable":true,"href":"https:\/\/www.horsesoftaiga.com\/sv\/wp-json\/wp\/v2\/users\/2"}],"replies":[{"embeddable":true,"href":"https:\/\/www.horsesoftaiga.com\/sv\/wp-json\/wp\/v2\/comments?post=243"}],"version-history":[{"count":25,"href":"https:\/\/www.horsesoftaiga.com\/sv\/wp-json\/wp\/v2\/pages\/243\/revisions"}],"predecessor-version":[{"id":4966,"href":"https:\/\/www.horsesoftaiga.com\/sv\/wp-json\/wp\/v2\/pages\/243\/revisions\/4966"}],"wp:attachment":[{"href":"https:\/\/www.horsesoftaiga.com\/sv\/wp-json\/wp\/v2\/media?parent=243"}],"curies":[{"name":"wp","href":"https:\/\/api.w.org\/{rel}","templated":true}]}}