{"id":239,"date":"2016-11-03T13:34:15","date_gmt":"2016-11-03T12:34:15","guid":{"rendered":"http:\/\/www.horsesoftaiga.com\/sv\/?page_id=239"},"modified":"2020-09-08T11:36:46","modified_gmt":"2020-09-08T09:36:46","slug":"haestar-och-tajga","status":"publish","type":"page","link":"https:\/\/www.horsesoftaiga.com\/sv\/sommar\/haestar-och-tajga\/","title":{"rendered":"H\u00e4star och tajga"},"content":{"rendered":"<p>[vc_row][vc_column][vc_row_inner][vc_column_inner width=&#8221;1\/2&#8243;][vc_column_text el_class=&#8221;section-header&#8221;]<\/p>\n<div class=\"section-header col-xs-12 centered\">\n<h2 style=\"text-align: center;\">H\u00c4STAR OCH TAJGA<\/h2>\n<p style=\"text-align: center;\">7 dagar &amp; 6 n\u00e4tter<\/p>\n<p style=\"text-align: center;\">\n<\/div>\n<p>[\/vc_column_text][vc_column_text]<\/p>\n<div class=\"vc_row wpb_row vc_inner vc_row-fluid\">\n<div class=\"wpb_column vc_column_container vc_col-sm-12\">\n<div class=\"vc_column-inner \">\n<div class=\"wpb_wrapper\">\n<div class=\"wpb_text_column wpb_content_element \">\n<div class=\"wpb_wrapper\">\n<p>Detta \u00e4r ett sp\u00e4nnande s\u00e4tt f\u00f6r hela familjen att uppt\u00e4cka Lappland omgiven av djur och natur.<\/p>\n<p><strong>I detta sommarprogram erbjuder vi er:<\/strong><\/p>\n<ul>\n<li>Flera olika aktiviteter f\u00f6r att uppt\u00e4cka den boreala skogen, s\u00e5som ridning och att bes\u00f6ka en renfarm.<\/li>\n<li>4 Dagar p\u00e5 h\u00e4stryggen, inklusive en natt I en vildmarkstuga<\/li>\n<li>Lokal och ekologisk mat vid varje m\u00e5ltid<\/li>\n<\/ul>\n<\/div>\n<\/div>\n<\/div>\n<\/div>\n<\/div>\n<\/div>\n<p>[\/vc_column_text][\/vc_column_inner][vc_column_inner width=&#8221;1\/2&#8243;][vc_images_carousel images=&#8221;2376,1462,2732,2687,1461,1460&#8243; img_size=&#8221;600&#215;400&#8243; speed=&#8221;4000&#8243; autoplay=&#8221;yes&#8221; hide_pagination_control=&#8221;yes&#8221; wrap=&#8221;yes&#8221;][\/vc_column_inner][\/vc_row_inner][vc_column_text el_class=&#8221;section-header&#8221;]<\/p>\n<div class=\"section-header col-xs-12 centered\">\n<h2 style=\"text-align: center;\"><strong>Dag f\u00f6r dag program<\/strong><\/h2>\n<p style=\"text-align: center;\">\n<\/div>\n<p>[\/vc_column_text][vc_row_inner][vc_column_inner width=&#8221;1\/3&#8243;][vc_column_text]<\/p>\n<h4 style=\"text-align: center;\"><strong><span style=\"color: #048c8c;\">DAG\u00a01<\/span><\/strong><\/h4>\n<p style=\"text-align: center;\">Ankomst vid Skellefte\u00e5 Flygplats eller J\u00f6rn t\u00e5g station. Vi h\u00e4mtar er och k\u00f6r er till ert boende.<\/p>\n<p style=\"text-align: center;\"><em>Kom du med t\u00e5g bjuder vi dig p\u00e5 en gratis ridtur p\u00e5 eftermiddag!<\/em><br \/>\nVi ses \u00f6ver en trevlig middag och vi ber\u00e4ttar om de kommande 6 Dagarna. \u00d6vernattning i g\u00e4sthuset.<\/p>\n<p>[\/vc_column_text][\/vc_column_inner][vc_column_inner width=&#8221;1\/3&#8243;][vc_column_text css=&#8221;.vc_custom_1537091825627{margin-right: 10px !important;margin-left: 10px !important;}&#8221;]<\/p>\n<h4 style=\"text-align: center;\"><strong><span style=\"color: #048c8c;\">DAG<\/span><\/strong><strong><span style=\"color: #048c8c;\"> 2<\/span><\/strong><\/h4>\n<p style=\"text-align: center;\">Frukost I g\u00e4sthuset.<br \/>\nUnder f\u00f6rsta dagen f\u00e5r ni tr\u00e4ffa v\u00e5ra nordiska h\u00e4star. Vi introducerar er till v\u00e5ra Islandsh\u00e4star, ber\u00e4tta om deras specificiteter och s\u00e5 f\u00e5r ni l\u00e4ra k\u00e4nna de som kommer vara era f\u00f6ljeslagare under de n\u00e4rmsta dagarna.<br \/>\nUnder eftermiddagen tar vi en kort skogsritt och njuter av de f\u00f6rsta klappande hovarna i den boreala skogen.<br \/>\nMiddag och \u00f6vernattning i g\u00e4sthuset.<\/p>\n<p>[\/vc_column_text][\/vc_column_inner][vc_column_inner width=&#8221;1\/3&#8243;][vc_column_text]<\/p>\n<h4 style=\"text-align: center;\"><strong><span style=\"color: #048c8c;\">DAG<\/span><\/strong><strong><span style=\"color: #048c8c;\"> 3<\/span><\/strong><\/h4>\n<p style=\"text-align: center;\">Frukost i g\u00e4sthuset.<br \/>\nNu n\u00e4r ni l\u00e4rt k\u00e4nna era nya kompisar, sadlar vi dem och f\u00f6rbereder oss f\u00f6r en heldag i skogen. Vi tar med lunchen, vilken vi kommer \u00e4ta p\u00e5 v\u00e4gen under en trevlig lunchpaus runt elden.<br \/>\nEfter turen tar vi hand om h\u00e4starna och kan d\u00e4refter vila och njuta av den svenska sommarkv\u00e4llen, varf\u00f6r inte med ett dopp I \u00e4lven?<br \/>\nMIddag och \u00f6vernattning I g\u00e4sthuset.<\/p>\n<p>[\/vc_column_text][\/vc_column_inner][\/vc_row_inner][vc_row_inner][vc_column_inner width=&#8221;1\/3&#8243;][vc_column_text]<\/p>\n<h4 style=\"text-align: center;\"><strong><span style=\"color: #048c8c;\">DAG<\/span><\/strong><strong><span style=\"color: #048c8c;\"> 4<\/span><\/strong><\/h4>\n<p style=\"text-align: center;\">Frukost i g\u00e4sthuset.<br \/>\nDagens tema: Samekultur och livet i Norr. Vi k\u00f6r till en genuin renfarm d\u00e4r ni kommer att f\u00e5 dela en stund med en samisk familj och kommer att ha en chansen att l\u00e4ra er mer om deras djur och livsstil. P\u00e5 v\u00e4gen dit, uppt\u00e4cker vi de stora sommarlandskapen i Norrland.<br \/>\nI slutet av dagen k\u00f6r vi tillbaka till g\u00e4sthuset f\u00f6r middag. \u00d6vernattning i g\u00e4sthuset.<\/p>\n<p>[\/vc_column_text][\/vc_column_inner][vc_column_inner width=&#8221;1\/3&#8243;][vc_column_text]<\/p>\n<h4 style=\"text-align: center;\"><strong><span style=\"color: #048c8c;\">DAG<\/span><\/strong><strong><span style=\"color: #048c8c;\"> 5<\/span><\/strong><\/h4>\n<p style=\"text-align: center;\">Frukost i g\u00e4sthuset.<br \/>\nIdag b\u00f6rjar v\u00e5rt tv\u00e5 dagar l\u00e5nga \u00e4ventyr! Efter frukost, \u00e5ker vi till stallet och f\u00f6rbereder v\u00e5ra h\u00e4star f\u00f6r turen.<br \/>\nN\u00e4r h\u00e4starna \u00e4r sadlade, lunchen packad och ryttarna redo kan vi p\u00e5b\u00f6rja v\u00e5r l\u00e5ngritt ut i vildmarken. I skogen, runt fantastiska sj\u00f6ar\u2026 V\u00e5ra varsamma h\u00e4star tar oss till olika fridfulla platser.<br \/>\nVi rider till Bredtr\u00e4sk, en vildmarkstuga bel\u00e4gen vid strandkanten av en vacker sj\u00f6. V\u00e5r kock v\u00e4ntar d\u00e4r med en rykande het bastu och en v\u00e4rmande middag. Vi spenderar natten i denna lilla timmerstuga.<\/p>\n<p>[\/vc_column_text][\/vc_column_inner][vc_column_inner width=&#8221;1\/3&#8243;][vc_column_text]<\/p>\n<h4 style=\"text-align: center;\"><strong><span style=\"color: #048c8c;\">DAG<\/span><\/strong><strong><span style=\"color: #048c8c;\"> 6<\/span><\/strong><\/h4>\n<p style=\"text-align: center;\">\u00c4nnu en fantastisk rid-dag I den svenska tajgan. Vi l\u00e4mnar Bredtr\u00e4sk efter frukost och styr mot stallet. P\u00e5 v\u00e4gen hoppas vi att f\u00e5r se renar och om vi har riktigt tur kanske till och med en \u00e4lg!<br \/>\nN\u00e4r vi kommit tillbaka till stallet, tackar vi v\u00e5ra trogna h\u00e4star och l\u00e5ter dem vila efter detta \u00e4ventyr. \u00c4ven vi f\u00e5r en v\u00e4lf\u00f6rtj\u00e4nt vila. Vilan tar vi i g\u00e4sthuset med en v\u00e4lagad middag.<br \/>\n\u00d6vernattning i g\u00e4sthuset.<\/p>\n<p>[\/vc_column_text][\/vc_column_inner][\/vc_row_inner][vc_row_inner][vc_column_inner width=&#8221;1\/2&#8243;][vc_column_text]<\/p>\n<h4 style=\"text-align: center;\"><strong><span style=\"color: #048c8c;\">DAG<\/span><\/strong><strong><span style=\"color: #048c8c;\"> 7<\/span><\/strong><\/h4>\n<p style=\"text-align: center;\">Efter frukost k\u00f6r vi er till Skellefte\u00e5 Flygplats alternativt J\u00f6rn t\u00e5gstation s\u00e5 ni kan \u00e5ka till Stockholm med massor av underbara minnen!<\/p>\n<p>[\/vc_column_text][\/vc_column_inner][vc_column_inner width=&#8221;1\/2&#8243;][vc_column_text]<\/p>\n<p style=\"text-align: center;\"><strong>Grupp:<\/strong> Fr\u00e5n 2 till 4 personer<br \/>\n<strong>Niv\u00e5: <\/strong>God fysisk kondition<br \/>\n<strong>\u00c5lder:<\/strong> Fr\u00e5n 10 \u00e5r<br \/>\n<strong>Period:<\/strong>\u00a0Fr\u00e5n 1 juni till 31 augusti<\/p>\n<p style=\"text-align: center;\"><a href=\"https:\/\/www.horsesoftaiga.com\/sv\/anvaendbar-information\/datum-och-tillganglighet\/\"><i>H\u00e4r hittar du datum och\u00a0tillg\u00e4nglighet<\/i><\/a><\/p>\n<p style=\"text-align: center;\"><em>Andra datum p\u00e5 beg\u00e4ran<\/em><\/p>\n<p>[\/vc_column_text][\/vc_column_inner][\/vc_row_inner][\/vc_column][\/vc_row]<\/p>\n","protected":false},"excerpt":{"rendered":"<p>[vc_row][vc_column][vc_row_inner][vc_column_inner width=&#8221;1\/2&#8243;][vc_column_text el_class=&#8221;section-header&#8221;] H\u00c4STAR OCH TAJGA 7 dagar &amp; 6 n\u00e4tter [\/vc_column_text][vc_column_text] Detta \u00e4r ett sp\u00e4nnande s\u00e4tt f\u00f6r hela familjen att uppt\u00e4cka Lappland omgiven av djur och natur. I detta sommarprogram erbjuder vi er: Flera olika aktiviteter f\u00f6r att uppt\u00e4cka &hellip; <a href=\"https:\/\/www.horsesoftaiga.com\/sv\/sommar\/haestar-och-tajga\/\">Read More<\/a><\/p>\n","protected":false},"author":2,"featured_media":0,"parent":243,"menu_order":0,"comment_status":"closed","ping_status":"closed","template":"","meta":{"om_disable_all_campaigns":false,"_mi_skip_tracking":false,"_monsterinsights_sitenote_active":false,"_monsterinsights_sitenote_note":"","_monsterinsights_sitenote_category":0,"_uf_show_specific_survey":0,"_uf_disable_surveys":false,"footnotes":""},"aioseo_notices":[],"_links":{"self":[{"href":"https:\/\/www.horsesoftaiga.com\/sv\/wp-json\/wp\/v2\/pages\/239"}],"collection":[{"href":"https:\/\/www.horsesoftaiga.com\/sv\/wp-json\/wp\/v2\/pages"}],"about":[{"href":"https:\/\/www.horsesoftaiga.com\/sv\/wp-json\/wp\/v2\/types\/page"}],"author":[{"embeddable":true,"href":"https:\/\/www.horsesoftaiga.com\/sv\/wp-json\/wp\/v2\/users\/2"}],"replies":[{"embeddable":true,"href":"https:\/\/www.horsesoftaiga.com\/sv\/wp-json\/wp\/v2\/comments?post=239"}],"version-history":[{"count":19,"href":"https:\/\/www.horsesoftaiga.com\/sv\/wp-json\/wp\/v2\/pages\/239\/revisions"}],"predecessor-version":[{"id":3265,"href":"https:\/\/www.horsesoftaiga.com\/sv\/wp-json\/wp\/v2\/pages\/239\/revisions\/3265"}],"up":[{"embeddable":true,"href":"https:\/\/www.horsesoftaiga.com\/sv\/wp-json\/wp\/v2\/pages\/243"}],"wp:attachment":[{"href":"https:\/\/www.horsesoftaiga.com\/sv\/wp-json\/wp\/v2\/media?parent=239"}],"curies":[{"name":"wp","href":"https:\/\/api.w.org\/{rel}","templated":true}]}}