{"id":235,"date":"2016-11-03T13:33:29","date_gmt":"2016-11-03T12:33:29","guid":{"rendered":"http:\/\/www.horsesoftaiga.com\/sv\/?page_id=235"},"modified":"2026-03-28T14:32:15","modified_gmt":"2026-03-28T13:32:15","slug":"tipsinfoerdittbesok","status":"publish","type":"page","link":"https:\/\/www.horsesoftaiga.com\/sv\/anvaendbar-information\/tipsinfoerdittbesok\/","title":{"rendered":"Tips inf\u00f6r ditt bes\u00f6k"},"content":{"rendered":"<p>[vc_row][vc_column][vc_row_inner css=&#8221;.vc_custom_1488030927484{margin-bottom: 20px !important;}&#8221;][vc_column_inner][vc_column_text]<\/p>\n<div class=\"section-header col-xs-12 centered\">\n<h1 style=\"text-align: center;\">TIPS INF\u00d6R DITT BES\u00d6K<\/h1>\n<p style=\"text-align: center;\">\n<\/div>\n<p>[\/vc_column_text][\/vc_column_inner][\/vc_row_inner][vc_row_inner][vc_column_inner][vc_column_text]<\/p>\n<h4 style=\"text-align: center;\"><strong><span style=\"color: #048c8c;\">Boende i n\u00e4rheten<\/span><\/strong><\/h4>\n<p>[\/vc_column_text][vc_column_text]<\/p>\n<p style=\"text-align: center;\">Vill du rida med oss \u200b\u200boch beh\u00f6ver hitta boende i omr\u00e5det? Vi har trevliga partners som kan erbjuda dig allt du beh\u00f6ver.<\/p>\n<p>&nbsp;<\/p>\n<p><a href=\"https:\/\/knutespensionat.com\/\">Knutes Pensionat<\/a> &#8211; 2,5 km fr\u00e5n oss<\/p>\n<p>Knutes \u00e4r ett litet pensionat alldeles vid Skellefte\u00e4lven med \u00e5tta rum, gemensamt k\u00f6k och matsal, samt en elbastu i k\u00e4llaren.<\/p>\n<p>&nbsp;<\/p>\n<p><a href=\"https:\/\/www.lapland-adventures.com\/\">Lapland Adventures<\/a> &#8211; 25 km fr\u00e5n oss<\/p>\n<p>P\u00e5 deras lilla g\u00e5rd v\u00e4lkomnar v\u00e5ra v\u00e4nner Jenny och Basti dig till deras campingplats om du reser med egen husbil eller husvagn, i deras mysiga timmerstuga eller i deras g\u00e4sthus. P\u00e5 plats kan du ocks\u00e5 njuta av roliga aktiviteter med deras sl\u00e4dhundar, \u00e5ret runt.<\/p>\n<p>&nbsp;<\/p>\n<p><a href=\"https:\/\/rannudden.com\/\">R\u00e4nnuddens Camping<\/a> &#8211; 25 km fr\u00e5n oss<\/p>\n<p>Med sex stugor med hotellstandard f\u00f6r sj\u00e4lvhush\u00e5ll, tre sj\u00e4lvhush\u00e5llsstugor samt nio traditionella campingstugor samt gott om plats f\u00f6r husvagnar, husbilar och t\u00e4ltplatser kan R\u00e4nnuddens camping v\u00e4lkomma dig \u00e5ret runt.[\/vc_column_text][\/vc_column_inner][\/vc_row_inner][vc_row_inner][vc_column_inner][vc_column_text]<\/p>\n<h4 style=\"text-align: center;\"><strong><span style=\"color: #048c8c;\">Hur man f\u00f6rbereder sig inf\u00f6r en resa till Norrland<\/span><\/strong><\/h4>\n<p>[\/vc_column_text][\/vc_column_inner][\/vc_row_inner][vc_row_inner][vc_column_inner width=&#8221;1\/2&#8243;][vc_column_text]<\/p>\n<h4 style=\"text-align: center;\"><strong><span style=\"color: #048c8c;\">\u2026\u00a0vintertid<\/span><\/strong><\/h4>\n<p style=\"text-align: justify;\">Vinter i Norrland \u00e4r ganska p\u00e5frestande f\u00f6r kroppen. D\u00e4rf\u00f6r rekommenderar vi att ni \u00e4r i god fysisk kondition d\u00e5 ni kommer hit. F\u00f6r att vandra, rida och leka utomhus vid temperaturer fr\u00e5n -10 till -30 grader med mycket kl\u00e4der b\u00f6r hj\u00e4rtat vara f\u00f6rberett och man beh\u00f6ver vara i god kondition.<\/p>\n<p style=\"text-align: justify;\">Barn m\u00e5ste absolut vara varmt kl\u00e4dda och kan kanske inte vara utomhus en hel dag om det \u00e4r v\u00e4ldigt kallt ute.<\/p>\n<p>[\/vc_column_text][\/vc_column_inner][vc_column_inner width=&#8221;1\/2&#8243;][vc_column_text]<\/p>\n<h4 style=\"text-align: center;\"><strong><span style=\"color: #048c8c;\">&#8230; sommartid<\/span><\/strong><\/h4>\n<p style=\"text-align: justify;\">Under sommaren \u00e4r temperaturen i vanliga fall ganska sk\u00f6n h\u00e4rikring fr\u00e5n 15 till 25 grader i snitt. Men ni b\u00f6r \u00e4nd\u00e5 vara f\u00f6rberedda p\u00e5 alla m\u00f6jliga v\u00e4der; stark sol, vind, regn\u2026<br \/>\nFr\u00e5n juni till mitten av augusti \u00e4r insekterna vakna. N\u00e4r vi \u00e4r i skogen \u00e4r det bra att vara f\u00f6rberedd f\u00f6r ett par myggbett. Men med l\u00e5ng\u00e4rmat och myggspray \u00e4r det inget problem.<\/p>\n<p>[\/vc_column_text][\/vc_column_inner][\/vc_row_inner][vc_row_inner][vc_column_inner][vc_column_text]<\/p>\n<h3 style=\"text-align: center;\"><strong><span style=\"color: #048c8c;\">Bra att ta med<\/span><\/strong><\/h3>\n<p>[\/vc_column_text][\/vc_column_inner][\/vc_row_inner][vc_row_inner][vc_column_inner width=&#8221;1\/3&#8243;][vc_column_text]<\/p>\n<h4 style=\"text-align: center; font-size: 15px;\"><strong><span style=\"color: #048c8c;\">F\u00f6r alla ridturer rekommenderar vi att packa ner<\/span><\/strong><\/h4>\n<ul>\n<li>Ridbyxor<\/li>\n<li>Ridskor som \u00e4ven \u00e4r bekv\u00e4ma att vandra i<\/li>\n<li>Varma strumpor<\/li>\n<li>Bra ridhandskar<\/li>\n<li>Pannband och\/eller m\u00f6ssa<\/li>\n<li>Tr\u00f6ja och\/eller fleece<\/li>\n<li>Badkl\u00e4der<\/li>\n<li>Inneskor och innekl\u00e4der<\/li>\n<li>En vind och vattent\u00e4t jacka<\/li>\n<li>En pannlampa<\/li>\n<li>Solglas\u00f6gon<\/li>\n<\/ul>\n<p>[\/vc_column_text][\/vc_column_inner][vc_column_inner width=&#8221;1\/3&#8243;][vc_column_text]<\/p>\n<h4 style=\"text-align: center; font-size: 15px;\"><strong><span style=\"color: #048c8c;\">F\u00f6r vintern rekommenderar vi<\/span><\/strong><\/h4>\n<ul>\n<li>Bra underst\u00e4ll (merinoull t ex)<\/li>\n<li>Raggsockar och varma handskar<\/li>\n<li>Underhandskar f\u00f6r ridning (Vi f\u00f6rser er med handskar att ha ovanp\u00e5)<\/li>\n<li>Termobyxor stora nog att rida i<\/li>\n<li>Ett tunt men varmt pannband eller m\u00f6ssa att ha under hj\u00e4lmen<\/li>\n<\/ul>\n<p>[\/vc_column_text][\/vc_column_inner][vc_column_inner width=&#8221;1\/3&#8243;][vc_column_text]<\/p>\n<h4 style=\"text-align: center; font-size: 15px;\"><strong><span style=\"color: #048c8c;\">Under sommaren kanske ni ocks\u00e5 beh\u00f6ver packa<\/span><\/strong><\/h4>\n<ul>\n<li>Solkr\u00e4m<\/li>\n<li>Myggspray<\/li>\n<\/ul>\n<p>[\/vc_column_text][\/vc_column_inner][\/vc_row_inner][\/vc_column][\/vc_row]<\/p>\n","protected":false},"excerpt":{"rendered":"<p>[vc_row][vc_column][vc_row_inner css=&#8221;.vc_custom_1488030927484{margin-bottom: 20px !important;}&#8221;][vc_column_inner][vc_column_text] TIPS INF\u00d6R DITT BES\u00d6K [\/vc_column_text][\/vc_column_inner][\/vc_row_inner][vc_row_inner][vc_column_inner][vc_column_text] Boende i n\u00e4rheten [\/vc_column_text][vc_column_text] Vill du rida med oss \u200b\u200boch beh\u00f6ver hitta boende i omr\u00e5det? Vi har trevliga partners som kan erbjuda dig allt du beh\u00f6ver. &nbsp; Knutes Pensionat &#8211; 2,5 &hellip; <a href=\"https:\/\/www.horsesoftaiga.com\/sv\/anvaendbar-information\/tipsinfoerdittbesok\/\">Read More<\/a><\/p>\n","protected":false},"author":2,"featured_media":0,"parent":227,"menu_order":0,"comment_status":"closed","ping_status":"closed","template":"","meta":{"om_disable_all_campaigns":false,"_mi_skip_tracking":false,"_monsterinsights_sitenote_active":false,"_monsterinsights_sitenote_note":"","_monsterinsights_sitenote_category":0,"_uf_show_specific_survey":0,"_uf_disable_surveys":false,"footnotes":""},"aioseo_notices":[],"_links":{"self":[{"href":"https:\/\/www.horsesoftaiga.com\/sv\/wp-json\/wp\/v2\/pages\/235"}],"collection":[{"href":"https:\/\/www.horsesoftaiga.com\/sv\/wp-json\/wp\/v2\/pages"}],"about":[{"href":"https:\/\/www.horsesoftaiga.com\/sv\/wp-json\/wp\/v2\/types\/page"}],"author":[{"embeddable":true,"href":"https:\/\/www.horsesoftaiga.com\/sv\/wp-json\/wp\/v2\/users\/2"}],"replies":[{"embeddable":true,"href":"https:\/\/www.horsesoftaiga.com\/sv\/wp-json\/wp\/v2\/comments?post=235"}],"version-history":[{"count":9,"href":"https:\/\/www.horsesoftaiga.com\/sv\/wp-json\/wp\/v2\/pages\/235\/revisions"}],"predecessor-version":[{"id":5113,"href":"https:\/\/www.horsesoftaiga.com\/sv\/wp-json\/wp\/v2\/pages\/235\/revisions\/5113"}],"up":[{"embeddable":true,"href":"https:\/\/www.horsesoftaiga.com\/sv\/wp-json\/wp\/v2\/pages\/227"}],"wp:attachment":[{"href":"https:\/\/www.horsesoftaiga.com\/sv\/wp-json\/wp\/v2\/media?parent=235"}],"curies":[{"name":"wp","href":"https:\/\/api.w.org\/{rel}","templated":true}]}}