{"id":231,"date":"2016-11-03T13:32:54","date_gmt":"2016-11-03T12:32:54","guid":{"rendered":"http:\/\/www.horsesoftaiga.com\/sv\/?page_id=231"},"modified":"2024-07-18T14:16:52","modified_gmt":"2024-07-18T12:16:52","slug":"bokningsvillkor","status":"publish","type":"page","link":"https:\/\/www.horsesoftaiga.com\/sv\/anvaendbar-information\/bokningsvillkor\/","title":{"rendered":"Bokningsvillkor"},"content":{"rendered":"<p>[vc_row][vc_column][vc_row_inner][vc_column_inner][vc_column_text]<\/p>\n<div class=\"section-header col-xs-12 centered\">\n<h1 style=\"text-align: center;\">BOKNINGSVILLKOR<\/h1>\n<p style=\"text-align: center;\">\n<\/div>\n<p>[\/vc_column_text][\/vc_column_inner][\/vc_row_inner][vc_column_text]<\/p>\n<p style=\"text-align: justify;\"><span style=\"color: #048c8c;\"><strong>Priser<\/strong><\/span><\/p>\n<p>Priserna garanteras efter full betalning har gjorts.<\/p>\n<p style=\"text-align: justify;\"><span style=\"color: #048c8c;\"><strong>Antal deltagare<\/strong><\/span><\/p>\n<p>Bokningen g\u00f6rs f\u00f6r ett visst antal deltagare och vi anpassar v\u00e5ra bokningar enligt det.<br \/>\nRidturen debiteras enligt antalet deltagare som n\u00e4mns p\u00e5 bokningen. Vid f\u00e4rre deltagare kan fakturering anpassas till r\u00e4tt antal deltagare om vi f\u00e5r veta det nya antalet minst 48 timmar i f\u00f6rv\u00e4g f\u00f6r en kort tur eller 30 dagar i f\u00f6rv\u00e4g f\u00f6r en l\u00e5ngtur. Vid fler deltagare, kommer faktureringen att anpassas automatiskt.<\/p>\n<p style=\"text-align: justify;\"><span style=\"color: #048c8c;\"><strong>Bokning och avbokning f\u00f6r korta turer (fr\u00e5n 1 timme till 1 dag)<\/strong><\/span><\/p>\n<p>V\u00e4nligen kontakta oss via telefon eller e-post f\u00f6r att kontrollera tillg\u00e4nglighet f\u00f6r datum och tid f\u00f6r ditt val och f\u00f6r bokning. F\u00f6r bokningar med kort varsel (avf\u00e4rd mindre \u00e4n 48 timmar) ring oss. Vi kontaktar dig via e-post eller telefon f\u00f6r att bekr\u00e4fta \u00f6nskad tid och datum f\u00f6r avg\u00e5ng eller f\u00f6resl\u00e5 alternativ. Vi kan be dig om ett kreditkortsnummer som f\u00f6rs\u00e4kring av betalning.<br \/>\nUpp till 48 timmar f\u00f6re avresan, kan du avboka din korta ridturen gratis. Om du avbokar inom 48 timmar, tillkommer fulla avgifter.<\/p>\n<p>Om du avbokar inom 48 timmar p\u00e5 grund av sjukdom kr\u00e4vs ett l\u00e4karintyg.<\/p>\n<p style=\"text-align: justify;\"><span style=\"color: #048c8c;\"><strong>Bokning och avbokning f\u00f6r l\u00e5nga turer (2 dagar och l\u00e4ngre)<\/strong><\/span><\/p>\n<p>V\u00e4nligen kontakta oss via telefon eller e-post f\u00f6r att kontrollera tillg\u00e4nglighet f\u00f6r datum och tid f\u00f6r ditt val och f\u00f6r bokning.<br \/>\nN\u00e4r ni har beslutat att delta i tur och vi har kommit \u00f6verens om detaljerna, ombeds ni att s\u00e4kra er bokning genom att ge en handpenning p\u00e5 20% f\u00f6r att boka din plats i turen. Balansen beror senast 30 dagar f\u00f6re den avtalade avf\u00e4rd.<br \/>\nHorses of Taiga f\u00f6rbeh\u00e5ller sig r\u00e4tten att \u00e4ndra turer och resv\u00e4gar p\u00e5 grund av v\u00e4der eller v\u00e4gf\u00f6rh\u00e5llanden. Alla program kan \u00e4ndras eller avbrytas n\u00e4r som helst under resan f\u00f6r att s\u00e4kerst\u00e4lla s\u00e4kerheten f\u00f6r kunderna och personalen. Vid avbokning fr\u00e5n oss, kommer du att \u00e5terbetalas den kostnad som du redan har betalat.<br \/>\nVid avbokning fr\u00e5n dig, beh\u00e5ller vi bekr\u00e4ftelseavgiften 20% som avbokningsavgift om resan st\u00e4lls in inom 30 dagar f\u00f6re avf\u00e4rd. Vid avbokning mellan 15 och 30 dagar f\u00f6re avg\u00e5ng, kommer 50% av den totala kostnaden beh\u00e5llas. Vid avbokning mindre \u00e4n 15 dagar f\u00f6re avg\u00e5ng tur, kommer ingen \u00e5terbetalning att g\u00f6ras.<\/p>\n<p style=\"text-align: justify;\"><span style=\"color: #048c8c;\"><strong>Ansvar<\/strong><\/span><\/p>\n<p>Horses of Taiga f\u00f6rbeh\u00e5ller sig r\u00e4tten att \u00e4ndra: v\u00e4gar; resv\u00e4gar; eller tidtabeller utan f\u00f6rvarning, om n\u00f6dv\u00e4ndgt. Vi f\u00f6rbeh\u00e5ller oss r\u00e4tten att avbest\u00e4lla resan eller utesluta enskilda ryttare om vi anser att det \u00e4r i personens eller gruppens b\u00e4sta intresse. Inget ansvar accepteras f\u00f6r f\u00f6rlust eller utgifter p\u00e5 grund av f\u00f6rseningar eller f\u00f6r\u00e4ndringar i ankomst eller avvikelser av flyg eller andra tj\u00e4nster, skada, sjukdom, olycka, strejk, v\u00e5rdsl\u00f6shet, v\u00e4der, krig eller andra orsaker utanf\u00f6r v\u00e5r kontroll. Alla s\u00e5dana f\u00f6rluster och kostnader \u00e4r det personliga ansvaret f\u00f6r den resande. Den ber\u00e4knade varaktighet f\u00f6r turerna som indikeras av km eller timtid kan \u00e4ndras beroende p\u00e5 v\u00e4g- eller v\u00e4derf\u00f6rh\u00e5llanden.<br \/>\nF\u00f6rs\u00e4kring<br \/>\nHorses of Taiga har yrkesf\u00f6rs\u00e4kring . Men vi rekommenderar \u00e4nd\u00e5 alla v\u00e5ra kunder att ha resef\u00f6rs\u00e4kring.<\/p>\n<p style=\"text-align: justify;\"><span style=\"color: #048c8c;\"><strong>F\u00f6rs\u00e4kring<\/strong><\/span><\/p>\n<p>Horses of Taiga har yrkesf\u00f6rs\u00e4kring . Men vi rekommenderar \u00e4nd\u00e5 alla v\u00e5ra kunder att ha resef\u00f6rs\u00e4kring.<\/p>\n<p><span style=\"color: #048c8c;\"><strong>Resegaranti<\/strong><\/span><\/p>\n<div id=\"svid12_515559e0169d8db0332b56c\" class=\"sv-text-portlet sv-use-margins\">\n<div class=\"sv-text-portlet-content\">\n<p id=\"h-ViharordnatresegarantihosKammarkollegiet\" class=\"kam-h2\">Vi har resegaranti hos Kammarkollegiet, via ett f\u00f6rs\u00e4kringsbolag. Det betyder att du kan f\u00e5 ers\u00e4ttning om din resa blir inst\u00e4lld eller avbruten om vi skulle drabbas av insolvens.<\/p>\n<\/div>\n<\/div>\n<p><span style=\"color: #048c8c;\"><strong>Tillg\u00e4nglighetsanpassning<\/strong><\/span><\/p>\n<p>V\u00e5ra faciliteter och aktiviteter \u00e4r inte tillg\u00e4nglihetsanpassade. Kontakta oss i f\u00f6rv\u00e4g s\u00e5 att vi kan diskutera m\u00f6jliga l\u00f6sningar.<\/p>\n<p><span style=\"color: #048c8c;\"><b>Samarbetspartner<\/b><\/span><\/p>\n<p>F\u00f6ljande aktiviteter tillhandah\u00e5lls av professionella partners: m\u00f6te med renar, hundspann och hundvandring. Vi v\u00e4ljer v\u00e5ra partners noggrant och kan garantera kvaliteten p\u00e5 deras arbete.<\/p>\n<p style=\"text-align: justify;\"><span style=\"color: #048c8c;\"><strong>Ryttarens vikt<\/strong><\/span><\/p>\n<p>Observera att tyngdgr\u00e4nsen f\u00f6r v\u00e5ra h\u00e4star \u00e4r 90 kg.<\/p>\n<p><span style=\"color: #048c8c;\"><strong>Minimi\u00e5lder<\/strong><\/span><\/p>\n<p>Varje ridtur har sin egen minimi\u00e5lder, specificerad p\u00e5 turens sida.<\/p>\n<p>F\u00f6r v\u00e5ra korta turer b\u00f6r barn under 15 \u00e5r \u00e5tf\u00f6ljas av minst en vuxen. F\u00f6r flerdagarssemester b\u00f6r en vuxen f\u00f6lja med barn under 18 \u00e5r.<\/p>\n<p><span style=\"color: #048c8c;\"><strong>K\u00f6ldgr\u00e4ns<\/strong><\/span><\/p>\n<p>Vi anpassar v\u00e5ra turer efter v\u00e4der och temperatur. Mellan -25 och -30 f\u00f6rkortas turerna till 1 timme. Under -30 inst\u00e4llts alla ridturer.[\/vc_column_text][\/vc_column][\/vc_row]<\/p>\n","protected":false},"excerpt":{"rendered":"<p>[vc_row][vc_column][vc_row_inner][vc_column_inner][vc_column_text] BOKNINGSVILLKOR [\/vc_column_text][\/vc_column_inner][\/vc_row_inner][vc_column_text] Priser Priserna garanteras efter full betalning har gjorts. Antal deltagare Bokningen g\u00f6rs f\u00f6r ett visst antal deltagare och vi anpassar v\u00e5ra bokningar enligt det. Ridturen debiteras enligt antalet deltagare som n\u00e4mns p\u00e5 bokningen. Vid f\u00e4rre deltagare kan &hellip; <a href=\"https:\/\/www.horsesoftaiga.com\/sv\/anvaendbar-information\/bokningsvillkor\/\">Read More<\/a><\/p>\n","protected":false},"author":2,"featured_media":0,"parent":227,"menu_order":0,"comment_status":"closed","ping_status":"closed","template":"","meta":{"om_disable_all_campaigns":false,"_mi_skip_tracking":false,"_monsterinsights_sitenote_active":false,"_monsterinsights_sitenote_note":"","_monsterinsights_sitenote_category":0,"_uf_show_specific_survey":0,"_uf_disable_surveys":false,"footnotes":""},"aioseo_notices":[],"_links":{"self":[{"href":"https:\/\/www.horsesoftaiga.com\/sv\/wp-json\/wp\/v2\/pages\/231"}],"collection":[{"href":"https:\/\/www.horsesoftaiga.com\/sv\/wp-json\/wp\/v2\/pages"}],"about":[{"href":"https:\/\/www.horsesoftaiga.com\/sv\/wp-json\/wp\/v2\/types\/page"}],"author":[{"embeddable":true,"href":"https:\/\/www.horsesoftaiga.com\/sv\/wp-json\/wp\/v2\/users\/2"}],"replies":[{"embeddable":true,"href":"https:\/\/www.horsesoftaiga.com\/sv\/wp-json\/wp\/v2\/comments?post=231"}],"version-history":[{"count":20,"href":"https:\/\/www.horsesoftaiga.com\/sv\/wp-json\/wp\/v2\/pages\/231\/revisions"}],"predecessor-version":[{"id":4726,"href":"https:\/\/www.horsesoftaiga.com\/sv\/wp-json\/wp\/v2\/pages\/231\/revisions\/4726"}],"up":[{"embeddable":true,"href":"https:\/\/www.horsesoftaiga.com\/sv\/wp-json\/wp\/v2\/pages\/227"}],"wp:attachment":[{"href":"https:\/\/www.horsesoftaiga.com\/sv\/wp-json\/wp\/v2\/media?parent=231"}],"curies":[{"name":"wp","href":"https:\/\/api.w.org\/{rel}","templated":true}]}}