{"id":223,"date":"2016-11-03T13:32:01","date_gmt":"2016-11-03T12:32:01","guid":{"rendered":"http:\/\/www.horsesoftaiga.com\/sv\/?page_id=223"},"modified":"2021-04-21T18:17:17","modified_gmt":"2021-04-21T16:17:17","slug":"logi","status":"publish","type":"page","link":"https:\/\/www.horsesoftaiga.com\/sv\/logi\/","title":{"rendered":"Logi"},"content":{"rendered":"<p>[vc_row][vc_column][vc_row_inner css=&#8221;.vc_custom_1488038000275{margin-bottom: 30px !important;}&#8221;][vc_column_inner][vc_column_text]<\/p>\n<div class=\"section-header col-xs-12 centered\">\n<h1>LOGI<\/h1>\n<p>&nbsp;<\/p>\n<\/div>\n<p>[\/vc_column_text][\/vc_column_inner][\/vc_row_inner][vc_empty_space][\/vc_column][\/vc_row][vc_row][vc_column][vc_text_separator title=&#8221;Vinter&#8221;][\/vc_column][\/vc_row][vc_row][vc_column width=&#8221;2\/3&#8243;][vc_column_text]P\u00e5 vintern kommer det huvudsakliga boende att vara den gamla skolan i Svansele, v\u00e5r by.<\/p>\n<p>Ni sover i ett delat fyrb\u00e4ddsrum, med tv\u00e5 v\u00e5ningss\u00e4ngar, i bagarstugan bredvid skolan.<\/p>\n<p>WC och dusch ligger i den gamla skolans huvudbyggnad, bara 20 meter fr\u00e5n rummet men \u00f6ver g\u00e5rden. Det \u00e4r ocks\u00e5 i denna byggnad frukost och middag serveras.[\/vc_column_text][vc_row_inner][vc_column_inner width=&#8221;1\/2&#8243;][vc_single_image image=&#8221;2659&#8243; img_size=&#8221;full&#8221;][\/vc_column_inner][vc_column_inner width=&#8221;1\/2&#8243;][vc_single_image image=&#8221;2660&#8243; img_size=&#8221;full&#8221;][\/vc_column_inner][\/vc_row_inner][\/vc_column][vc_column width=&#8221;1\/3&#8243;][vc_single_image image=&#8221;2658&#8243; img_size=&#8221;full&#8221;][\/vc_column][\/vc_row][vc_row][vc_column][vc_empty_space][\/vc_column][\/vc_row][vc_row][vc_column][vc_text_separator title=&#8221;Sommar&#8221;][\/vc_column][\/vc_row][vc_row][vc_column width=&#8221;1\/3&#8243;][vc_single_image image=&#8221;2924&#8243; img_size=&#8221;full&#8221;][\/vc_column][vc_column width=&#8221;2\/3&#8243;][vc_column_text]P\u00e5 sommaren \u00e4r ert huvudsakliga boende en mysig stuga i mitten av Svansele, cirka 2 km fr\u00e5n g\u00e5rden. Utsikten p\u00e5 Skellefte\u00e4lven \u00e4r utm\u00e4rk!<\/p>\n<p>Huvudstugan har ett dubbelrum, ett vardagsrum och ett k\u00f6k, badrummet. Ett andra dubbelrum finns i en mindre stuga just bredvid.<\/p>\n<p>Dusch och toalett finns i en tredje stuga, bara n\u00e5gra meter fr\u00e5n huvuddelen.[\/vc_column_text][vc_row_inner][vc_column_inner width=&#8221;1\/3&#8243;][vc_single_image image=&#8221;2925&#8243; img_size=&#8221;full&#8221;][\/vc_column_inner][vc_column_inner width=&#8221;1\/3&#8243;][vc_single_image image=&#8221;2926&#8243; img_size=&#8221;full&#8221;][\/vc_column_inner][vc_column_inner width=&#8221;1\/3&#8243;][vc_single_image image=&#8221;2927&#8243; img_size=&#8221;full&#8221;][\/vc_column_inner][\/vc_row_inner][\/vc_column][\/vc_row][vc_row][vc_column][vc_empty_space][vc_text_separator title=&#8221;Vildmarkskamper&#8221;][\/vc_column][\/vc_row][vc_row][vc_column width=&#8221;2\/3&#8243;][vc_column_text]Under flera dagars turer tillbringar vi en eller flera n\u00e4tter i vildmarkscamper. Dessa l\u00e4ger best\u00e5r av mycket enkelt boende, utan el eller rinnande vatten.<\/p>\n<p>D\u00e4r kan du njuta av naturen och dess lugn. Vi tar vatten fr\u00e5n sj\u00f6n \/ floden och lagar mat \u00f6ver en \u00f6ppen eld medan h\u00e4starna vilar i en hage just bredvid oss.<\/p>\n<p>Vissa av v\u00e5ra l\u00e4ger har en bastu d\u00e4r du kan v\u00e4rma och tv\u00e4tta dig lite efter en l\u00e5ng riddag.[\/vc_column_text][vc_row_inner][vc_column_inner width=&#8221;1\/3&#8243;][vc_single_image image=&#8221;2683&#8243; img_size=&#8221;full&#8221;][\/vc_column_inner][vc_column_inner width=&#8221;1\/3&#8243;][vc_single_image image=&#8221;2666&#8243; img_size=&#8221;full&#8221;][\/vc_column_inner][vc_column_inner width=&#8221;1\/3&#8243;][vc_single_image image=&#8221;2665&#8243; img_size=&#8221;full&#8221;][\/vc_column_inner][\/vc_row_inner][\/vc_column][vc_column width=&#8221;1\/3&#8243;][vc_single_image image=&#8221;2684&#8243; img_size=&#8221;full&#8221;][\/vc_column][\/vc_row]<\/p>\n","protected":false},"excerpt":{"rendered":"<p>[vc_row][vc_column][vc_row_inner css=&#8221;.vc_custom_1488038000275{margin-bottom: 30px !important;}&#8221;][vc_column_inner][vc_column_text] LOGI &nbsp; [\/vc_column_text][\/vc_column_inner][\/vc_row_inner][vc_empty_space][\/vc_column][\/vc_row][vc_row][vc_column][vc_text_separator title=&#8221;Vinter&#8221;][\/vc_column][\/vc_row][vc_row][vc_column width=&#8221;2\/3&#8243;][vc_column_text]P\u00e5 vintern kommer det huvudsakliga boende att vara den gamla skolan i Svansele, v\u00e5r by. Ni sover i ett delat fyrb\u00e4ddsrum, med tv\u00e5 v\u00e5ningss\u00e4ngar, i bagarstugan bredvid skolan. WC och dusch ligger &hellip; <a href=\"https:\/\/www.horsesoftaiga.com\/sv\/logi\/\">Read More<\/a><\/p>\n","protected":false},"author":2,"featured_media":0,"parent":0,"menu_order":11,"comment_status":"closed","ping_status":"closed","template":"","meta":{"om_disable_all_campaigns":false,"_mi_skip_tracking":false,"_monsterinsights_sitenote_active":false,"_monsterinsights_sitenote_note":"","_monsterinsights_sitenote_category":0,"_uf_show_specific_survey":0,"_uf_disable_surveys":false,"footnotes":""},"aioseo_notices":[],"_links":{"self":[{"href":"https:\/\/www.horsesoftaiga.com\/sv\/wp-json\/wp\/v2\/pages\/223"}],"collection":[{"href":"https:\/\/www.horsesoftaiga.com\/sv\/wp-json\/wp\/v2\/pages"}],"about":[{"href":"https:\/\/www.horsesoftaiga.com\/sv\/wp-json\/wp\/v2\/types\/page"}],"author":[{"embeddable":true,"href":"https:\/\/www.horsesoftaiga.com\/sv\/wp-json\/wp\/v2\/users\/2"}],"replies":[{"embeddable":true,"href":"https:\/\/www.horsesoftaiga.com\/sv\/wp-json\/wp\/v2\/comments?post=223"}],"version-history":[{"count":9,"href":"https:\/\/www.horsesoftaiga.com\/sv\/wp-json\/wp\/v2\/pages\/223\/revisions"}],"predecessor-version":[{"id":3489,"href":"https:\/\/www.horsesoftaiga.com\/sv\/wp-json\/wp\/v2\/pages\/223\/revisions\/3489"}],"wp:attachment":[{"href":"https:\/\/www.horsesoftaiga.com\/sv\/wp-json\/wp\/v2\/media?parent=223"}],"curies":[{"name":"wp","href":"https:\/\/api.w.org\/{rel}","templated":true}]}}