{"id":215,"date":"2016-11-03T13:30:57","date_gmt":"2016-11-03T12:30:57","guid":{"rendered":"http:\/\/www.horsesoftaiga.com\/sv\/?page_id=215"},"modified":"2025-07-17T11:48:00","modified_gmt":"2025-07-17T09:48:00","slug":"familjetur","status":"publish","type":"page","link":"https:\/\/www.horsesoftaiga.com\/sv\/sommar\/familjetur\/","title":{"rendered":"Familjeritt"},"content":{"rendered":"<p>[vc_row][vc_column][vc_row_inner][vc_column_inner width=&#8221;1\/2&#8243;][vc_column_text el_class=&#8221;section-header&#8221;]<\/p>\n<div class=\"section-header col-xs-12 centered\">\n<h2 style=\"text-align: center;\">FAMILJERITT<\/h2>\n<p style=\"text-align: center;\">\n<\/div>\n<p>[\/vc_column_text][vc_column_text]<\/p>\n<p style=\"text-align: left;\">En trevlig tur f\u00f6r hela familjen oavsett om du \u00e4r nyb\u00f6rjare eller h\u00e4st\u00e4lskare.<\/p>\n<p style=\"text-align: left;\">N\u00e4r alla har f\u00e5tt sin utrustning kommer du att l\u00e4ra dig hur du f\u00f6rbereder din h\u00e4st f\u00f6r ridturen: borsta, kratsa hovarna, sadla\u2026 N\u00e4r alla h\u00e4star \u00e4r redo kommer din guide att ge dig sina instruktioner f\u00f6r ridturen och att hj\u00e4lpa dig att sitta upp din h\u00e4st. Sedan rider vi i 1 timme i skogen! V\u00e5ra varsamma h\u00e4star leder er genom skogarna kring v\u00e5r g\u00e5rd. Ni f\u00e5r \u00e4ven rida l\u00e4ngs Svansele Damm\u00e4ngars naturreservat d\u00e4r man f\u00f6rr i tiden uppfann ett s\u00e4tt att anv\u00e4nda vatten och is f\u00f6r att g\u00f6dsla, vattna och rensa \u00e4ngarna.<\/p>\n<p>[\/vc_column_text][\/vc_column_inner][vc_column_inner width=&#8221;1\/2&#8243;][vc_images_carousel images=&#8221;3795,1415,1774,2488,2312&#8243; img_size=&#8221;600&#215;400&#8243; speed=&#8221;4000&#8243; autoplay=&#8221;yes&#8221; hide_pagination_control=&#8221;yes&#8221; wrap=&#8221;yes&#8221;][\/vc_column_inner][\/vc_row_inner][vc_column_text]<\/p>\n<p style=\"text-align: center;\"><strong>L\u00e4ngd :<\/strong> <strong>2 timmar<\/strong>\u00a0(1 timme till h\u00e4st)<br \/>\n<strong>Niv\u00e5 :<\/strong> f\u00f6r alla<br \/>\n<strong>\u00c5lder :<\/strong> fr\u00e5n 6 \u00e5r<br \/>\n<strong>Antal g\u00e4ster\u00a0:<\/strong> fr\u00e5n 2 till 5<br \/>\n<strong>Pris : 650 kr per person <\/strong>(+31,20kr bokningsavgift)<\/p>\n<p>[\/vc_column_text][\/vc_column][\/vc_row][vc_row][vc_column][vc_column_text]<\/p>\n<p style=\"text-align: center;\"><em>Du f\u00e5r l\u00e5na hj\u00e4lm p\u00e5 plats.<\/em><\/p>\n<p style=\"text-align: center;\"><em>Max vikt: 90 kg<\/em><\/p>\n<p style=\"text-align: center;\"><strong><em>Observera: tiden vi ger er vid bokning \u00e4r tiden vi m\u00f6ts p\u00e5 g\u00e5rden. <\/em><\/strong><strong><em>F\u00f6r resten och v\u00e4lbefinnande av v\u00e5ra h\u00e4star och team ber vi er att inte komma f\u00f6r tidigt innan turen.<\/em><\/strong><\/p>\n<p>[\/vc_column_text][vc_btn title=&#8221;BOKA&#8221; style=&#8221;outline&#8221; color=&#8221;peacoc&#8221; size=&#8221;lg&#8221; align=&#8221;center&#8221; link=&#8221;url:https%3A%2F%2Ffareharbor.com%2Fembeds%2Fbook%2Fhorsesoftaiga%2Fitems%2F354586%2F%3Fflow%3D680113|title:BOKA||&#8221;][\/vc_column][\/vc_row]<\/p>\n","protected":false},"excerpt":{"rendered":"<p>[vc_row][vc_column][vc_row_inner][vc_column_inner width=&#8221;1\/2&#8243;][vc_column_text el_class=&#8221;section-header&#8221;] FAMILJERITT [\/vc_column_text][vc_column_text] En trevlig tur f\u00f6r hela familjen oavsett om du \u00e4r nyb\u00f6rjare eller h\u00e4st\u00e4lskare. N\u00e4r alla har f\u00e5tt sin utrustning kommer du att l\u00e4ra dig hur du f\u00f6rbereder din h\u00e4st f\u00f6r ridturen: borsta, kratsa hovarna, sadla\u2026 &hellip; <a href=\"https:\/\/www.horsesoftaiga.com\/sv\/sommar\/familjetur\/\">Read More<\/a><\/p>\n","protected":false},"author":2,"featured_media":0,"parent":243,"menu_order":0,"comment_status":"closed","ping_status":"closed","template":"","meta":{"om_disable_all_campaigns":false,"_mi_skip_tracking":false,"_monsterinsights_sitenote_active":false,"_monsterinsights_sitenote_note":"","_monsterinsights_sitenote_category":0,"_uf_show_specific_survey":0,"_uf_disable_surveys":false,"footnotes":""},"aioseo_notices":[],"_links":{"self":[{"href":"https:\/\/www.horsesoftaiga.com\/sv\/wp-json\/wp\/v2\/pages\/215"}],"collection":[{"href":"https:\/\/www.horsesoftaiga.com\/sv\/wp-json\/wp\/v2\/pages"}],"about":[{"href":"https:\/\/www.horsesoftaiga.com\/sv\/wp-json\/wp\/v2\/types\/page"}],"author":[{"embeddable":true,"href":"https:\/\/www.horsesoftaiga.com\/sv\/wp-json\/wp\/v2\/users\/2"}],"replies":[{"embeddable":true,"href":"https:\/\/www.horsesoftaiga.com\/sv\/wp-json\/wp\/v2\/comments?post=215"}],"version-history":[{"count":32,"href":"https:\/\/www.horsesoftaiga.com\/sv\/wp-json\/wp\/v2\/pages\/215\/revisions"}],"predecessor-version":[{"id":4972,"href":"https:\/\/www.horsesoftaiga.com\/sv\/wp-json\/wp\/v2\/pages\/215\/revisions\/4972"}],"up":[{"embeddable":true,"href":"https:\/\/www.horsesoftaiga.com\/sv\/wp-json\/wp\/v2\/pages\/243"}],"wp:attachment":[{"href":"https:\/\/www.horsesoftaiga.com\/sv\/wp-json\/wp\/v2\/media?parent=215"}],"curies":[{"name":"wp","href":"https:\/\/api.w.org\/{rel}","templated":true}]}}