{"id":207,"date":"2016-11-03T13:29:53","date_gmt":"2016-11-03T12:29:53","guid":{"rendered":"http:\/\/www.horsesoftaiga.com\/sv\/?page_id=207"},"modified":"2025-03-12T16:15:03","modified_gmt":"2025-03-12T15:15:03","slug":"haestarna","status":"publish","type":"page","link":"https:\/\/www.horsesoftaiga.com\/sv\/om-oss\/haestarna\/","title":{"rendered":"H\u00e4starna"},"content":{"rendered":"<p>[vc_row][vc_column][vc_row_inner][vc_column_inner css=&#8221;.vc_custom_1488104165764{margin-bottom: 25px !important;}&#8221;][vc_column_text]<\/p>\n<div class=\"section-header col-xs-12 centered\">\n<h1 style=\"text-align: center;\">V\u00c5RA ISLANDSH\u00c4STAR<\/h1>\n<\/div>\n<p>[\/vc_column_text][\/vc_column_inner][vc_column_inner][vc_column_text]<\/p>\n<p style=\"text-align: center;\">En liten flock islandsh\u00e4star som lever utomhus \u00e5ret runt p\u00e5 v\u00e5r g\u00e5rd. Var och en har sin egen personlighet.<\/p>\n<p style=\"text-align: center;\">Alla v\u00e5ra h\u00e4star \u00e4r barfota och rids utan bett. Allt s\u00e5 naturligt och s\u00e5 bekv\u00e4mt som m\u00f6jligt f\u00f6r v\u00e5ra b\u00e4sta v\u00e4nner!<\/p>\n<p>[\/vc_column_text][\/vc_column_inner][\/vc_row_inner][vc_row_inner][vc_column_inner width=&#8221;1\/2&#8243;][vc_column_text]<\/p>\n<h4 style=\"text-align: center;\"><strong><span style=\"color: #048c8c;\">Allsvi\u00f0ur, alias Allfie<\/span><\/strong><\/h4>\n<p style=\"text-align: center;\">Sn\u00e4ll och fram\u00e5t, Alffie tar alltid g\u00e4rna med dig till skogen!<\/p>\n<p>[\/vc_column_text][vc_single_image image=&#8221;4065&#8243; img_size=&#8221;560&#215;370&#8243;][\/vc_column_inner][vc_column_inner width=&#8221;1\/2&#8243;][vc_column_text]<\/p>\n<h4 style=\"text-align: center;\"><strong><span style=\"color: #048c8c;\">Skuttull, alias Skutte<\/span><\/strong><\/h4>\n<p style=\"text-align: center;\">\u00a0Lugn och lekfull, Skutte \u00e4r v\u00e5r \u00e4ldsta. Han \u00e4r allas bra kompis.<\/p>\n<p>[\/vc_column_text][vc_single_image image=&#8221;4066&#8243; img_size=&#8221;560&#215;370&#8243;][\/vc_column_inner][\/vc_row_inner][vc_row_inner][vc_column_inner][vc_separator color=&#8221;custom&#8221; accent_color=&#8221;#048c8c&#8221;][\/vc_column_inner][\/vc_row_inner][vc_row_inner][vc_column_inner width=&#8221;1\/3&#8243;][vc_column_text]<\/p>\n<h4 style=\"text-align: center;\"><strong><span style=\"color: #048c8c;\">S\u00f3lfari<\/span><\/strong><\/h4>\n<p style=\"text-align: center;\">Skojig och gosig, ingen kan motst\u00e5 honom!<\/p>\n<p>[\/vc_column_text][vc_single_image image=&#8221;4070&#8243; img_size=&#8221;560&#215;370&#8243; style=&#8221;vc_box_rounded&#8221; onclick=&#8221;link_image&#8221;][\/vc_column_inner][vc_column_inner width=&#8221;1\/3&#8243;][vc_column_text]<\/p>\n<h4 style=\"text-align: center;\"><strong><span style=\"color: #048c8c;\">Le\u00f3<\/span><\/strong><\/h4>\n<div class=\"wpb_text_column wpb_content_element \">\n<div class=\"wpb_wrapper\">\n<p style=\"text-align: center;\">Lugn och s\u00e4ker, detta snygg valack vet sitt jobb!<\/p>\n<\/div>\n<\/div>\n<p>[\/vc_column_text][vc_single_image image=&#8221;4067&#8243; img_size=&#8221;560&#215;370&#8243; style=&#8221;vc_box_rounded&#8221; onclick=&#8221;link_image&#8221;][\/vc_column_inner][vc_column_inner width=&#8221;1\/3&#8243;][vc_column_text]<\/p>\n<h4 style=\"text-align: center;\"><strong><span style=\"color: #048c8c;\">M\u00e1na<\/span><\/strong><\/h4>\n<div class=\"wpb_text_column wpb_content_element \">\n<div class=\"wpb_wrapper\">\n<p style=\"text-align: center;\">Ett litet sto med mycket energi!<\/p>\n<\/div>\n<\/div>\n<p>[\/vc_column_text][vc_single_image image=&#8221;2334&#8243; img_size=&#8221;560&#215;370&#8243; style=&#8221;vc_box_rounded&#8221; onclick=&#8221;link_image&#8221;][\/vc_column_inner][\/vc_row_inner][vc_separator color=&#8221;peacoc&#8221;][\/vc_column][\/vc_row][vc_row][vc_column width=&#8221;1\/3&#8243;][vc_column_text]<\/p>\n<h4 style=\"text-align: center;\"><strong><span style=\"color: #048c8c;\">Bj\u00f6rg<\/span><\/strong><\/h4>\n<div class=\"tlid-results-container results-container\">\n<div class=\"tlid-result result-dict-wrapper\">\n<div class=\"result tlid-copy-target\">\n<div class=\"text-wrap tlid-copy-target\">\n<div class=\"result-shield-container tlid-copy-target\" tabindex=\"0\"><\/div>\n<\/div>\n<\/div>\n<\/div>\n<\/div>\n<p style=\"text-align: center;\">Modig och sn\u00e4ll, Bj\u00f6rg kommer alltid att ta sin ryttare fram\u00e5t.<\/p>\n<p>[\/vc_column_text][vc_single_image image=&#8221;4891&#8243; img_size=&#8221;560&#215;370&#8243;][\/vc_column][vc_column width=&#8221;1\/3&#8243;][vc_column_text]<\/p>\n<h4 style=\"text-align: center;\"><strong><span style=\"color: #048c8c;\">\u00de\u00f3rey<\/span><\/strong><\/h4>\n<p style=\"text-align: center;\">Den yngsta av v\u00e5ra turh\u00e4star. En s\u00f6t energiboll som ocks\u00e5 \u00e4lskar mys!<\/p>\n<p>[\/vc_column_text][vc_single_image image=&#8221;4641&#8243; img_size=&#8221;560&#215;370&#8243;][\/vc_column][vc_column width=&#8221;1\/3&#8243;][vc_column_text]<\/p>\n<h4 style=\"text-align: center;\"><strong><span style=\"color: #048c8c;\">I\u00f0inn<\/span><\/strong><\/h4>\n<p style=\"text-align: center;\">I\u00f0inn f\u00f6ddes p\u00e5 g\u00e5rden i juli 2019. Alla blir f\u00f6r\u00e4lskad i denna gosiga p\u00e4lsboll!<\/p>\n<p>[\/vc_column_text][vc_single_image image=&#8221;4068&#8243; img_size=&#8221;560&#215;370&#8243;][\/vc_column][\/vc_row]<\/p>\n","protected":false},"excerpt":{"rendered":"<p>[vc_row][vc_column][vc_row_inner][vc_column_inner css=&#8221;.vc_custom_1488104165764{margin-bottom: 25px !important;}&#8221;][vc_column_text] V\u00c5RA ISLANDSH\u00c4STAR [\/vc_column_text][\/vc_column_inner][vc_column_inner][vc_column_text] En liten flock islandsh\u00e4star som lever utomhus \u00e5ret runt p\u00e5 v\u00e5r g\u00e5rd. Var och en har sin egen personlighet. Alla v\u00e5ra h\u00e4star \u00e4r barfota och rids utan bett. Allt s\u00e5 naturligt och s\u00e5 &hellip; <a href=\"https:\/\/www.horsesoftaiga.com\/sv\/om-oss\/haestarna\/\">Read More<\/a><\/p>\n","protected":false},"author":2,"featured_media":0,"parent":199,"menu_order":0,"comment_status":"closed","ping_status":"closed","template":"","meta":{"om_disable_all_campaigns":false,"_mi_skip_tracking":false,"_monsterinsights_sitenote_active":false,"_monsterinsights_sitenote_note":"","_monsterinsights_sitenote_category":0,"_uf_show_specific_survey":0,"_uf_disable_surveys":false,"footnotes":""},"aioseo_notices":[],"_links":{"self":[{"href":"https:\/\/www.horsesoftaiga.com\/sv\/wp-json\/wp\/v2\/pages\/207"}],"collection":[{"href":"https:\/\/www.horsesoftaiga.com\/sv\/wp-json\/wp\/v2\/pages"}],"about":[{"href":"https:\/\/www.horsesoftaiga.com\/sv\/wp-json\/wp\/v2\/types\/page"}],"author":[{"embeddable":true,"href":"https:\/\/www.horsesoftaiga.com\/sv\/wp-json\/wp\/v2\/users\/2"}],"replies":[{"embeddable":true,"href":"https:\/\/www.horsesoftaiga.com\/sv\/wp-json\/wp\/v2\/comments?post=207"}],"version-history":[{"count":29,"href":"https:\/\/www.horsesoftaiga.com\/sv\/wp-json\/wp\/v2\/pages\/207\/revisions"}],"predecessor-version":[{"id":4894,"href":"https:\/\/www.horsesoftaiga.com\/sv\/wp-json\/wp\/v2\/pages\/207\/revisions\/4894"}],"up":[{"embeddable":true,"href":"https:\/\/www.horsesoftaiga.com\/sv\/wp-json\/wp\/v2\/pages\/199"}],"wp:attachment":[{"href":"https:\/\/www.horsesoftaiga.com\/sv\/wp-json\/wp\/v2\/media?parent=207"}],"curies":[{"name":"wp","href":"https:\/\/api.w.org\/{rel}","templated":true}]}}