{"id":203,"date":"2016-11-03T13:29:22","date_gmt":"2016-11-03T12:29:22","guid":{"rendered":"http:\/\/www.horsesoftaiga.com\/sv\/?page_id=203"},"modified":"2023-04-12T10:26:11","modified_gmt":"2023-04-12T08:26:11","slug":"teamet","status":"publish","type":"page","link":"https:\/\/www.horsesoftaiga.com\/sv\/teamet\/","title":{"rendered":"Teamet"},"content":{"rendered":"<p>[vc_row][vc_column width=&#8221;2\/3&#8243;][vc_column_text]<\/p>\n<div class=\"section-header col-xs-12 centered\">\n<h1 style=\"text-align: center;\">TEAMET<\/h1>\n<p style=\"text-align: center;\">\n<\/div>\n<p>&nbsp;<\/p>\n<p style=\"text-align: center;\">Horse lovers, nature addicts, obsessed Earth friends.<\/p>\n<p>&nbsp;<\/p>\n<p style=\"text-align: center;\">Here is a little more about us.<\/p>\n<p>&nbsp;[\/vc_column_text][\/vc_column][vc_column width=&#8221;1\/3&#8243;][vc_single_image image=&#8221;3293&#8243; img_size=&#8221;full&#8221; onclick=&#8221;link_image&#8221;][\/vc_column][\/vc_row][vc_row][vc_column width=&#8221;1\/2&#8243;][vc_text_separator title=&#8221;Floriane&#8221; color=&#8221;custom&#8221; accent_color=&#8221;#048c8c&#8221;][vc_column_text]Jag har alltid gillat h\u00e4star. Jag b\u00f6rjade rida I mitt hemland, Frankrike, n\u00e4r jag var 6 \u00e5r, och rider fortfarande.<br \/>\nMitt f\u00f6rsta jobb vid 16 \u00e5rs \u00e5lder var med h\u00e4star. Jag spenderade mina somrar ridandes och tog hand om h\u00e4star p\u00e5 en ber\u00f6md n\u00f6jespark. Efter studierna fl\u00f6g jag till Finland d\u00e4r jag fann mitt kall i livet, guidning.<br \/>\nEfter att ha guidat ett par vandringar eller bj\u00f6rnobservation i vildmarken b\u00f6rjade jag se det roliga i att visa m\u00e4nniskor det underbara och fina med att vandra i skog och natur. S\u00e5 det var dags att f\u00f6rverkliga en av mina barndomsdr\u00f6mmar, att jobba med sl\u00e4dhundar i Finska Lappland.<br \/>\nEfter en l\u00e5ng vinters\u00e4song, var det dags att f\u00f6rverkliga n\u00e4sta dr\u00f6m. Fortfarande som guide, men denna g\u00e5ng p\u00e5 Island, med h\u00e4star. P\u00e5 s\u00f6dra delen av \u00f6n, uppt\u00e4cker jag den isl\u00e4ndska h\u00e4sten och alla dess egenskaper.<\/p>\n<p>Efter n\u00e5gra \u00e5r flyttade jag till norra Island och jobbade f\u00f6r ett annat turridningsf\u00f6retag, d\u00e4r jag blev stallchef. Ett underbart \u00e4ventyr som i 2016 ledde till ett annat: Sverige och Horses of Taiga![\/vc_column_text][\/vc_column][vc_column width=&#8221;1\/2&#8243;][vc_text_separator title=&#8221;Rianne&#8221; color=&#8221;custom&#8221; accent_color=&#8221;#048c8c&#8221;][vc_column_text]I Nederl\u00e4nderna har h\u00e4star alltid varit min passion. Det kombinerat med min k\u00e4rlek till naturen gjorde turridning den perfekta semestern f\u00f6r mig. Efter en semester i Sverige hos Horses of Taiga beslutade jag att komma och hj\u00e4lpa Flo i en m\u00e5nad, i augusti 2019. Jag tyckte att det var verkligen inte tillr\u00e4ckligt, s\u00e5 jag best\u00e4mde att bara stanna!<\/p>\n<p>Matlagning, k\u00f6rning, trimning av hovar, h\u00e4sttr\u00e4ning\u2026 du kommer att se mig g\u00f6ra lite allt! Och som professionell fysioterapeut kan jag ocks\u00e5 ta hand om dina lilla muskelsm\u00e4rta efter en l\u00e5ng dagsritt om du vill.<\/p>\n<p><em>Jag \u00e4r \u00e4ven djurfotograf. F\u00f6r att veta mer om mitt arbete eller boka en fotosession, se\u00a0<a href=\"http:\/\/rikifotografi.com\/\" target=\"_blank\" rel=\"noopener noreferrer\">Rikifotagrafi.com<\/a><\/em><\/p>\n<p><em>Och om du vill att jag ska komma och ta hand om din h\u00e4sts hovar, hitta <a href=\"https:\/\/www.horsesoftaiga.com\/sv\/hovvard\/\">mer info h\u00e4r<\/a>.<\/em>[\/vc_column_text][\/vc_column][\/vc_row][vc_row][vc_column][vc_masonry_media_grid element_width=&#8221;6&#8243; gap=&#8221;10&#8243; grid_id=&#8221;vc_gid:1681287502066-f58bd23b-b592-2&#8243; include=&#8221;2651,2637&#8243;][\/vc_column][\/vc_row]<\/p>\n","protected":false},"excerpt":{"rendered":"<p>[vc_row][vc_column width=&#8221;2\/3&#8243;][vc_column_text] TEAMET &nbsp; Horse lovers, nature addicts, obsessed Earth friends. &nbsp; Here is a little more about us. &nbsp;[\/vc_column_text][\/vc_column][vc_column width=&#8221;1\/3&#8243;][vc_single_image image=&#8221;3293&#8243; img_size=&#8221;full&#8221; onclick=&#8221;link_image&#8221;][\/vc_column][\/vc_row][vc_row][vc_column width=&#8221;1\/2&#8243;][vc_text_separator title=&#8221;Floriane&#8221; color=&#8221;custom&#8221; accent_color=&#8221;#048c8c&#8221;][vc_column_text]Jag har alltid gillat h\u00e4star. Jag b\u00f6rjade rida I mitt hemland, Frankrike, n\u00e4r &hellip; <a href=\"https:\/\/www.horsesoftaiga.com\/sv\/teamet\/\">Read More<\/a><\/p>\n","protected":false},"author":2,"featured_media":0,"parent":0,"menu_order":2,"comment_status":"closed","ping_status":"closed","template":"","meta":{"om_disable_all_campaigns":false,"_mi_skip_tracking":false,"_monsterinsights_sitenote_active":false,"_monsterinsights_sitenote_note":"","_monsterinsights_sitenote_category":0,"_uf_show_specific_survey":0,"_uf_disable_surveys":false,"footnotes":""},"aioseo_notices":[],"_links":{"self":[{"href":"https:\/\/www.horsesoftaiga.com\/sv\/wp-json\/wp\/v2\/pages\/203"}],"collection":[{"href":"https:\/\/www.horsesoftaiga.com\/sv\/wp-json\/wp\/v2\/pages"}],"about":[{"href":"https:\/\/www.horsesoftaiga.com\/sv\/wp-json\/wp\/v2\/types\/page"}],"author":[{"embeddable":true,"href":"https:\/\/www.horsesoftaiga.com\/sv\/wp-json\/wp\/v2\/users\/2"}],"replies":[{"embeddable":true,"href":"https:\/\/www.horsesoftaiga.com\/sv\/wp-json\/wp\/v2\/comments?post=203"}],"version-history":[{"count":26,"href":"https:\/\/www.horsesoftaiga.com\/sv\/wp-json\/wp\/v2\/pages\/203\/revisions"}],"predecessor-version":[{"id":4270,"href":"https:\/\/www.horsesoftaiga.com\/sv\/wp-json\/wp\/v2\/pages\/203\/revisions\/4270"}],"wp:attachment":[{"href":"https:\/\/www.horsesoftaiga.com\/sv\/wp-json\/wp\/v2\/media?parent=203"}],"curies":[{"name":"wp","href":"https:\/\/api.w.org\/{rel}","templated":true}]}}