{"id":191,"date":"2016-11-03T13:27:49","date_gmt":"2016-11-03T12:27:49","guid":{"rendered":"http:\/\/www.horsesoftaiga.com\/sv\/?page_id=191"},"modified":"2025-11-06T17:49:27","modified_gmt":"2025-11-06T16:49:27","slug":"hem","status":"publish","type":"page","link":"https:\/\/www.horsesoftaiga.com\/sv\/","title":{"rendered":"Hem"},"content":{"rendered":"<p>[vc_row][vc_column][vc_row_inner][vc_column_inner width=&#8221;1\/2&#8243;][vc_column_text]<\/p>\n<div class=\"section-header col-xs-12 centered\">\n<h2 style=\"text-align: center;\">V\u00e4lkommen till oss!<\/h2>\n<\/div>\n<p>[\/vc_column_text][vc_column_text]<\/p>\n<p style=\"text-align: center;\">Sedan 2016 erbjuder Horses of Taiga dig som har en \u00e4ventyrslust att uppt\u00e4cka v\u00e5r underbara norra region, p\u00e5 v\u00e4ltr\u00e4nade islandsh\u00e4star och <a href=\"https:\/\/www.horsesoftaiga.com\/sv\/om-oss\/\">i total respekt f\u00f6r naturen och lokalbefolkningen<\/a>.<\/p>\n<p style=\"text-align: center;\">Bara 20 mil fr\u00e5n polcirkeln, runt om oss kan vi njuta av den rofyllda men \u00e4ven vilda k\u00e4nslan av den svenska Tajgan \u00e4ven k\u00e4nd som den svenska boreala skogen.<\/p>\n<p style=\"text-align: center;\">Det \u00e4r i denna mystiska och tysta terr\u00e4ng som vi erbjuder dig att rida, allt fr\u00e5n en timme till n\u00e5gra dagar.<\/p>\n<p style=\"text-align: center;\">S\u00e5 hoppa upp p\u00e5 en av v\u00e5ra islandsh\u00e4star och haka p\u00e5 v\u00e5rat \u00e4ventyr!<\/p>\n<p>[\/vc_column_text][\/vc_column_inner][vc_column_inner el_class=&#8221;carroussel&#8221; width=&#8221;1\/2&#8243;][vc_empty_space height=&#8221;76px&#8221;][vc_images_carousel images=&#8221;4008,2407,4561,2689,1441,2650,3798,1438,1440,1393,2653&#8243; img_size=&#8221;550&#215;330&#8243; speed=&#8221;4000&#8243; autoplay=&#8221;yes&#8221; hide_pagination_control=&#8221;yes&#8221; wrap=&#8221;yes&#8221; el_class=&#8221;sliders&#8221;][\/vc_column_inner][\/vc_row_inner][\/vc_column][\/vc_row][vc_row equal_height=&#8221;yes&#8221;][vc_column width=&#8221;1\/2&#8243;][vc_btn title=&#8221;SOMMAR &amp; H\u00d6ST&#8221; style=&#8221;outline&#8221; color=&#8221;peacoc&#8221; align=&#8221;center&#8221; button_block=&#8221;true&#8221; link=&#8221;url:http%3A%2F%2Fwww.horsesoftaiga.com%2Fsv%2Fsommar%2F|&#8221;][\/vc_column][vc_column width=&#8221;1\/2&#8243;][vc_btn title=&#8221;VINTER&#8221; style=&#8221;outline&#8221; color=&#8221;peacoc&#8221; align=&#8221;center&#8221; button_block=&#8221;true&#8221; link=&#8221;url:http%3A%2F%2Fwww.horsesoftaiga.com%2Fsv%2Fvinter%2F|&#8221;][\/vc_column][\/vc_row][vc_row][vc_column][vc_empty_space][vc_btn title=&#8221;Fr\u00e5gor? Kontakta oss!&#8221; style=&#8221;classic&#8221; size=&#8221;lg&#8221; align=&#8221;center&#8221; link=&#8221;url:https%3A%2F%2Fwww.horsesoftaiga.com%2Fsv%2Fkontakt%2F|title:Kontakt&#8221;][\/vc_column][\/vc_row]<\/p>\n","protected":false},"excerpt":{"rendered":"<p>[vc_row][vc_column][vc_row_inner][vc_column_inner width=&#8221;1\/2&#8243;][vc_column_text] V\u00e4lkommen till oss! [\/vc_column_text][vc_column_text] Sedan 2016 erbjuder Horses of Taiga dig som har en \u00e4ventyrslust att uppt\u00e4cka v\u00e5r underbara norra region, p\u00e5 v\u00e4ltr\u00e4nade islandsh\u00e4star och i total respekt f\u00f6r naturen och lokalbefolkningen. Bara 20 mil fr\u00e5n polcirkeln, runt &hellip; <a href=\"https:\/\/www.horsesoftaiga.com\/sv\/\">Read More<\/a><\/p>\n","protected":false},"author":2,"featured_media":0,"parent":0,"menu_order":3,"comment_status":"closed","ping_status":"closed","template":"","meta":{"om_disable_all_campaigns":false,"_mi_skip_tracking":false,"_monsterinsights_sitenote_active":false,"_monsterinsights_sitenote_note":"","_monsterinsights_sitenote_category":0,"_uf_show_specific_survey":0,"_uf_disable_surveys":false,"footnotes":""},"aioseo_notices":[],"_links":{"self":[{"href":"https:\/\/www.horsesoftaiga.com\/sv\/wp-json\/wp\/v2\/pages\/191"}],"collection":[{"href":"https:\/\/www.horsesoftaiga.com\/sv\/wp-json\/wp\/v2\/pages"}],"about":[{"href":"https:\/\/www.horsesoftaiga.com\/sv\/wp-json\/wp\/v2\/types\/page"}],"author":[{"embeddable":true,"href":"https:\/\/www.horsesoftaiga.com\/sv\/wp-json\/wp\/v2\/users\/2"}],"replies":[{"embeddable":true,"href":"https:\/\/www.horsesoftaiga.com\/sv\/wp-json\/wp\/v2\/comments?post=191"}],"version-history":[{"count":36,"href":"https:\/\/www.horsesoftaiga.com\/sv\/wp-json\/wp\/v2\/pages\/191\/revisions"}],"predecessor-version":[{"id":5017,"href":"https:\/\/www.horsesoftaiga.com\/sv\/wp-json\/wp\/v2\/pages\/191\/revisions\/5017"}],"wp:attachment":[{"href":"https:\/\/www.horsesoftaiga.com\/sv\/wp-json\/wp\/v2\/media?parent=191"}],"curies":[{"name":"wp","href":"https:\/\/api.w.org\/{rel}","templated":true}]}}