{"id":181,"date":"2016-11-03T13:25:18","date_gmt":"2016-11-03T12:25:18","guid":{"rendered":"http:\/\/www.horsesoftaiga.com\/sv\/?page_id=181"},"modified":"2025-04-17T09:13:13","modified_gmt":"2025-04-17T07:13:13","slug":"haestar-och-sno","status":"publish","type":"page","link":"https:\/\/www.horsesoftaiga.com\/sv\/haestar-och-sno\/","title":{"rendered":"H\u00e4star och sn\u00f6"},"content":{"rendered":"<p>[vc_row][vc_column][vc_row_inner][vc_column_inner width=&#8221;1\/2&#8243;][vc_column_text el_class=&#8221;section-header&#8221;]<\/p>\n<div class=\"section-header col-xs-12 centered\">\n<h2 style=\"text-align: center;\">H\u00e4star och sn\u00f6<\/h2>\n<p style=\"text-align: center;\">6 dagar &amp; 5 n\u00e4tter<\/p>\n<p style=\"text-align: center;\">\n<\/div>\n<p>[\/vc_column_text][vc_column_text]<\/p>\n<div class=\"vc_row wpb_row vc_inner vc_row-fluid\">\n<div class=\"wpb_column vc_column_container vc_col-sm-12\">\n<div class=\"vc_column-inner \">\n<div class=\"wpb_wrapper\">\n<div class=\"wpb_text_column wpb_content_element \">\n<div class=\"wpb_wrapper\">\n<p>H\u00e4r \u00e4r ett magiskt s\u00e4tt att uppt\u00e4cka Norrland omgivet av djur och natur.<\/p>\n<p><strong>Under denna tur erbjuder vi er:<\/strong><\/p>\n<ul>\n<li>Olika aktiviteter f\u00f6r att uppt\u00e4cka den norrl\u00e4ndska skogen: hundsl\u00e4destur, sn\u00f6skor vandring med sl\u00e4dhund, en halvdag med en same och sina renar<\/li>\n<li>3 ridturer inklusive en heldag med lunch i skogen<\/li>\n<li>Lokal och hemlagad mat vid varje m\u00e5ltid<\/li>\n<\/ul>\n<\/div>\n<\/div>\n<\/div>\n<\/div>\n<\/div>\n<\/div>\n<p>[\/vc_column_text][\/vc_column_inner][vc_column_inner width=&#8221;1\/2&#8243;][vc_images_carousel images=&#8221;3037,4099,2304,4898,4100,1818,4076&#8243; img_size=&#8221;600&#215;400&#8243; speed=&#8221;3000&#8243; autoplay=&#8221;yes&#8221; hide_pagination_control=&#8221;yes&#8221; wrap=&#8221;yes&#8221;][\/vc_column_inner][\/vc_row_inner][vc_column_text el_class=&#8221;section-header&#8221;]<\/p>\n<div class=\"section-header col-xs-12 centered\">\n<h2 style=\"text-align: center;\">Program dag f\u00f6r dag<\/h2>\n<p style=\"text-align: center;\">\n<\/div>\n<p>[\/vc_column_text][vc_row_inner][vc_column_inner width=&#8221;1\/3&#8243;][vc_column_text]<\/p>\n<h4 style=\"text-align: center;\"><strong><span style=\"color: #048c8c;\">DAG\u00a01<\/span><\/strong><\/h4>\n<p style=\"text-align: center;\">Ankomst till Skellefte\u00e5 flygplats p\u00e5 eftermiddagen.<\/p>\n<p style=\"text-align: center;\">Vi h\u00e4mtar dig och k\u00f6r dig till ditt boende, den h\u00e4rliga campingen i R\u00e4nnudden.<\/p>\n<p style=\"text-align: center;\">Du bos\u00e4tter dig i din stuga f\u00f6r veckan och tar en avkopplande f\u00f6rsta kv\u00e4ll.<\/p>\n<p style=\"text-align: center;\">Middag serveras i den lilla restaurangen.<\/p>\n<p>[\/vc_column_text][\/vc_column_inner][vc_column_inner width=&#8221;1\/3&#8243;][vc_column_text css=&#8221;.vc_custom_1741081352359{margin-right: 10px !important;margin-left: 10px !important;}&#8221;]<\/p>\n<h4 style=\"text-align: center;\"><strong><span style=\"color: #048c8c;\">DAG\u00a0<\/span><\/strong><strong><span style=\"color: #048c8c;\">2<\/span><\/strong><\/h4>\n<p style=\"text-align: center;\">Vi h\u00e4mtar dig p\u00e5 morgonen f\u00f6r en hel dag p\u00e5 g\u00e5rden. Efter att ha f\u00e5tt all n\u00f6dv\u00e4ndig varma utrustning kommer du att tr\u00e4ffa v\u00e5ra fluffiga islandsh\u00e4star, f\u00f6rbereda dem f\u00f6r ridturen och l\u00e4ra dig lite mer om deras s\u00e4rdrag. N\u00e4r alla \u00e4r redo tar vi direkt riktning mot skogen f\u00f6r en 2-timmars tur. Att t\u00f6lta i sn\u00f6n \u00e4r en unik k\u00e4nsla!<\/p>\n<p style=\"text-align: center;\">Efter ritten kommer du att njuta av en trevlig lunch runt elden, tillagad av de mest lokala produkterna.<\/p>\n<p style=\"text-align: center;\">P\u00e5 eftermiddagen f\u00e5r du knyta an \u00e4nnu mer till din nya fluffiga v\u00e4n tack vare en rolig lekstund p\u00e5 ridbanan. I team m\u00e5ste din h\u00e4st p\u00e5 fri fot f\u00f6rst\u00e5 dina signaler f\u00f6r att g\u00e5 igenom sm\u00e5 utmaningar.<\/p>\n<p style=\"text-align: center;\">Efter en varm drink i k\u00e5tan k\u00f6r vi dig tillbaka till campen d\u00e4r du njuter av en trevlig middag.<\/p>\n<p>[\/vc_column_text][\/vc_column_inner][vc_column_inner width=&#8221;1\/3&#8243;][vc_column_text]<\/p>\n<h4 style=\"text-align: center;\"><strong><span style=\"color: #048c8c;\">DAG\u00a0<\/span><\/strong><strong><span style=\"color: #048c8c;\">3<\/span><\/strong><\/h4>\n<p style=\"text-align: center;\">Idag spenderar du hela dagen med h\u00e4starna! Vi k\u00f6r till g\u00e5rden, h\u00e4mtar h\u00e4starna, packar lunchen i sadelv\u00e4skorna och g\u00f6r i ordning allt f\u00f6r ridturen. Vi rider genom sn\u00f6iga landskap, mellan frusna sj\u00f6ar och f\u00f6rhoppningsvis ser vi n\u00e5gra djur. Renar, \u00e4lgar, r\u00e4var&#8230; man vet aldrig vem vi kan tr\u00e4ffa p\u00e5 v\u00e4gen! Vi stannar till vid en sj\u00f6 f\u00f6r lunch och g\u00f6r upp en v\u00e4rmande brasa. Sedan tar vi v\u00e4gen igen med v\u00e5ra fluffiga f\u00f6ljeslagare.<\/p>\n<p style=\"text-align: center;\">Middag och natt p\u00e5 campen.<\/p>\n<p>[\/vc_column_text][\/vc_column_inner][\/vc_row_inner][vc_row_inner][vc_column_inner width=&#8221;1\/3&#8243;][vc_column_text]<\/p>\n<h4 style=\"text-align: center;\"><strong><span style=\"color: #048c8c;\">DAG\u00a0<\/span><\/strong><strong><span style=\"color: #048c8c;\">4<\/span><\/strong><\/h4>\n<p style=\"text-align: center;\">P\u00e5 morgonen k\u00f6r vi till kenneln i Dragn\u00e4s. D\u00e4r m\u00f6ter du Jenny, Basti och deras sl\u00e4dhundar. De kommer f\u00f6rst att ge dig alla instruktioner f\u00f6r \u00e4ventyret. D\u00e5 f\u00e5r du en sp\u00e4nnande upplevelse: att k\u00f6ra ditt eget hundspann! Du delar sl\u00e4de med en annan deltagare, s\u00e5 alla f\u00e5r prova p\u00e5 att k\u00f6ra s\u00e5v\u00e4l som att sitta i sl\u00e4den.<\/p>\n<p style=\"text-align: center;\">Efter detta sp\u00e4nnande \u00e4ventyr k\u00f6r vi till v\u00e5r v\u00e4n B\u00f6rje, rensk\u00f6tare. Han kommer att servera oss en god varm lunch runt elden och ber\u00e4tta om livet och f\u00f6rf\u00e4dernas seder hos sitt folk, samerna, som en g\u00e5ng var nomader och f\u00e4rdades enligt flockens r\u00f6relser. P\u00e5 eftermiddagen f\u00e5r du chansen att observera renarna p\u00e5 n\u00e4ra h\u00e5ll!<\/p>\n<p style=\"text-align: center;\">Middag och natt p\u00e5 campen.<\/p>\n<p>[\/vc_column_text][\/vc_column_inner][vc_column_inner width=&#8221;1\/3&#8243;][vc_column_text]<\/p>\n<h4 style=\"text-align: center;\"><strong><span style=\"color: #048c8c;\">DAG\u00a0<\/span><\/strong><strong><span style=\"color: #048c8c;\">5<\/span><\/strong><\/h4>\n<p style=\"text-align: center;\">Efter frukost k\u00f6r vi till Jenny och Bastis g\u00e5rd igen f\u00f6r v\u00e5rt n\u00e4sta \u00e4ventyr: en sn\u00f6skovandring i s\u00e4llskap av sl\u00e4dhundar! Det kan vara lite utmanande, men tempot kommer alltid att anpassas efter deltagarna och v\u00e4dret. En trevlig hemlagad lunch kommer att \u00e4ga rum i skogen eller p\u00e5 g\u00e5rden, beroende p\u00e5 temperatur.<\/p>\n<p style=\"text-align: center;\">Senare p\u00e5 eftermiddagen k\u00f6r vi tillbaka till v\u00e5r g\u00e5rd f\u00f6r en ridtur i m\u00e5nsken. Det finns ingen k\u00e4nsla av att rida i m\u00f6rkret och l\u00e5ta din h\u00e4st guida dig genom natten. M\u00e5nskenet, beckm\u00f6rkt eller ibland till och med norrsken&#8230; alla v\u00e4derf\u00f6rh\u00e5llanden g\u00f6r denna upplevelse helt unik!<\/p>\n<p style=\"text-align: center;\">Efter ridturen v\u00e4rmer du upp med en sk\u00f6n vedeldsbastu och en varm middag runt brasan p\u00e5 g\u00e5rden. Vi k\u00f6r dig sedan tillbaka till campen f\u00f6r natten.<\/p>\n<p>[\/vc_column_text][\/vc_column_inner][vc_column_inner width=&#8221;1\/3&#8243;][vc_column_text]<\/p>\n<h4 style=\"text-align: center;\"><strong><span style=\"color: #048c8c;\">DAG 6<\/span><\/strong><\/h4>\n<p style=\"text-align: center;\">Already the last day! After breakfast, we drive you back to Skellefte\u00e5 where you can catch your transport towards home or your next adventure!<\/p>\n<p>[\/vc_column_text][vc_empty_space height=&#8221;128px&#8221;][vc_single_image image=&#8221;4899&#8243; img_size=&#8221;200&#215;150&#8243; alignment=&#8221;center&#8221;][\/vc_column_inner][\/vc_row_inner][vc_row_inner][vc_column_inner width=&#8221;1\/3&#8243;][vc_text_separator title=&#8221;RESAN TILL OSS&#8221; color=&#8221;peacoc&#8221; border_width=&#8221;2&#8243;][vc_column_text]<\/p>\n<p style=\"text-align: center;\">Transfererna \u00e4r planerade till en ankomst kl 15:25 till Skellefte\u00e5 dag 1 (avg\u00e5ng fr\u00e5n Stockholm kl 14:20) och en avg\u00e5ng kl 10:00 fr\u00e5n Skellefte\u00e5 dag 6 (ankomst Stockholm kl 11:10). Du kan boka dina flygbiljetter p\u00e5 <a href=\"https:\/\/www.sas.se\/\">SAS hemsida<\/a>.<\/p>\n<p style=\"text-align: center;\">Du kan ocks\u00e5 ta t\u00e5get till Bastutr\u00e4sk. Meddela oss om du v\u00e4ljer det h\u00e4r alternativet!<\/p>\n<p>[\/vc_column_text][\/vc_column_inner][vc_column_inner width=&#8221;1\/3&#8243;][vc_text_separator title=&#8221;MER INFO&#8221; color=&#8221;peacoc&#8221; border_width=&#8221;2&#8243;][vc_column_text]<\/p>\n<p style=\"text-align: center;\"><strong>Grupp:<\/strong> Fr\u00e5n 2 till 5 personer<br \/>\n<strong>Niv\u00e5: <\/strong>Bekv\u00e4m i alla g\u00e5mgarter och god fysisk kondition kr\u00e4vs<br \/>\n<strong>\u00c5lder:<\/strong> Fr\u00e5n 12 \u00e5r<\/p>\n<p style=\"text-align: center;\"><strong>Max vikt:<\/strong> 85 kg<br \/>\n<strong>Period:<\/strong> fr\u00e5n december till mitten av mars<\/p>\n<p style=\"text-align: center;\"><a href=\"https:\/\/www.horsesoftaiga.com\/sv\/anvaendbar-information\/datum-och-tillganglighet\/\"><i>H\u00e4r hittar du datum och\u00a0tillg\u00e4nglighet<\/i><\/a><\/p>\n<p>[\/vc_column_text][vc_btn title=&#8221;Kontakta oss&#8221; style=&#8221;outline&#8221; color=&#8221;peacoc&#8221; align=&#8221;center&#8221; link=&#8221;url:https%3A%2F%2Fwww.horsesoftaiga.com%2Fsv%2Fkontakt%2F|title:Kontakt&#8221;][\/vc_column_inner][vc_column_inner width=&#8221;1\/3&#8243;][vc_text_separator title=&#8221;DITT BOENDE&#8221; color=&#8221;peacoc&#8221; border_width=&#8221;2&#8243;][vc_column_text]<\/p>\n<p style=\"text-align: center;\">Under hela vistelsen bor du p\u00e5 den h\u00e4rliga campingen R\u00e4nnudden, vid Norsj\u00f6ns strand, cirka 25 minuter fr\u00e5n v\u00e5r g\u00e5rd.<\/p>\n<p style=\"text-align: center;\">Du kommer att dela en 2-personers stuga. Varje stuga har sin egen toalett och dusch. Om ni \u00e4r en grupp p\u00e5 3 personer kan ni till och med best\u00e4mma er att alla ska bo i samma stuga eftersom det finns en enkels\u00e4ng och en dubbels\u00e4ng-soffa.<\/p>\n<p style=\"text-align: center;\">Alla m\u00e5ltider som anges &#8221;p\u00e5 campen&#8221; kommer att serveras i den lilla restaurangen. Middagar best\u00e5r av 2 r\u00e4tter och \u00e4r hemlagade av lokala produkter. Restaurangen har en egen bar d\u00e4r du kan njuta av en drink p\u00e5 kv\u00e4llen.<\/p>\n<p>[\/vc_column_text][\/vc_column_inner][\/vc_row_inner][\/vc_column][\/vc_row]<\/p>\n","protected":false},"excerpt":{"rendered":"<p>[vc_row][vc_column][vc_row_inner][vc_column_inner width=&#8221;1\/2&#8243;][vc_column_text el_class=&#8221;section-header&#8221;] H\u00e4star och sn\u00f6 6 dagar &amp; 5 n\u00e4tter [\/vc_column_text][vc_column_text] H\u00e4r \u00e4r ett magiskt s\u00e4tt att uppt\u00e4cka Norrland omgivet av djur och natur. Under denna tur erbjuder vi er: Olika aktiviteter f\u00f6r att uppt\u00e4cka den norrl\u00e4ndska skogen: hundsl\u00e4destur, &hellip; <a href=\"https:\/\/www.horsesoftaiga.com\/sv\/haestar-och-sno\/\">Read More<\/a><\/p>\n","protected":false},"author":2,"featured_media":0,"parent":0,"menu_order":0,"comment_status":"closed","ping_status":"closed","template":"","meta":{"om_disable_all_campaigns":false,"_mi_skip_tracking":false,"_monsterinsights_sitenote_active":false,"_monsterinsights_sitenote_note":"","_monsterinsights_sitenote_category":0,"_uf_show_specific_survey":0,"_uf_disable_surveys":false,"footnotes":""},"aioseo_notices":[],"_links":{"self":[{"href":"https:\/\/www.horsesoftaiga.com\/sv\/wp-json\/wp\/v2\/pages\/181"}],"collection":[{"href":"https:\/\/www.horsesoftaiga.com\/sv\/wp-json\/wp\/v2\/pages"}],"about":[{"href":"https:\/\/www.horsesoftaiga.com\/sv\/wp-json\/wp\/v2\/types\/page"}],"author":[{"embeddable":true,"href":"https:\/\/www.horsesoftaiga.com\/sv\/wp-json\/wp\/v2\/users\/2"}],"replies":[{"embeddable":true,"href":"https:\/\/www.horsesoftaiga.com\/sv\/wp-json\/wp\/v2\/comments?post=181"}],"version-history":[{"count":31,"href":"https:\/\/www.horsesoftaiga.com\/sv\/wp-json\/wp\/v2\/pages\/181\/revisions"}],"predecessor-version":[{"id":4909,"href":"https:\/\/www.horsesoftaiga.com\/sv\/wp-json\/wp\/v2\/pages\/181\/revisions\/4909"}],"wp:attachment":[{"href":"https:\/\/www.horsesoftaiga.com\/sv\/wp-json\/wp\/v2\/media?parent=181"}],"curies":[{"name":"wp","href":"https:\/\/api.w.org\/{rel}","templated":true}]}}