{"id":179,"date":"2016-11-03T13:24:58","date_gmt":"2016-11-03T12:24:58","guid":{"rendered":"http:\/\/www.horsesoftaiga.com\/sv\/?page_id=179"},"modified":"2022-11-07T09:05:11","modified_gmt":"2022-11-07T08:05:11","slug":"aeventyrlig-vintertur","status":"publish","type":"page","link":"https:\/\/www.horsesoftaiga.com\/sv\/vinter\/aeventyrlig-vintertur\/","title":{"rendered":"\u00c4ventyrlig vintertur"},"content":{"rendered":"<p>[vc_row][vc_column][vc_row_inner][vc_column_inner width=&#8221;1\/2&#8243;][vc_column_text el_class=&#8221;section-header&#8221;]<\/p>\n<div class=\"section-header col-xs-12 centered\">\n<h2 style=\"text-align: center;\">\u00c4ventyrlig vintertur<\/h2>\n<p style=\"text-align: center;\">5 dagar &amp; 4 n\u00e4tter<\/p>\n<p style=\"text-align: center;\">\n<\/div>\n<p>[\/vc_column_text][vc_column_text]Om ditt dr\u00f6m \u00e4r att uppt\u00e4cka m\u00e4ktiga Norrland fr\u00e5n h\u00e4stryggen, d\u00e5 \u00e4r denna turen som gjord f\u00f6r dig!<\/p>\n<p><strong>Under denna tur erbjuder vi er:<\/strong><\/p>\n<ul>\n<li>En riktig \u00e4ventyr med islandsh\u00e4star<\/li>\n<li>2 eller 3 dagar p\u00e5 h\u00e4stryggen<\/li>\n<li>Lokal och traditionell mat vid varje m\u00e5ltid<\/li>\n<\/ul>\n<p>[\/vc_column_text][\/vc_column_inner][vc_column_inner width=&#8221;1\/2&#8243;][vc_images_carousel images=&#8221;3090,2740,4090,4091,1509,4092,1503&#8243; img_size=&#8221;600&#215;400&#8243; speed=&#8221;3000&#8243; autoplay=&#8221;yes&#8221; hide_pagination_control=&#8221;yes&#8221; wrap=&#8221;yes&#8221;][\/vc_column_inner][\/vc_row_inner][vc_column_text el_class=&#8221;section-header&#8221;]<\/p>\n<div class=\"section-header col-xs-12 centered\">\n<h2 style=\"text-align: center;\">Program dag f\u00f6r dag<\/h2>\n<p style=\"text-align: center;\">\n<\/div>\n<p>[\/vc_column_text][vc_row_inner][vc_column_inner width=&#8221;1\/4&#8243;][vc_column_text]<\/p>\n<h4 style=\"text-align: center;\"><strong><span style=\"color: #048c8c;\">DAG 1<\/span><\/strong><\/h4>\n<p style=\"text-align: center;\">Ankomst vid Skellefte\u00e5 Flygplats eller J\u00f6rn t\u00e5g station. Vi h\u00e4mtar er och k\u00f6r er till ert boende.<\/p>\n<p style=\"text-align: center;\"><em>Kom du med t\u00e5g bjuder vi dig p\u00e5 en gratis ridtur p\u00e5 eftermiddag!<\/em><\/p>\n<p style=\"text-align: center;\">Vi ses \u00f6ver en trevlig middag och vi ber\u00e4ttar om de kommande 4 dagarna. \u00d6vernattning i byag\u00e5rden.<\/p>\n<p>[\/vc_column_text][\/vc_column_inner][vc_column_inner width=&#8221;1\/2&#8243;][vc_column_text css=&#8221;.vc_custom_1667808303249{margin-right: 10px !important;margin-left: 10px !important;}&#8221;]<\/p>\n<h4 style=\"text-align: center;\"><strong><span style=\"color: #048c8c;\">DAG\u00a0<\/span><\/strong><strong><span style=\"color: #048c8c;\">2<\/span><\/strong><\/h4>\n<p style=\"text-align: center;\">Frukost p\u00e5 byag\u00e5rden.<br \/>\nUnder f\u00f6rsta dagen f\u00e5r ni tr\u00e4ffa v\u00e5ra nordiska h\u00e4star. Vi introducerar er till v\u00e5ra Islandsh\u00e4star, ber\u00e4tta om deras specificiteter och s\u00e5 f\u00e5r ni l\u00e4ra k\u00e4nna de som kommer vara era f\u00f6ljeslagare under de n\u00e4rmsta dagarna.<br \/>\nUnder eftermiddagen tar vi en kort skogsritt och njuter av de f\u00f6rsta klappande hovarna i den boreala skogen.<br \/>\nMiddag och \u00f6vernattning i byag\u00e5rden.<\/p>\n<p><em>Andra alternativ f\u00f6r denna dag:<\/em><\/p>\n<p style=\"text-align: center;\"><em>Ett bes\u00f6k p\u00e5 en ren g\u00e5rd, d\u00e4r du kommer att l\u00e4ra dig om detta typiska norrl\u00e4nning djur och om det samiska folket. Bastu och isbad is slutet av dagen.<\/em><\/p>\n<p style=\"text-align: center;\"><em>En riktig hundspann upplevelse, under vilken du f\u00e5r chansen att k\u00f6ra ditt eget hundteam genom det sn\u00f6iga landskapet *<\/em><\/p>\n<p><em>*med till\u00e4gg<\/em>[\/vc_column_text][\/vc_column_inner][vc_column_inner width=&#8221;1\/4&#8243;][vc_column_text]<\/p>\n<h4 style=\"text-align: center;\"><strong><span style=\"color: #048c8c;\">DAG\u00a0<\/span><\/strong><strong><span style=\"color: #048c8c;\">3<\/span><\/strong><\/h4>\n<p style=\"text-align: center;\">Frukost p\u00e5 byag\u00e5rden.<br \/>\nIdag ger vi oss ut p\u00e5 ett 2 dagars \u00e4ventyr! Efter frukost tar vi oss till stallet och f\u00f6rbereder v\u00e5ra h\u00e4star f\u00f6r turen. N\u00e4r h\u00e4starna \u00e4r sadlade, lunchen packad och ryttarna varmt kl\u00e4dda b\u00f6rjar vi v\u00e5r l\u00e5nga vildmarksritt. I skogen och kring de frusna sj\u00f6arna\u2026 tar v\u00e5ra varsamma h\u00e4star oss till vackra och fridfulla platser.<br \/>\nEfter turen stannar vi hos v\u00e5ra v\u00e4nner Rolf och Matilda, i Petiktr\u00e4sk, d\u00e4r kocken v\u00e4ntar p\u00e5 oss. Vi tillbringar natten i stugan medan h\u00e4starna f\u00e5r en trevlig vila i ladan.<\/p>\n<p>[\/vc_column_text][\/vc_column_inner][\/vc_row_inner][vc_row_inner][vc_column_inner width=&#8221;1\/3&#8243;][vc_column_text]<\/p>\n<h4 style=\"text-align: center;\"><strong><span style=\"color: #048c8c;\">DAG\u00a0<\/span><\/strong><strong><span style=\"color: #048c8c;\">4<\/span><\/strong><\/h4>\n<p style=\"text-align: center;\">Frukost i stugan. Efter att vi sadlat h\u00e4starna rider vi hem\u00e5t genom myromr\u00e5den och mellan sm\u00e5 frusna sj\u00f6ar.<br \/>\nV\u00e4l hemma igen tackar vi h\u00e4starna f\u00f6r detta \u00e4ventyr och l\u00e5ter de vila i sin hage. \u00c4ven vi \u00e4r v\u00e4lf\u00f6rtj\u00e4nta av lite vila, detta g\u00f6rs med en god middag i g\u00e4sthuset.<br \/>\n\u00d6vernattning I gamla skolan.<\/p>\n<p>[\/vc_column_text][\/vc_column_inner][vc_column_inner width=&#8221;1\/3&#8243;][vc_column_text]<\/p>\n<h4 style=\"text-align: center;\"><strong><span style=\"color: #048c8c;\">DAG\u00a0<\/span><\/strong><strong><span style=\"color: #048c8c;\">5<\/span><\/strong><\/h4>\n<p style=\"text-align: center;\">Efter frukost k\u00f6r vi er till Skellefte\u00e5 Flygplats alternativt J\u00f6rn T\u00e5gstation f\u00f6r er vidareresa.<\/p>\n<p>[\/vc_column_text][\/vc_column_inner][vc_column_inner width=&#8221;1\/3&#8243;][vc_empty_space height=&#8221;16px&#8221;][vc_column_text]<\/p>\n<p style=\"text-align: center;\"><strong>Grupp:<\/strong> Fr\u00e5n 2 till 4 personer<\/p>\n<p style=\"text-align: center;\"><strong>Niv\u00e5: <\/strong>God ridvana och god fysisk kondition kr\u00e4vs<\/p>\n<p style=\"text-align: center;\"><strong>\u00c5lder:<\/strong> Fr\u00e5n 13 \u00e5r<\/p>\n<p style=\"text-align: center;\"><strong>Period:<\/strong>\u00a0Fr\u00e5n december till slutet av mars<\/p>\n<p style=\"text-align: center;\"><a href=\"https:\/\/www.horsesoftaiga.com\/sv\/anvaendbar-information\/datum-och-tillganglighet\/\"><i>H\u00e4r hittar du datum och\u00a0tillg\u00e4nglighet<\/i><\/a><\/p>\n<p style=\"text-align: center;\"><em>Andra datum p\u00e5\u00a0<\/em><i>beg\u00e4ran. B\u00f6rjar p\u00e5 onsdagarna.<\/i><\/p>\n<p>[\/vc_column_text][\/vc_column_inner][\/vc_row_inner][vc_column_text]<\/p>\n<p style=\"text-align: center;\"><em>M\u00f6jlighet finns att anpassa turen efter era \u00f6nskningar, \u00e5lder och antalet deltagare.<\/em><\/p>\n<p>[\/vc_column_text][\/vc_column][\/vc_row]<\/p>\n","protected":false},"excerpt":{"rendered":"<p>[vc_row][vc_column][vc_row_inner][vc_column_inner width=&#8221;1\/2&#8243;][vc_column_text el_class=&#8221;section-header&#8221;] \u00c4ventyrlig vintertur 5 dagar &amp; 4 n\u00e4tter [\/vc_column_text][vc_column_text]Om ditt dr\u00f6m \u00e4r att uppt\u00e4cka m\u00e4ktiga Norrland fr\u00e5n h\u00e4stryggen, d\u00e5 \u00e4r denna turen som gjord f\u00f6r dig! Under denna tur erbjuder vi er: En riktig \u00e4ventyr med islandsh\u00e4star 2 &hellip; <a href=\"https:\/\/www.horsesoftaiga.com\/sv\/vinter\/aeventyrlig-vintertur\/\">Read More<\/a><\/p>\n","protected":false},"author":2,"featured_media":0,"parent":260,"menu_order":0,"comment_status":"closed","ping_status":"closed","template":"","meta":{"om_disable_all_campaigns":false,"_mi_skip_tracking":false,"_monsterinsights_sitenote_active":false,"_monsterinsights_sitenote_note":"","_monsterinsights_sitenote_category":0,"_uf_show_specific_survey":0,"_uf_disable_surveys":false,"footnotes":""},"aioseo_notices":[],"_links":{"self":[{"href":"https:\/\/www.horsesoftaiga.com\/sv\/wp-json\/wp\/v2\/pages\/179"}],"collection":[{"href":"https:\/\/www.horsesoftaiga.com\/sv\/wp-json\/wp\/v2\/pages"}],"about":[{"href":"https:\/\/www.horsesoftaiga.com\/sv\/wp-json\/wp\/v2\/types\/page"}],"author":[{"embeddable":true,"href":"https:\/\/www.horsesoftaiga.com\/sv\/wp-json\/wp\/v2\/users\/2"}],"replies":[{"embeddable":true,"href":"https:\/\/www.horsesoftaiga.com\/sv\/wp-json\/wp\/v2\/comments?post=179"}],"version-history":[{"count":23,"href":"https:\/\/www.horsesoftaiga.com\/sv\/wp-json\/wp\/v2\/pages\/179\/revisions"}],"predecessor-version":[{"id":4144,"href":"https:\/\/www.horsesoftaiga.com\/sv\/wp-json\/wp\/v2\/pages\/179\/revisions\/4144"}],"up":[{"embeddable":true,"href":"https:\/\/www.horsesoftaiga.com\/sv\/wp-json\/wp\/v2\/pages\/260"}],"wp:attachment":[{"href":"https:\/\/www.horsesoftaiga.com\/sv\/wp-json\/wp\/v2\/media?parent=179"}],"curies":[{"name":"wp","href":"https:\/\/api.w.org\/{rel}","templated":true}]}}