{"id":4946,"date":"2025-06-23T14:42:28","date_gmt":"2025-06-23T12:42:28","guid":{"rendered":"https:\/\/www.horsesoftaiga.com\/?page_id=4946\/"},"modified":"2025-11-03T08:59:38","modified_gmt":"2025-11-03T07:59:38","slug":"balade-cavaliers","status":"publish","type":"page","link":"https:\/\/www.horsesoftaiga.com\/fr\/randonnees-ete\/balade-cavaliers\/","title":{"rendered":"Balade des cavaliers"},"content":{"rendered":"<p>[vc_row][vc_column][vc_row_inner][vc_column_inner width=\u00a0\u00bb1\/2&Prime;][vc_column_text el_class=\u00a0\u00bbsection-header\u00a0\u00bb]<\/p>\n<div class=\"section-header col-xs-12 centered\">\n<h2 style=\"text-align: center;\">BALADE DES CAVALIERS<\/h2>\n<p style=\"text-align: center;\">\n<\/div>\n<p>[\/vc_column_text][vc_column_text]<\/p>\n<p style=\"text-align: left;\">Une balade courte pour cavaliers exp\u00e9riment\u00e9s.<br \/>\nUne fois chaque cavalier \u00e9quip\u00e9, vous pr\u00e9parerez votre cheval pour la balade\u00a0: brossage, curage des pieds, selle\u2026 Lorsque tous les chevaux sont pr\u00eats, votre guide vous donne ses instructions pour la balade, vous aide \u00e0 monter \u00e0 cheval, puis c&rsquo;est parti pour environ 1h30 en for\u00eat\u00a0! Nos chevaux vous guideront \u00e0 travers la for\u00eat qui entoure notre ferme. Pas, t\u00f6lt, galop et peut-\u00eatre m\u00eame quelques petits sauts feront partie de l&rsquo;exp\u00e9rience\u00a0!<\/p>\n<p>[\/vc_column_text][\/vc_column_inner][vc_column_inner width=\u00a0\u00bb1\/2&Prime;][vc_images_carousel images=\u00a0\u00bb4458,1415,3795,2488,1774&Prime; img_size=\u00a0\u00bb600&#215;400&Prime; speed=\u00a0\u00bb4000&Prime; autoplay=\u00a0\u00bbyes\u00a0\u00bb hide_pagination_control=\u00a0\u00bbyes\u00a0\u00bb wrap=\u00a0\u00bbyes\u00a0\u00bb][\/vc_column_inner][\/vc_row_inner][\/vc_column][\/vc_row][vc_row][vc_column][vc_column_text]<\/p>\n<p style=\"text-align: center;\"><strong>Dur\u00e9e : 2 heures<\/strong> (1 \u00e0 1,5 heure \u00e0 cheval)<\/p>\n<p style=\"text-align: center;\"><strong>Niveau :<\/strong> cavaliers confortables aux trois allures<\/p>\n<p style=\"text-align: center;\"><strong>\u00c2ge :<\/strong> \u00e0 partir de 7 ans<\/p>\n<p style=\"text-align: center;\"><strong>Groupe\u00a0:<\/strong> de 2 \u00e0 5 personnes<\/p>\n<p style=\"text-align: center;\"><strong>Prix : 650 SEK par personne <\/strong>(+31,20kr de frais de r\u00e9servation)<\/p>\n<p>[\/vc_column_text][\/vc_column][\/vc_row][vc_row][vc_column][vc_column_text]<\/p>\n<p style=\"text-align: center;\"><em>Nous fournissons une bombe \u00e0 tous nos cavaliers.<\/em><\/p>\n<p style=\"text-align: center;\"><em>Poids maximum du cavalier : 85 kg<\/em><\/p>\n<p>[\/vc_column_text][vc_btn title=\u00a0\u00bbR\u00c9SERVER\u00a0\u00bb style=\u00a0\u00bboutline\u00a0\u00bb color=\u00a0\u00bbpeacoc\u00a0\u00bb size=\u00a0\u00bblg\u00a0\u00bb align=\u00a0\u00bbcenter\u00a0\u00bb link=\u00a0\u00bburl:https%3A%2F%2Ffareharbor.com%2Fembeds%2Fbook%2Fhorsesoftaiga%2Fitems%2F646500%2F%3Fflow%3D1033696&Prime;][\/vc_column][\/vc_row]<\/p>\n","protected":false},"excerpt":{"rendered":"<p>[vc_row][vc_column][vc_row_inner][vc_column_inner width=\u00a0\u00bb1\/2&Prime;][vc_column_text el_class=\u00a0\u00bbsection-header\u00a0\u00bb] BALADE DES CAVALIERS [\/vc_column_text][vc_column_text] Une balade courte pour cavaliers exp\u00e9riment\u00e9s. Une fois chaque cavalier \u00e9quip\u00e9, vous pr\u00e9parerez votre cheval pour la balade\u00a0: brossage, curage des pieds, selle\u2026 Lorsque tous les chevaux sont pr\u00eats, votre guide vous donne &hellip; <a href=\"https:\/\/www.horsesoftaiga.com\/fr\/randonnees-ete\/balade-cavaliers\/\">Read More<\/a><\/p>\n","protected":false},"author":5,"featured_media":0,"parent":108,"menu_order":0,"comment_status":"closed","ping_status":"closed","template":"","meta":{"om_disable_all_campaigns":false,"_mi_skip_tracking":false,"_monsterinsights_sitenote_active":false,"_monsterinsights_sitenote_note":"","_monsterinsights_sitenote_category":0,"_uf_show_specific_survey":0,"_uf_disable_surveys":false,"footnotes":""},"aioseo_notices":[],"_links":{"self":[{"href":"https:\/\/www.horsesoftaiga.com\/fr\/wp-json\/wp\/v2\/pages\/4946"}],"collection":[{"href":"https:\/\/www.horsesoftaiga.com\/fr\/wp-json\/wp\/v2\/pages"}],"about":[{"href":"https:\/\/www.horsesoftaiga.com\/fr\/wp-json\/wp\/v2\/types\/page"}],"author":[{"embeddable":true,"href":"https:\/\/www.horsesoftaiga.com\/fr\/wp-json\/wp\/v2\/users\/5"}],"replies":[{"embeddable":true,"href":"https:\/\/www.horsesoftaiga.com\/fr\/wp-json\/wp\/v2\/comments?post=4946"}],"version-history":[{"count":3,"href":"https:\/\/www.horsesoftaiga.com\/fr\/wp-json\/wp\/v2\/pages\/4946\/revisions"}],"predecessor-version":[{"id":4998,"href":"https:\/\/www.horsesoftaiga.com\/fr\/wp-json\/wp\/v2\/pages\/4946\/revisions\/4998"}],"up":[{"embeddable":true,"href":"https:\/\/www.horsesoftaiga.com\/fr\/wp-json\/wp\/v2\/pages\/108"}],"wp:attachment":[{"href":"https:\/\/www.horsesoftaiga.com\/fr\/wp-json\/wp\/v2\/media?parent=4946"}],"curies":[{"name":"wp","href":"https:\/\/api.w.org\/{rel}","templated":true}]}}