{"id":4484,"date":"2023-08-31T10:07:05","date_gmt":"2023-08-31T08:07:05","guid":{"rendered":"https:\/\/www.horsesoftaiga.com\/?page_id=4484\/"},"modified":"2025-11-03T09:54:33","modified_gmt":"2025-11-03T08:54:33","slug":"confort-hiver","status":"publish","type":"page","link":"https:\/\/www.horsesoftaiga.com\/fr\/randonnees-hiver\/confort-hiver\/","title":{"rendered":"Confort de l&rsquo;hiver"},"content":{"rendered":"<p>[vc_row][vc_column][vc_row_inner][vc_column_inner width=\u00a0\u00bb1\/2&Prime;][vc_column_text el_class=\u00a0\u00bbsection-header\u00a0\u00bb]<\/p>\n<div class=\"section-header col-xs-12 centered\">\n<h2 style=\"text-align: center;\">CONFORT DE L&rsquo;HIVER<\/h2>\n<p style=\"text-align: center;\">\n<\/div>\n<p>[\/vc_column_text][vc_column_text]D\u00e9couvrez la sensation unique d&rsquo;\u00eatre \u00e0 cheval dans la neige, puis r\u00e9chauffez-vous avec un bon moment au sauna et un d\u00e9jeuner dans notre k\u00e5ta.<\/p>\n<p>Une fois que chacun aura r\u00e9cup\u00e9r\u00e9 son \u00e9quipement, vous apprendrez \u00e0 pr\u00e9parer votre cheval pour la balade : brossage, curage des pieds, seller\u2026 Lorsque tous les chevaux seront pr\u00eats, votre guide vous donnera ses instructions pour la balade, vous aidera \u00e0 monter sur votre cheval, et puis c&rsquo;est parti pour 1h30 dans la for\u00eat enneig\u00e9e !<\/p>\n<p>Apr\u00e8s la balade et lorsque nos chevaux sont de retour au pr\u00e9 vient le moment de se r\u00e9chauffer et de se d\u00e9tendre gr\u00e2ce au sauna et \u00e0 un bon d\u00e9jeuner autour du feu.[\/vc_column_text][\/vc_column_inner][vc_column_inner width=\u00a0\u00bb1\/2&Prime;][vc_empty_space][vc_images_carousel images=\u00a0\u00bb4486,3798,2757,3037,3229&Prime; img_size=\u00a0\u00bb600&#215;400&Prime; speed=\u00a0\u00bb4000&Prime; autoplay=\u00a0\u00bbyes\u00a0\u00bb hide_pagination_control=\u00a0\u00bbyes\u00a0\u00bb wrap=\u00a0\u00bbyes\u00a0\u00bb][\/vc_column_inner][\/vc_row_inner][\/vc_column][\/vc_row][vc_row][vc_column][vc_column_text]<\/p>\n<p style=\"text-align: center;\"><strong>Dur\u00e9e :<\/strong> <strong>4,5 heures<\/strong>, dont 1,5 heure \u00e0 cheval, pr\u00e9paration des chevaux, sauna et d\u00e9jeuner<\/p>\n<p style=\"text-align: center;\"><strong>Niveau :<\/strong> Bonne condition physique<\/p>\n<p style=\"text-align: center;\"><strong>\u00c2ge :<\/strong> \u00e0 partir de 10 ans<\/p>\n<p style=\"text-align: center;\"><strong>Groupe\u00a0:<\/strong> de 2 \u00e0 5 personnes<\/p>\n<p style=\"text-align: center;\"><strong>Prix : 1 400 SEK par personne<\/strong><\/p>\n<p>[\/vc_column_text][\/vc_column][\/vc_row][vc_row][vc_column][vc_column_text]<\/p>\n<p style=\"text-align: center;\"><em>Nous fournissons bombe, combinaison grand froid et serviette si besoin.<\/em><\/p>\n<p style=\"text-align: center;\"><em>Poids maximum du cavalier : 85 kg \/ Temp\u00e9rature limite : -25\u00b0C<\/em><\/p>\n<p>[\/vc_column_text][vc_btn title=\u00a0\u00bbR\u00c9SERVER\u00a0\u00bb style=\u00a0\u00bboutline\u00a0\u00bb color=\u00a0\u00bbpeacoc\u00a0\u00bb size=\u00a0\u00bblg\u00a0\u00bb align=\u00a0\u00bbcenter\u00a0\u00bb link=\u00a0\u00bburl:https%3A%2F%2Ffareharbor.com%2Fembeds%2Fbook%2Fhorsesoftaiga%2Fitems%2F490521%2F%3Fflow%3D1033695|target:_blank\u00a0\u00bb][\/vc_column][\/vc_row]<\/p>\n","protected":false},"excerpt":{"rendered":"<p>[vc_row][vc_column][vc_row_inner][vc_column_inner width=\u00a0\u00bb1\/2&Prime;][vc_column_text el_class=\u00a0\u00bbsection-header\u00a0\u00bb] CONFORT DE L&rsquo;HIVER [\/vc_column_text][vc_column_text]D\u00e9couvrez la sensation unique d&rsquo;\u00eatre \u00e0 cheval dans la neige, puis r\u00e9chauffez-vous avec un bon moment au sauna et un d\u00e9jeuner dans notre k\u00e5ta. Une fois que chacun aura r\u00e9cup\u00e9r\u00e9 son \u00e9quipement, vous apprendrez &hellip; <a href=\"https:\/\/www.horsesoftaiga.com\/fr\/randonnees-hiver\/confort-hiver\/\">Read More<\/a><\/p>\n","protected":false},"author":5,"featured_media":0,"parent":168,"menu_order":0,"comment_status":"closed","ping_status":"closed","template":"","meta":{"om_disable_all_campaigns":false,"_mi_skip_tracking":false,"_monsterinsights_sitenote_active":false,"_monsterinsights_sitenote_note":"","_monsterinsights_sitenote_category":0,"_uf_show_specific_survey":0,"_uf_disable_surveys":false,"footnotes":""},"aioseo_notices":[],"_links":{"self":[{"href":"https:\/\/www.horsesoftaiga.com\/fr\/wp-json\/wp\/v2\/pages\/4484"}],"collection":[{"href":"https:\/\/www.horsesoftaiga.com\/fr\/wp-json\/wp\/v2\/pages"}],"about":[{"href":"https:\/\/www.horsesoftaiga.com\/fr\/wp-json\/wp\/v2\/types\/page"}],"author":[{"embeddable":true,"href":"https:\/\/www.horsesoftaiga.com\/fr\/wp-json\/wp\/v2\/users\/5"}],"replies":[{"embeddable":true,"href":"https:\/\/www.horsesoftaiga.com\/fr\/wp-json\/wp\/v2\/comments?post=4484"}],"version-history":[{"count":4,"href":"https:\/\/www.horsesoftaiga.com\/fr\/wp-json\/wp\/v2\/pages\/4484\/revisions"}],"predecessor-version":[{"id":5004,"href":"https:\/\/www.horsesoftaiga.com\/fr\/wp-json\/wp\/v2\/pages\/4484\/revisions\/5004"}],"up":[{"embeddable":true,"href":"https:\/\/www.horsesoftaiga.com\/fr\/wp-json\/wp\/v2\/pages\/168"}],"wp:attachment":[{"href":"https:\/\/www.horsesoftaiga.com\/fr\/wp-json\/wp\/v2\/media?parent=4484"}],"curies":[{"name":"wp","href":"https:\/\/api.w.org\/{rel}","templated":true}]}}