{"id":4473,"date":"2023-08-31T09:27:57","date_gmt":"2023-08-31T07:27:57","guid":{"rendered":"https:\/\/www.horsesoftaiga.com\/?page_id=4473\/"},"modified":"2025-11-03T10:03:02","modified_gmt":"2025-11-03T09:03:02","slug":"forets-enneigees","status":"publish","type":"page","link":"https:\/\/www.horsesoftaiga.com\/fr\/randonnees-hiver\/forets-enneigees\/","title":{"rendered":"For\u00eats enneig\u00e9es"},"content":{"rendered":"<p>[vc_row][vc_column][vc_row_inner][vc_column_inner width=\u00a0\u00bb1\/2&Prime;][vc_column_text el_class=\u00a0\u00bbsection-header\u00a0\u00bb]<\/p>\n<div class=\"section-header col-xs-12 centered\">\n<h2 style=\"text-align: center;\">FOR\u00caTS ENNEIG\u00c9ES<\/h2>\n<p style=\"text-align: center;\">\n<\/div>\n<p>[\/vc_column_text][vc_column_text]Une exp\u00e9rience d\u2019une demi-journ\u00e9e pour tous ceux qui s\u2019int\u00e9ressent au cheval islandais et au mode de vie du nord de la Su\u00e8de. Apr\u00e8s que chacun a r\u00e9cup\u00e9r\u00e9 son \u00e9quipement, vous apprendrez \u00e0 pr\u00e9parer votre cheval pour la balade : brossage, curer les pieds, seller\u2026 Lorsque tous les chevaux sont pr\u00eats, votre guide vous donne ses instructions pour la balade et vous aide \u00e0 monter votre cheval. Puis c\u2019est parti pour 2 heures en for\u00eat ! Nos petits chevaux vous conduisent le long de la r\u00e9serve naturelle (Svansele Damm\u00e4ngar naturreservat), o\u00f9 dans le pass\u00e9, les agriculteurs ont invent\u00e9 un moyen d\u2019utiliser la glace et l\u2019eau pour irriguer, fertiliser et nettoyer les prairies. Sentir le cheval marcher au milieu des pins, t\u00f6lter dans la neige\u2026 une belle exp\u00e9rience pour les aventuriers !<\/p>\n<p>Apr\u00e8s la balade et lorsque nos chevaux sont de retour au pr\u00e9, nous nous retrouvons autour du feu \u00e0 la ferme pour un bon d\u00e9jeuner.[\/vc_column_text][\/vc_column_inner][vc_column_inner width=\u00a0\u00bb1\/2&Prime;][vc_empty_space][vc_images_carousel images=\u00a0\u00bb3094,4476,3802,4475,3131&Prime; img_size=\u00a0\u00bb600&#215;400&Prime; speed=\u00a0\u00bb4000&Prime; autoplay=\u00a0\u00bbyes\u00a0\u00bb hide_pagination_control=\u00a0\u00bbyes\u00a0\u00bb wrap=\u00a0\u00bbyes\u00a0\u00bb][\/vc_column_inner][\/vc_row_inner][\/vc_column][\/vc_row][vc_row][vc_column][vc_column_text]<\/p>\n<p style=\"text-align: center;\"><strong>Dur\u00e9e :<\/strong>\u00a0<strong>4 heures,<\/strong> dont 2 heures \u00e0 cheval, pr\u00e9paration des chevaux et d\u00e9jeuner<\/p>\n<p style=\"text-align: center;\"><strong>Niveau :<\/strong> Bonne condition physique<\/p>\n<p style=\"text-align: center;\"><strong>\u00c2ge : <\/strong>\u00e0 partir de 9 ans<\/p>\n<p style=\"text-align: center;\"><strong>Groupe :<\/strong> de 2 \u00e0 5 personnes<\/p>\n<p style=\"text-align: center;\"><strong>Prix: 1 200 SEK<\/strong> par persone, d\u00e9jeuner inclus<\/p>\n<p style=\"text-align: center;\"><em>Poids maximum du cavalier : 85 kg \/ Temp\u00e9rature limite : -25\u00b0C<\/em><\/p>\n<p style=\"text-align: center;\"><em>Nous fournissons une bombe et une combinaison grand froid si besoin.<\/em><\/p>\n<p>[\/vc_column_text][vc_btn title=\u00a0\u00bbR\u00c9SERVER\u00a0\u00bb style=\u00a0\u00bboutline\u00a0\u00bb color=\u00a0\u00bbpeacoc\u00a0\u00bb size=\u00a0\u00bblg\u00a0\u00bb align=\u00a0\u00bbcenter\u00a0\u00bb link=\u00a0\u00bburl:https%3A%2F%2Ffareharbor.com%2Fembeds%2Fbook%2Fhorsesoftaiga%2Fitems%2F490449%2F%3Ffull-items%3Dno%26flow%3D680113|title:Book%20Now|target:_blank\u00a0\u00bb][\/vc_column][\/vc_row]<\/p>\n","protected":false},"excerpt":{"rendered":"<p>[vc_row][vc_column][vc_row_inner][vc_column_inner width=\u00a0\u00bb1\/2&Prime;][vc_column_text el_class=\u00a0\u00bbsection-header\u00a0\u00bb] FOR\u00caTS ENNEIG\u00c9ES [\/vc_column_text][vc_column_text]Une exp\u00e9rience d\u2019une demi-journ\u00e9e pour tous ceux qui s\u2019int\u00e9ressent au cheval islandais et au mode de vie du nord de la Su\u00e8de. Apr\u00e8s que chacun a r\u00e9cup\u00e9r\u00e9 son \u00e9quipement, vous apprendrez \u00e0 pr\u00e9parer votre cheval &hellip; <a href=\"https:\/\/www.horsesoftaiga.com\/fr\/randonnees-hiver\/forets-enneigees\/\">Read More<\/a><\/p>\n","protected":false},"author":5,"featured_media":0,"parent":168,"menu_order":0,"comment_status":"closed","ping_status":"closed","template":"","meta":{"om_disable_all_campaigns":false,"_mi_skip_tracking":false,"_monsterinsights_sitenote_active":false,"_monsterinsights_sitenote_note":"","_monsterinsights_sitenote_category":0,"_uf_show_specific_survey":0,"_uf_disable_surveys":false,"footnotes":""},"aioseo_notices":[],"_links":{"self":[{"href":"https:\/\/www.horsesoftaiga.com\/fr\/wp-json\/wp\/v2\/pages\/4473"}],"collection":[{"href":"https:\/\/www.horsesoftaiga.com\/fr\/wp-json\/wp\/v2\/pages"}],"about":[{"href":"https:\/\/www.horsesoftaiga.com\/fr\/wp-json\/wp\/v2\/types\/page"}],"author":[{"embeddable":true,"href":"https:\/\/www.horsesoftaiga.com\/fr\/wp-json\/wp\/v2\/users\/5"}],"replies":[{"embeddable":true,"href":"https:\/\/www.horsesoftaiga.com\/fr\/wp-json\/wp\/v2\/comments?post=4473"}],"version-history":[{"count":5,"href":"https:\/\/www.horsesoftaiga.com\/fr\/wp-json\/wp\/v2\/pages\/4473\/revisions"}],"predecessor-version":[{"id":5009,"href":"https:\/\/www.horsesoftaiga.com\/fr\/wp-json\/wp\/v2\/pages\/4473\/revisions\/5009"}],"up":[{"embeddable":true,"href":"https:\/\/www.horsesoftaiga.com\/fr\/wp-json\/wp\/v2\/pages\/168"}],"wp:attachment":[{"href":"https:\/\/www.horsesoftaiga.com\/fr\/wp-json\/wp\/v2\/media?parent=4473"}],"curies":[{"name":"wp","href":"https:\/\/api.w.org\/{rel}","templated":true}]}}