{"id":4437,"date":"2023-08-29T12:16:44","date_gmt":"2023-08-29T10:16:44","guid":{"rendered":"https:\/\/www.horsesoftaiga.com\/?page_id=4437\/"},"modified":"2024-09-27T17:13:18","modified_gmt":"2024-09-27T15:13:18","slug":"aventure-hivernale","status":"publish","type":"page","link":"https:\/\/www.horsesoftaiga.com\/fr\/randonnees-hiver\/aventure-hivernale\/","title":{"rendered":"Aventure hivernale"},"content":{"rendered":"<p>[vc_row][vc_column][vc_row_inner][vc_column_inner width=\u00a0\u00bb1\/2&Prime;][vc_column_text el_class=\u00a0\u00bbsection-header\u00a0\u00bb]<\/p>\n<div class=\"section-header col-xs-12 centered\">\n<h2 style=\"text-align: center;\">Aventure hivernale<\/h2>\n<p style=\"text-align: center;\">\n<\/div>\n<p>[\/vc_column_text][vc_column_text]<\/p>\n<p style=\"text-align: justify;\">C\u2019est parti pour une journ\u00e9e d\u2019aventure ! Apr\u00e8s avoir fait connaissance avec votre nouveau meilleur ami et l\u2019avoir pr\u00e9par\u00e9, nous montons et entrons directement dans la for\u00eat bor\u00e9ale couverte de neige. Au cours de la journ\u00e9e vous aurez l\u2019occasion de d\u00e9couvrir les sp\u00e9cificit\u00e9s de la Laponie : sa faune, sa flore et son ambiance particuli\u00e8re. Pour notre d\u00e9jeuner, nous ferons une pause dans la for\u00eat, o\u00f9 les chevaux pourront se reposer pendant que nous profitons de produits simples cuisin\u00e9s au feu de bois.<\/p>\n<p style=\"text-align: justify;\">Rien de mieux que de d\u00e9couvrir la ta\u00efga sur le dos d\u2019un solide cheval islandais aux quatre allures !<\/p>\n<p>[\/vc_column_text][\/vc_column_inner][vc_column_inner width=\u00a0\u00bb1\/2&Prime;][vc_empty_space][vc_images_carousel images=\u00a0\u00bb3095,1488,1487&Prime; img_size=\u00a0\u00bb600&#215;400&Prime; speed=\u00a0\u00bb4000&Prime; autoplay=\u00a0\u00bbyes\u00a0\u00bb hide_pagination_control=\u00a0\u00bbyes\u00a0\u00bb wrap=\u00a0\u00bbyes\u00a0\u00bb][\/vc_column_inner][\/vc_row_inner][\/vc_column][\/vc_row][vc_row][vc_column][vc_column_text]<\/p>\n<p style=\"text-align: center;\"><strong>Dur\u00e9e :<\/strong> <strong>6 heures<\/strong>, dont 4 heures \u00e0 cheval<br \/>\n<strong>Niveau :<\/strong> Cavaliers \u00e0 l\u2019aise aux trois allures. Bonne condition physique demand\u00e9e.<br \/>\n<strong>\u00c2ge :<\/strong> \u00e0 partir de 11 ans<br \/>\n<strong>Groupe\u00a0:<\/strong> de 2 \u00e0 5 personnes<br \/>\n<strong>Prix : 1 800 SEK<\/strong> par personne, d\u00e9jeuner compris<\/p>\n<p style=\"text-align: center;\"><em>Nous fournissons bombe et combinaison grand froid si besoin.<\/em><\/p>\n<p style=\"text-align: center;\"><em>Poids maximum du cavalier : 85 kg \/ Temp\u00e9rature limite : -20\u00b0C<\/em><\/p>\n<p>[\/vc_column_text][vc_btn title=\u00a0\u00bbR\u00c9SERVER\u00a0\u00bb style=\u00a0\u00bboutline\u00a0\u00bb color=\u00a0\u00bbpeacoc\u00a0\u00bb size=\u00a0\u00bblg\u00a0\u00bb align=\u00a0\u00bbcenter\u00a0\u00bb link=\u00a0\u00bburl:https%3A%2F%2Ffareharbor.com%2Fembeds%2Fbook%2Fhorsesoftaiga%2Fitems%2F490516%2F%3Fflow%3D1033695|title:R%C3%89SERVER|target:_blank\u00a0\u00bb][\/vc_column][\/vc_row]<\/p>\n","protected":false},"excerpt":{"rendered":"<p>[vc_row][vc_column][vc_row_inner][vc_column_inner width=\u00a0\u00bb1\/2&Prime;][vc_column_text el_class=\u00a0\u00bbsection-header\u00a0\u00bb] Aventure hivernale [\/vc_column_text][vc_column_text] C\u2019est parti pour une journ\u00e9e d\u2019aventure ! Apr\u00e8s avoir fait connaissance avec votre nouveau meilleur ami et l\u2019avoir pr\u00e9par\u00e9, nous montons et entrons directement dans la for\u00eat bor\u00e9ale couverte de neige. Au cours de &hellip; <a href=\"https:\/\/www.horsesoftaiga.com\/fr\/randonnees-hiver\/aventure-hivernale\/\">Read More<\/a><\/p>\n","protected":false},"author":5,"featured_media":0,"parent":168,"menu_order":0,"comment_status":"closed","ping_status":"closed","template":"","meta":{"om_disable_all_campaigns":false,"_mi_skip_tracking":false,"_monsterinsights_sitenote_active":false,"_monsterinsights_sitenote_note":"","_monsterinsights_sitenote_category":0,"_uf_show_specific_survey":0,"_uf_disable_surveys":false,"footnotes":""},"aioseo_notices":[],"_links":{"self":[{"href":"https:\/\/www.horsesoftaiga.com\/fr\/wp-json\/wp\/v2\/pages\/4437"}],"collection":[{"href":"https:\/\/www.horsesoftaiga.com\/fr\/wp-json\/wp\/v2\/pages"}],"about":[{"href":"https:\/\/www.horsesoftaiga.com\/fr\/wp-json\/wp\/v2\/types\/page"}],"author":[{"embeddable":true,"href":"https:\/\/www.horsesoftaiga.com\/fr\/wp-json\/wp\/v2\/users\/5"}],"replies":[{"embeddable":true,"href":"https:\/\/www.horsesoftaiga.com\/fr\/wp-json\/wp\/v2\/comments?post=4437"}],"version-history":[{"count":5,"href":"https:\/\/www.horsesoftaiga.com\/fr\/wp-json\/wp\/v2\/pages\/4437\/revisions"}],"predecessor-version":[{"id":4778,"href":"https:\/\/www.horsesoftaiga.com\/fr\/wp-json\/wp\/v2\/pages\/4437\/revisions\/4778"}],"up":[{"embeddable":true,"href":"https:\/\/www.horsesoftaiga.com\/fr\/wp-json\/wp\/v2\/pages\/168"}],"wp:attachment":[{"href":"https:\/\/www.horsesoftaiga.com\/fr\/wp-json\/wp\/v2\/media?parent=4437"}],"curies":[{"name":"wp","href":"https:\/\/api.w.org\/{rel}","templated":true}]}}