{"id":4422,"date":"2023-08-29T10:25:16","date_gmt":"2023-08-29T08:25:16","guid":{"rendered":"https:\/\/www.horsesoftaiga.com\/?page_id=4422\/"},"modified":"2025-11-03T09:50:44","modified_gmt":"2025-11-03T08:50:44","slug":"clair-de-lune","status":"publish","type":"page","link":"https:\/\/www.horsesoftaiga.com\/fr\/randonnees-hiver\/clair-de-lune\/","title":{"rendered":"Au clair de lune"},"content":{"rendered":"<p>[vc_row][vc_column][vc_row_inner][vc_column_inner width=\u00a0\u00bb1\/2&Prime;][vc_column_text el_class=\u00a0\u00bbsection-header\u00a0\u00bb]<\/p>\n<div class=\"section-header col-xs-12 centered\">\n<h2 style=\"text-align: center;\">AU CLAIR DE LUNE<\/h2>\n<p style=\"text-align: center;\">\n<\/div>\n<p>[\/vc_column_text][vc_column_text]Vivez la sensation unique de monter \u00e0 cheval en pleine nuit polaire ! Cette balade facile d&rsquo;une heure est faite pour toute la famille. Nos chevaux au pied s\u00fbr vous conduiront \u00e0 travers la for\u00eat qui entoure notre ferme. Rien de tel que de monter dans le noir, en laissant votre cheval vous guider tout au long de la nuit. Clair de lune, obscurit\u00e9 totale ou parfois m\u00eame aurores bor\u00e9ales\u2026 chaque condition m\u00e9t\u00e9o rend cette exp\u00e9rience absolument unique !<\/p>\n<p>Apr\u00e8s la balade, nous nous retrouvons autour du feu dans la k\u00e5ta et nous nous r\u00e9chauffons avec un bon chocolat chaud.[\/vc_column_text][\/vc_column_inner][vc_column_inner width=\u00a0\u00bb1\/2&Prime;][vc_images_carousel images=\u00a0\u00bb4097,1421,3037,4614,3798&Prime; img_size=\u00a0\u00bb600&#215;400&Prime; speed=\u00a0\u00bb4000&Prime; autoplay=\u00a0\u00bbyes\u00a0\u00bb hide_pagination_control=\u00a0\u00bbyes\u00a0\u00bb wrap=\u00a0\u00bbyes\u00a0\u00bb][\/vc_column_inner][\/vc_row_inner][\/vc_column][\/vc_row][vc_row][vc_column][vc_column_text]<\/p>\n<p style=\"text-align: center;\"><strong>Dur\u00e9e :<\/strong> <strong>2 heures<\/strong>, dont 1 heure \u00e0 cheval<\/p>\n<p style=\"text-align: center;\"><strong>Niveau :<\/strong>\u00a0pour tous<\/p>\n<p style=\"text-align: center;\"><strong>\u00c2ge :<\/strong> \u00e0 partir de 10 ans<\/p>\n<p style=\"text-align: center;\"><strong>Groupe\u00a0:<\/strong> de 2 \u00e0 5 personnes<\/p>\n<p style=\"text-align: center;\"><strong>Prix : 850 SEK par personne <\/strong>(+40,80kr de frais de r\u00e9servation)<\/p>\n<p>[\/vc_column_text][\/vc_column][\/vc_row][vc_row][vc_column][vc_column_text]<\/p>\n<p style=\"text-align: center;\"><em>Nous fournissons bombe et combinaison grand froid si besoin.<\/em><\/p>\n<p style=\"text-align: center;\"><em>Poids maximum du cavalier : 85 kg \/ Temp\u00e9rature limite : -30\u00b0C<\/em><\/p>\n<p>[\/vc_column_text][vc_btn title=\u00a0\u00bbR\u00c9SERVER\u00a0\u00bb style=\u00a0\u00bboutline\u00a0\u00bb color=\u00a0\u00bbpeacoc\u00a0\u00bb size=\u00a0\u00bblg\u00a0\u00bb align=\u00a0\u00bbcenter\u00a0\u00bb link=\u00a0\u00bburl:https%3A%2F%2Ffareharbor.com%2Fembeds%2Fbook%2Fhorsesoftaiga%2Fitems%2F490479%2F%3Ffull-items%3Dno%26flow%3D1033695|target:_blank\u00a0\u00bb][\/vc_column][\/vc_row]<\/p>\n","protected":false},"excerpt":{"rendered":"<p>[vc_row][vc_column][vc_row_inner][vc_column_inner width=\u00a0\u00bb1\/2&Prime;][vc_column_text el_class=\u00a0\u00bbsection-header\u00a0\u00bb] AU CLAIR DE LUNE [\/vc_column_text][vc_column_text]Vivez la sensation unique de monter \u00e0 cheval en pleine nuit polaire ! Cette balade facile d&rsquo;une heure est faite pour toute la famille. Nos chevaux au pied s\u00fbr vous conduiront \u00e0 travers &hellip; <a href=\"https:\/\/www.horsesoftaiga.com\/fr\/randonnees-hiver\/clair-de-lune\/\">Read More<\/a><\/p>\n","protected":false},"author":5,"featured_media":0,"parent":168,"menu_order":0,"comment_status":"closed","ping_status":"closed","template":"","meta":{"om_disable_all_campaigns":false,"_mi_skip_tracking":false,"_monsterinsights_sitenote_active":false,"_monsterinsights_sitenote_note":"","_monsterinsights_sitenote_category":0,"_uf_show_specific_survey":0,"_uf_disable_surveys":false,"footnotes":""},"aioseo_notices":[],"_links":{"self":[{"href":"https:\/\/www.horsesoftaiga.com\/fr\/wp-json\/wp\/v2\/pages\/4422"}],"collection":[{"href":"https:\/\/www.horsesoftaiga.com\/fr\/wp-json\/wp\/v2\/pages"}],"about":[{"href":"https:\/\/www.horsesoftaiga.com\/fr\/wp-json\/wp\/v2\/types\/page"}],"author":[{"embeddable":true,"href":"https:\/\/www.horsesoftaiga.com\/fr\/wp-json\/wp\/v2\/users\/5"}],"replies":[{"embeddable":true,"href":"https:\/\/www.horsesoftaiga.com\/fr\/wp-json\/wp\/v2\/comments?post=4422"}],"version-history":[{"count":6,"href":"https:\/\/www.horsesoftaiga.com\/fr\/wp-json\/wp\/v2\/pages\/4422\/revisions"}],"predecessor-version":[{"id":5001,"href":"https:\/\/www.horsesoftaiga.com\/fr\/wp-json\/wp\/v2\/pages\/4422\/revisions\/5001"}],"up":[{"embeddable":true,"href":"https:\/\/www.horsesoftaiga.com\/fr\/wp-json\/wp\/v2\/pages\/168"}],"wp:attachment":[{"href":"https:\/\/www.horsesoftaiga.com\/fr\/wp-json\/wp\/v2\/media?parent=4422"}],"curies":[{"name":"wp","href":"https:\/\/api.w.org\/{rel}","templated":true}]}}