{"id":4037,"date":"2022-07-26T12:11:37","date_gmt":"2022-07-26T10:11:37","guid":{"rendered":"https:\/\/www.horsesoftaiga.com\/?page_id=4037\/"},"modified":"2025-02-19T10:46:23","modified_gmt":"2025-02-19T09:46:23","slug":"balade-enneigee","status":"publish","type":"page","link":"https:\/\/www.horsesoftaiga.com\/fr\/randonnees-hiver\/balade-enneigee\/","title":{"rendered":"Balade enneig\u00e9e"},"content":{"rendered":"<p>[vc_row][vc_column][vc_row_inner][vc_column_inner width=\u00a0\u00bb1\/2&Prime;][vc_column_text el_class=\u00a0\u00bbsection-header\u00a0\u00bb]<\/p>\n<div class=\"section-header col-xs-12 centered\">\n<h2 style=\"text-align: center;\">BALADE ENNEIG\u00c9E<\/h2>\n<p style=\"text-align: center;\">\n<\/div>\n<p>[\/vc_column_text][vc_column_text]Vivez la sensation unique de monter \u00e0 cheval dans la neige ! Cette balade facile d&rsquo;une heure et demie est faite pour toute la famille. Nos doux chevaux vous conduiront \u00e0 travers la for\u00eat qui entoure notre ferme. Vous longerez m\u00eame la r\u00e9serve naturelle gel\u00e9e de Svansele (Svansele Damm\u00e4ngar naturreservat).<\/p>\n<p>Apr\u00e8s la balade, nous nous retrouvons autour du feu \u00e0 l&rsquo;ext\u00e9rieur ou dans la maison selon la temp\u00e9rature et nous nous r\u00e9chauffons avec un bon chocolat chaud et une p\u00e2tisserie.[\/vc_column_text][\/vc_column_inner][vc_column_inner width=\u00a0\u00bb1\/2&Prime;][vc_images_carousel images=\u00a0\u00bb3798,1421,3037,1418,3229&Prime; img_size=\u00a0\u00bb600&#215;400&Prime; speed=\u00a0\u00bb4000&Prime; autoplay=\u00a0\u00bbyes\u00a0\u00bb hide_pagination_control=\u00a0\u00bbyes\u00a0\u00bb wrap=\u00a0\u00bbyes\u00a0\u00bb][\/vc_column_inner][\/vc_row_inner][\/vc_column][\/vc_row][vc_row][vc_column][vc_column_text]<\/p>\n<p style=\"text-align: center;\"><strong>Dur\u00e9e :<\/strong> <strong>2,5 heures<\/strong>, dont 1,5 heure \u00e0 cheval<\/p>\n<p style=\"text-align: center;\"><strong>Niveau :<\/strong>\u00a0pour tous<\/p>\n<p style=\"text-align: center;\"><strong>\u00c2ge :<\/strong> \u00e0 partir de 8 ans<\/p>\n<p style=\"text-align: center;\"><strong>Groupe\u00a0:<\/strong> de 2 \u00e0 5 personnes<\/p>\n<p style=\"text-align: center;\"><strong>Prix : 800 SEK par personne <\/strong>(+38,40 de frais de r\u00e9servation)<\/p>\n<p>[\/vc_column_text][\/vc_column][\/vc_row][vc_row][vc_column][vc_column_text]<\/p>\n<p style=\"text-align: center;\"><em>Nous fournissons bombe et combinaison grand froid si besoin.<\/em><\/p>\n<p style=\"text-align: center;\"><em>Poids maximum du cavalier : 90 kg \/ Temp\u00e9rature limite : -25\u00b0C<\/em><\/p>\n<p>[\/vc_column_text][vc_btn title=\u00a0\u00bbR\u00c9SERVER\u00a0\u00bb style=\u00a0\u00bboutline\u00a0\u00bb color=\u00a0\u00bbpeacoc\u00a0\u00bb size=\u00a0\u00bblg\u00a0\u00bb align=\u00a0\u00bbcenter\u00a0\u00bb link=\u00a0\u00bburl:https%3A%2F%2Ffareharbor.com%2Fembeds%2Fbook%2Fhorsesoftaiga%2Fitems%2F400333%2F%3Ffull-items%3Dyes%26flow%3D680113%26language%3Dfr|||\u00a0\u00bb][\/vc_column][\/vc_row]<\/p>\n","protected":false},"excerpt":{"rendered":"<p>[vc_row][vc_column][vc_row_inner][vc_column_inner width=\u00a0\u00bb1\/2&Prime;][vc_column_text el_class=\u00a0\u00bbsection-header\u00a0\u00bb] BALADE ENNEIG\u00c9E [\/vc_column_text][vc_column_text]Vivez la sensation unique de monter \u00e0 cheval dans la neige ! Cette balade facile d&rsquo;une heure et demie est faite pour toute la famille. Nos doux chevaux vous conduiront \u00e0 travers la for\u00eat qui &hellip; <a href=\"https:\/\/www.horsesoftaiga.com\/fr\/randonnees-hiver\/balade-enneigee\/\">Read More<\/a><\/p>\n","protected":false},"author":5,"featured_media":0,"parent":168,"menu_order":0,"comment_status":"closed","ping_status":"closed","template":"","meta":{"om_disable_all_campaigns":false,"_mi_skip_tracking":false,"_monsterinsights_sitenote_active":false,"_monsterinsights_sitenote_note":"","_monsterinsights_sitenote_category":0,"_uf_show_specific_survey":0,"_uf_disable_surveys":false,"footnotes":""},"aioseo_notices":[],"_links":{"self":[{"href":"https:\/\/www.horsesoftaiga.com\/fr\/wp-json\/wp\/v2\/pages\/4037"}],"collection":[{"href":"https:\/\/www.horsesoftaiga.com\/fr\/wp-json\/wp\/v2\/pages"}],"about":[{"href":"https:\/\/www.horsesoftaiga.com\/fr\/wp-json\/wp\/v2\/types\/page"}],"author":[{"embeddable":true,"href":"https:\/\/www.horsesoftaiga.com\/fr\/wp-json\/wp\/v2\/users\/5"}],"replies":[{"embeddable":true,"href":"https:\/\/www.horsesoftaiga.com\/fr\/wp-json\/wp\/v2\/comments?post=4037"}],"version-history":[{"count":6,"href":"https:\/\/www.horsesoftaiga.com\/fr\/wp-json\/wp\/v2\/pages\/4037\/revisions"}],"predecessor-version":[{"id":4873,"href":"https:\/\/www.horsesoftaiga.com\/fr\/wp-json\/wp\/v2\/pages\/4037\/revisions\/4873"}],"up":[{"embeddable":true,"href":"https:\/\/www.horsesoftaiga.com\/fr\/wp-json\/wp\/v2\/pages\/168"}],"wp:attachment":[{"href":"https:\/\/www.horsesoftaiga.com\/fr\/wp-json\/wp\/v2\/media?parent=4037"}],"curies":[{"name":"wp","href":"https:\/\/api.w.org\/{rel}","templated":true}]}}