{"id":3769,"date":"2022-02-07T10:33:11","date_gmt":"2022-02-07T09:33:11","guid":{"rendered":"https:\/\/www.horsesoftaiga.com\/?page_id=3769\/"},"modified":"2025-01-28T15:46:36","modified_gmt":"2025-01-28T14:46:36","slug":"collines-foret-boreale","status":"publish","type":"page","link":"https:\/\/www.horsesoftaiga.com\/fr\/randonnees-ete\/collines-foret-boreale\/","title":{"rendered":"Collines de la for\u00eat bor\u00e9ale"},"content":{"rendered":"<p>[vc_row][vc_column][vc_row_inner][vc_column_inner width=\u00a0\u00bb1\/2&Prime;][vc_column_text el_class=\u00a0\u00bbsection-header\u00a0\u00bb]<\/p>\n<div class=\"section-header col-xs-12 centered\">\n<h2 style=\"text-align: center;\">COLLINES DE LA FOR\u00caT BOR\u00c8ALE<\/h2>\n<p style=\"text-align: center;\">\n<\/div>\n<p>[\/vc_column_text][vc_column_text]Cette exp\u00e9rience d&rsquo;une demi-journ\u00e9e commence par aller chercher nos chevaux au pr\u00e9. Puis nous les pr\u00e9parons ensemble pour la balade.<\/p>\n<p>Au cours des 3 heures de balade, vous d\u00e9couvrirez les plus beaux paysages du coin, de la r\u00e9serve naturelle de Svansele au magnifique Lac Vert. Pendant que nous chevauchons aux quatre allures \u00e0 travers la for\u00eat, nos chevaux islandais se feront un plaisir de vous montrer leur agilit\u00e9 et leur bon caract\u00e8re !<\/p>\n<p>De retour \u00e0 la ferme, nous nous retrouvons autour d\u2019un feu pour le \u201cfika\u201d, la pause caf\u00e9 traditionnelle.[\/vc_column_text][\/vc_column_inner][vc_column_inner width=\u00a0\u00bb1\/2&Prime;][vc_images_carousel images=\u00a0\u00bb3795,4728,3818,3811&Prime; img_size=\u00a0\u00bb600&#215;400&Prime; speed=\u00a0\u00bb4000&Prime; autoplay=\u00a0\u00bbyes\u00a0\u00bb hide_pagination_control=\u00a0\u00bbyes\u00a0\u00bb wrap=\u00a0\u00bbyes\u00a0\u00bb][\/vc_column_inner][\/vc_row_inner][\/vc_column][\/vc_row][vc_row][vc_column][vc_column_text]<\/p>\n<p style=\"text-align: center;\"><strong>Dur\u00e9e :<\/strong>\u00a0<strong>4,5 heures<\/strong>\u00a0\u2013 3 heures \u00e0 cheval, pr\u00e9paration des chevaux et fika<\/p>\n<p style=\"text-align: center;\"><strong>Niveau :<\/strong> \u00e0 l&rsquo;aise aux trois allures<\/p>\n<p style=\"text-align: center;\"><strong>\u00c2ge :<\/strong>\u00a0\u00e0 partir de 9 ans<\/p>\n<p style=\"text-align: center;\"><strong>Groupe\u00a0:<\/strong> de 2 \u00e0 5 personnes<\/p>\n<p style=\"text-align: center;\"><strong>Prix : 1 100 SEK<\/strong> <strong>par personne<\/strong> (+52,80kr de frais de r\u00e9servation), \u201cfika\u201d compris<\/p>\n<p>&nbsp;<\/p>\n<section class=\"content-editor\">\n<div class=\"container\">\n<div class=\"row\">\n<div class=\"col-xs-12\">\n<div class=\"vc_row wpb_row vc_row-fluid\">\n<div class=\"wpb_column vc_column_container vc_col-sm-12\">\n<div class=\"vc_column-inner \">\n<div class=\"wpb_wrapper\">\n<div class=\"wpb_text_column wpb_content_element \">\n<div class=\"wpb_wrapper\">\n<p style=\"text-align: center;\"><em>Nous fournissons une bombe \u00e0 tous nos cavaliers.<\/em><\/p>\n<p style=\"text-align: center;\"><em>Poids maximum du cavalier : 90 kg<\/em><\/p>\n<\/div>\n<\/div>\n<\/div>\n<\/div>\n<\/div>\n<\/div>\n<\/div>\n<\/div>\n<\/div>\n<\/section>\n<p>[\/vc_column_text][vc_btn title=\u00a0\u00bbR\u00c9SERVER\u00a0\u00bb style=\u00a0\u00bboutline\u00a0\u00bb color=\u00a0\u00bbpeacoc\u00a0\u00bb size=\u00a0\u00bblg\u00a0\u00bb align=\u00a0\u00bbcenter\u00a0\u00bb link=\u00a0\u00bburl:https%3A%2F%2Ffareharbor.com%2Fembeds%2Fbook%2Fhorsesoftaiga%2Fitems%2F354641%2F%3Fflow%3D680113|title:R%C3%89SERVER||\u00a0\u00bb][\/vc_column][\/vc_row]<\/p>\n","protected":false},"excerpt":{"rendered":"<p>[vc_row][vc_column][vc_row_inner][vc_column_inner width=\u00a0\u00bb1\/2&Prime;][vc_column_text el_class=\u00a0\u00bbsection-header\u00a0\u00bb] COLLINES DE LA FOR\u00caT BOR\u00c8ALE [\/vc_column_text][vc_column_text]Cette exp\u00e9rience d&rsquo;une demi-journ\u00e9e commence par aller chercher nos chevaux au pr\u00e9. Puis nous les pr\u00e9parons ensemble pour la balade. Au cours des 3 heures de balade, vous d\u00e9couvrirez les plus beaux &hellip; <a href=\"https:\/\/www.horsesoftaiga.com\/fr\/randonnees-ete\/collines-foret-boreale\/\">Read More<\/a><\/p>\n","protected":false},"author":5,"featured_media":0,"parent":108,"menu_order":0,"comment_status":"closed","ping_status":"closed","template":"","meta":{"om_disable_all_campaigns":false,"_mi_skip_tracking":false,"_monsterinsights_sitenote_active":false,"_monsterinsights_sitenote_note":"","_monsterinsights_sitenote_category":0,"_uf_show_specific_survey":0,"_uf_disable_surveys":false,"footnotes":""},"aioseo_notices":[],"_links":{"self":[{"href":"https:\/\/www.horsesoftaiga.com\/fr\/wp-json\/wp\/v2\/pages\/3769"}],"collection":[{"href":"https:\/\/www.horsesoftaiga.com\/fr\/wp-json\/wp\/v2\/pages"}],"about":[{"href":"https:\/\/www.horsesoftaiga.com\/fr\/wp-json\/wp\/v2\/types\/page"}],"author":[{"embeddable":true,"href":"https:\/\/www.horsesoftaiga.com\/fr\/wp-json\/wp\/v2\/users\/5"}],"replies":[{"embeddable":true,"href":"https:\/\/www.horsesoftaiga.com\/fr\/wp-json\/wp\/v2\/comments?post=3769"}],"version-history":[{"count":19,"href":"https:\/\/www.horsesoftaiga.com\/fr\/wp-json\/wp\/v2\/pages\/3769\/revisions"}],"predecessor-version":[{"id":4866,"href":"https:\/\/www.horsesoftaiga.com\/fr\/wp-json\/wp\/v2\/pages\/3769\/revisions\/4866"}],"up":[{"embeddable":true,"href":"https:\/\/www.horsesoftaiga.com\/fr\/wp-json\/wp\/v2\/pages\/108"}],"wp:attachment":[{"href":"https:\/\/www.horsesoftaiga.com\/fr\/wp-json\/wp\/v2\/media?parent=3769"}],"curies":[{"name":"wp","href":"https:\/\/api.w.org\/{rel}","templated":true}]}}