{"id":174,"date":"2016-11-03T13:24:21","date_gmt":"2016-11-03T12:24:21","guid":{"rendered":"http:\/\/www.horsesoftaiga.com\/fr\/?page_id=174"},"modified":"2023-02-25T08:28:21","modified_gmt":"2023-02-25T07:28:21","slug":"aventure-equestre-hivernale","status":"publish","type":"page","link":"https:\/\/www.horsesoftaiga.com\/fr\/randonnees-hiver\/aventure-equestre-hivernale\/","title":{"rendered":"Aventure \u00e9questre hivernale"},"content":{"rendered":"<p>[vc_row][vc_column][vc_row_inner][vc_column_inner width=\u00a0\u00bb1\/2&Prime;][vc_column_text el_class=\u00a0\u00bbsection-header\u00a0\u00bb]<\/p>\n<div class=\"section-header col-xs-12 centered\">\n<h2 style=\"text-align: center;\">Aventure \u00e9questre hivernale<\/h2>\n<p style=\"text-align: center;\">5 jours &amp; 4 nuits<\/p>\n<p style=\"text-align: center;\">\n<\/div>\n<p>[\/vc_column_text][vc_column_text]Si votre r\u00eave est de d\u00e9couvrir le Grand Nord \u00e0 cheval, voici une randonn\u00e9e faite pour vous !<\/p>\n<p><strong>Au cours de cette aventure hivernale nous vous proposons :<br \/>\n<\/strong><\/p>\n<ul>\n<li>Une randonn\u00e9e en pleine nature, juste les chevaux et nous<\/li>\n<li>Plusieurs options possibles : 2 ou 3 jours \u00e0 cheval, visite d&rsquo;une ferme \u00e0 rennes ou journ\u00e9e chiens de tra\u00eeneau<\/li>\n<li>Des produits locaux et des repas traditionnels tous les jours<\/li>\n<\/ul>\n<p>[\/vc_column_text][\/vc_column_inner][vc_column_inner width=\u00a0\u00bb1\/2&Prime;][vc_empty_space][vc_images_carousel images=\u00a0\u00bb3090,2740,4090,4091,4092,1503&Prime; img_size=\u00a0\u00bb600&#215;400&Prime; speed=\u00a0\u00bb3000&Prime; autoplay=\u00a0\u00bbyes\u00a0\u00bb hide_pagination_control=\u00a0\u00bbyes\u00a0\u00bb wrap=\u00a0\u00bbyes\u00a0\u00bb][\/vc_column_inner][\/vc_row_inner][vc_column_text el_class=\u00a0\u00bbsection-header\u00a0\u00bb]<\/p>\n<div class=\"section-header col-xs-12 centered\">\n<h2 style=\"text-align: center;\">Jour par Jour<\/h2>\n<p style=\"text-align: center;\">\n<\/div>\n<p>[\/vc_column_text][vc_row_inner][vc_column_inner width=\u00a0\u00bb1\/4&Prime;][vc_column_text]<\/p>\n<h4 style=\"text-align: center;\"><strong><span style=\"color: #048c8c;\">JOUR 1<\/span><\/strong><\/h4>\n<p style=\"text-align: center;\">Arriv\u00e9e \u00e0 l\u2019a\u00e9roport de Skellefte\u00e5 ou \u00e0 la gare de J\u00f6rn. Nous venons vous y accueillir et vous conduisons \u00e0 votre h\u00e9bergement.<\/p>\n<p style=\"text-align: center;\"><em>Si vous venez en train, une balade \u00e0 cheval vous est offerte cet apr\u00e8s-midi !<\/em><\/p>\n<p style=\"text-align: center;\">Nous faisons connaissance autour d\u2019un bon d\u00eener durant lequel nous vous pr\u00e9sentons les 4 prochains jours. Nuit \u00e0 l&rsquo;ancienne \u00e9cole du village.<\/p>\n<p>[\/vc_column_text][\/vc_column_inner][vc_column_inner width=\u00a0\u00bb1\/2&Prime;][vc_column_text css=\u00a0\u00bb.vc_custom_1667808224144{margin-right: 10px !important;margin-left: 10px !important;}\u00a0\u00bb]<\/p>\n<h4 style=\"text-align: center;\"><strong><span style=\"color: #048c8c;\">JOUR\u00a0<\/span><\/strong><strong><span style=\"color: #048c8c;\">2<\/span><\/strong><\/h4>\n<p style=\"text-align: center;\">Petit-d\u00e9jeuner \u00e0 l&rsquo;ancienne \u00e9cole.<br \/>\nPour ce premier jour d\u2019activit\u00e9s nous vous proposons de d\u00e9couvrir nos petits chevaux Islandais, avec toutes leurs sp\u00e9cificit\u00e9s. Ils seront vos compagnons pour les prochains jours. Vous apprenez \u00e0 les conna\u00eetre lors d\u2019une premi\u00e8re balade en for\u00eat, pendant laquelle vous serez initi\u00e9s au t\u00f6lt, cette allure \u00e0 quatre temps si sp\u00e9ciale et si confortable.<br \/>\nNous rentrons \u00e0 la ferme pour d\u00e9jeuner, puis repartons d\u00e9couvrir de nouveaux chemins enneig\u00e9s avec nos compagnons. Une fois rentr\u00e9s \u00e0 la ferme, nous nous retrouvons autour du fika traditionnel (caf\u00e9\/th\u00e9 et viennoiserie maison).<\/p>\n<p style=\"text-align: center;\">D\u00eener et nuit \u00e0 l&rsquo;ancienne \u00e9cole.<\/p>\n<p><em>Autres options pour cette journ\u00e9e :<\/em><\/p>\n<p style=\"text-align: center;\"><em>Une visite dans une ferme \u00e0 rennes, o\u00f9 vous aurez l&rsquo;occasion d&rsquo;approcher cet animal embl\u00e9matique du nord et d&rsquo;en apprendre plus sur la vie des S\u00e2mes. Une vraie exp\u00e9rience su\u00e9doise vous attend en fin de journ\u00e9e : sauna et bain glac\u00e9 dans le lac !<\/em><\/p>\n<p style=\"text-align: center;\"><em>Une initiation au tra\u00eeneau \u00e0 chiens, pendant laquelle vous aurez l&rsquo;occasion de conduire votre propre team au milieu es paysages lapons enneig\u00e9s*<\/em><\/p>\n<p><em>*avec suppl\u00e9ment<\/em>[\/vc_column_text][\/vc_column_inner][vc_column_inner width=\u00a0\u00bb1\/4&Prime;][vc_column_text]<\/p>\n<h4 style=\"text-align: center;\"><strong><span style=\"color: #048c8c;\">JOUR\u00a0<\/span><\/strong><strong><span style=\"color: #048c8c;\">3<\/span><\/strong><\/h4>\n<p style=\"text-align: center;\">Petit-d\u00e9jeuner \u00e0 l&rsquo;ancienne \u00e9cole.<br \/>\nNous partons aujourd\u2019hui pour une aventure de 2 jours\u00a0! Apr\u00e8s le petit-d\u00e9jeuner nous nous rendons aux \u00e9curies o\u00f9 nous pr\u00e9parons nos chevaux pour la randonn\u00e9e. Une fois les chevaux sell\u00e9s, le d\u00e9jeuner charg\u00e9 et les cavaliers chaudement habill\u00e9s, nous commen\u00e7ons notre longue journ\u00e9e dans la nature. Dans la for\u00eat, autour de lacs gel\u00e9s\u2026 nos doux chevaux nous emm\u00e8nent dans tous les endroits les plus paisibles.<br \/>\n\u00c0 la fin de la journ\u00e9e nous finissons notre chevauch\u00e9e \u00e0 Petiktr\u00e4sk, \u00e0 la ferme de nos amis Mathilda et Rolf. Notre cuisinier nous y attend avec diner bien chaud. Nous passons la nuit dans la jolie petite cabane rouge pendant que les chevaux prennent un repos bien m\u00e9rit\u00e9 dans la grange.<br \/>\nEt pendant la nuit, si vous le d\u00e9sirez, nous vous r\u00e9veillerons en cas d\u2019aurores bor\u00e9ales\u00a0!<\/p>\n<p>[\/vc_column_text][\/vc_column_inner][\/vc_row_inner][vc_row_inner][vc_column_inner width=\u00a0\u00bb1\/3&Prime;][vc_column_text]<\/p>\n<h4 style=\"text-align: center;\"><strong><span style=\"color: #048c8c;\">JOUR\u00a0<\/span><\/strong><strong><span style=\"color: #048c8c;\">4<\/span><\/strong><\/h4>\n<p style=\"text-align: center;\">Nouvelle journ\u00e9e \u00e0 cheval dans la Ta\u00efga\u00a0! Nous quittons Petitr\u00e4sk apr\u00e8s le petit-d\u00e9jeuner et reprenons d\u00e9j\u00e0 la direction de la ferme. Sur le chemin, nous observons et esp\u00e9rons voir des rennes ou m\u00eame, avec de la chance, un \u00e9lan !<br \/>\nDe retour \u00e0 la ferme, nous remercions nos chevaux et les laissons se reposer apr\u00e8s cette aventure. Nous avons s\u00fbrement besoin de nous reposer nous aussi, ce que nous faisons autour d\u2019un d\u00eener copieux, bien au chaud.<br \/>\nNuit \u00e0 l&rsquo;ancienne \u00e9cole.<\/p>\n<p>[\/vc_column_text][\/vc_column_inner][vc_column_inner width=\u00a0\u00bb1\/3&Prime;][vc_column_text]<\/p>\n<h4 style=\"text-align: center;\"><strong><span style=\"color: #048c8c;\">JOUR\u00a0<\/span><\/strong><strong><span style=\"color: #048c8c;\">5<\/span><\/strong><\/h4>\n<p style=\"text-align: center;\">Apr\u00e8s le petit-d\u00e9jeuner, nous vous raccompagnons vers l\u2019a\u00e9roport de Skellefte\u00e5 ou la gare de J\u00f6rn pour que vous puissiez prendre votre transport vers Stockholm.<\/p>\n<p>[\/vc_column_text][\/vc_column_inner][vc_column_inner width=\u00a0\u00bb1\/3&Prime;][vc_text_separator title=\u00a0\u00bbPLUS D&rsquo;INFOS\u00a0\u00bb color=\u00a0\u00bbpeacoc\u00a0\u00bb border_width=\u00a0\u00bb2&Prime;][vc_column_text]<\/p>\n<p style=\"text-align: center;\"><strong>Groupe :<\/strong> De 2 \u00e0 4 personnes<\/p>\n<p style=\"text-align: center;\"><strong>Niveau :\u00a0<\/strong>\u00c0 l\u2019aise aux 3 allures. Bonne condition physique indispensable.<\/p>\n<p style=\"text-align: center;\"><strong>\u00c2ge:<\/strong> \u00c0 partir de 13 ans<\/p>\n<p style=\"text-align: center;\"><strong>P\u00e9riode :<\/strong>\u00a0de d\u00e9cembre \u00e0 fin mars<\/p>\n<p style=\"text-align: center;\"><a href=\"https:\/\/www.horsesoftaiga.com\/fr\/informations-pratiques\/dates-et-disponibilites\/\"><em>Dates et disponibilit\u00e9s ici<\/em><\/a><\/p>\n<p>[\/vc_column_text][\/vc_column_inner][\/vc_row_inner][\/vc_column][\/vc_row]<\/p>\n","protected":false},"excerpt":{"rendered":"<p>[vc_row][vc_column][vc_row_inner][vc_column_inner width=\u00a0\u00bb1\/2&Prime;][vc_column_text el_class=\u00a0\u00bbsection-header\u00a0\u00bb] Aventure \u00e9questre hivernale 5 jours &amp; 4 nuits [\/vc_column_text][vc_column_text]Si votre r\u00eave est de d\u00e9couvrir le Grand Nord \u00e0 cheval, voici une randonn\u00e9e faite pour vous ! Au cours de cette aventure hivernale nous vous proposons : Une &hellip; <a href=\"https:\/\/www.horsesoftaiga.com\/fr\/randonnees-hiver\/aventure-equestre-hivernale\/\">Read More<\/a><\/p>\n","protected":false},"author":2,"featured_media":0,"parent":168,"menu_order":0,"comment_status":"closed","ping_status":"closed","template":"","meta":{"om_disable_all_campaigns":false,"_mi_skip_tracking":false,"_monsterinsights_sitenote_active":false,"_monsterinsights_sitenote_note":"","_monsterinsights_sitenote_category":0,"_uf_show_specific_survey":0,"_uf_disable_surveys":false,"footnotes":""},"aioseo_notices":[],"_links":{"self":[{"href":"https:\/\/www.horsesoftaiga.com\/fr\/wp-json\/wp\/v2\/pages\/174"}],"collection":[{"href":"https:\/\/www.horsesoftaiga.com\/fr\/wp-json\/wp\/v2\/pages"}],"about":[{"href":"https:\/\/www.horsesoftaiga.com\/fr\/wp-json\/wp\/v2\/types\/page"}],"author":[{"embeddable":true,"href":"https:\/\/www.horsesoftaiga.com\/fr\/wp-json\/wp\/v2\/users\/2"}],"replies":[{"embeddable":true,"href":"https:\/\/www.horsesoftaiga.com\/fr\/wp-json\/wp\/v2\/comments?post=174"}],"version-history":[{"count":30,"href":"https:\/\/www.horsesoftaiga.com\/fr\/wp-json\/wp\/v2\/pages\/174\/revisions"}],"predecessor-version":[{"id":4215,"href":"https:\/\/www.horsesoftaiga.com\/fr\/wp-json\/wp\/v2\/pages\/174\/revisions\/4215"}],"up":[{"embeddable":true,"href":"https:\/\/www.horsesoftaiga.com\/fr\/wp-json\/wp\/v2\/pages\/168"}],"wp:attachment":[{"href":"https:\/\/www.horsesoftaiga.com\/fr\/wp-json\/wp\/v2\/media?parent=174"}],"curies":[{"name":"wp","href":"https:\/\/api.w.org\/{rel}","templated":true}]}}