{"id":168,"date":"2016-11-03T13:23:37","date_gmt":"2016-11-03T12:23:37","guid":{"rendered":"http:\/\/www.horsesoftaiga.com\/fr\/?page_id=168"},"modified":"2025-01-18T12:10:22","modified_gmt":"2025-01-18T11:10:22","slug":"randonnees-hiver","status":"publish","type":"page","link":"https:\/\/www.horsesoftaiga.com\/fr\/randonnees-hiver\/","title":{"rendered":"Randonn\u00e9es hiver"},"content":{"rendered":"<p>[vc_row][vc_column width=\u00a0\u00bb1\/2&Prime;][vc_column_text]<\/p>\n<div class=\"section-header col-xs-12 centered\">\n<h1 style=\"text-align: center;\">Randonn\u00e9es Hiver<\/h1>\n<p style=\"text-align: center;\">\n<\/div>\n<p style=\"text-align: justify;\">La Laponie en hiver est magique. Surtout ici, loin de tout p\u00f4le touristique. Il n\u2019y a que la for\u00eat enneig\u00e9e, les lacs gel\u00e9s, les animaux sauvages\u2026 et nous.<\/p>\n<p style=\"text-align: center;\">Et quelle meilleure fa\u00e7on de traverser et de d\u00e9couvrir cette nature sauvage que de le faire en complicit\u00e9 avec les doux compagnons que sont les chevaux islandais ?<\/p>\n<p style=\"text-align: justify;\">Que vous ayez mont\u00e9 \u00e0 cheval seulement quelques fois ou que vous soyez un vrai \u201chomme de cheval\u201d, nous organiserons la randonn\u00e9e parfaite pour vous et vos proches. Nos balades sont faciles \u00e0 suivre gr\u00e2ce \u00e0 la taille restreinte des groupes (5 cavaliers maximum). Nous fournissons une bombe et une combinaison grand froid \u00e0 chaque cavalier. Pour une heure, une demi-journ\u00e9e ou une journ\u00e9e enti\u00e8re, vous aurez la chance de profiter de la nature lapone sur le dos de nos doux chevaux islandais.<\/p>\n<p style=\"text-align: justify;\">Vous \u00eates v\u00e9g\u00e9tarien, vegan, intol\u00e9rant au lactose ou allergique au gluten, ou tout \u00e0 la fois ? Aucun probl\u00e8me ! Nous nous ferons un plaisir de vous pr\u00e9parer des repas adapt\u00e9s. Et exclusivement avec des produits frais, locaux et \u00e9thiques !<\/p>\n<p>[\/vc_column_text][\/vc_column][vc_column width=\u00a0\u00bb1\/2&Prime;][vc_empty_space height=\u00a0\u00bb128px\u00a0\u00bb][vc_images_carousel images=\u00a0\u00bb3081,4504,1499,1500,1432,2757,1503,4503&Prime; img_size=\u00a0\u00bb600&#215;400&Prime; speed=\u00a0\u00bb4000&Prime; autoplay=\u00a0\u00bbyes\u00a0\u00bb hide_pagination_control=\u00a0\u00bbyes\u00a0\u00bb wrap=\u00a0\u00bbyes\u00a0\u00bb][\/vc_column][\/vc_row][vc_row][vc_column][vc_text_separator title=\u00a0\u00bbBalades et s\u00e9jours hiver, de d\u00e9cembre \u00e0 fin mars\u00a0\u00bb color=\u00a0\u00bbcustom\u00a0\u00bb accent_color=\u00a0\u00bb#4cadc9&Prime; el_class=\u00a0\u00bbuppercase\u00a0\u00bb][\/vc_column][\/vc_row][vc_row][vc_column width=\u00a0\u00bb1\/3&Prime;][vc_btn title=\u00a0\u00bbBALADE ENNEIG\u00c9E\u00a0\u00bb style=\u00a0\u00bboutline\u00a0\u00bb color=\u00a0\u00bbpeacoc\u00a0\u00bb size=\u00a0\u00bblg\u00a0\u00bb align=\u00a0\u00bbcenter\u00a0\u00bb button_block=\u00a0\u00bbtrue\u00a0\u00bb link=\u00a0\u00bburl:https%3A%2F%2Fwww.horsesoftaiga.com%2Ffr%2Frandonnees-hiver%2Fbalade-enneigee%2F|title:Balade%20enneig%C3%A9e\u00a0\u00bb][vc_column_text]<\/p>\n<p style=\"text-align: center;\"><em><strong>2,5 heures<\/strong><\/em><\/p>\n<p style=\"text-align: center;\"><em><strong>Tous niveaux<\/strong><\/em><\/p>\n<p>[\/vc_column_text][\/vc_column][vc_column width=\u00a0\u00bb1\/3&Prime;][vc_btn title=\u00a0\u00bbFOR\u00caTS ENNEIG\u00c9ES\u00a0\u00bb style=\u00a0\u00bboutline\u00a0\u00bb color=\u00a0\u00bbpeacoc\u00a0\u00bb size=\u00a0\u00bblg\u00a0\u00bb align=\u00a0\u00bbcenter\u00a0\u00bb button_block=\u00a0\u00bbtrue\u00a0\u00bb link=\u00a0\u00bburl:https%3A%2F%2Fwww.horsesoftaiga.com%2Ffr%2Frandonnees-hiver%2Fforets-enneigees%2F|title:For%C3%AAts%20enneig%C3%A9es\u00a0\u00bb][vc_column_text]<\/p>\n<p style=\"text-align: center;\"><em><strong>Demi-journ\u00e9e<\/strong><\/em><\/p>\n<p style=\"text-align: center;\"><em><strong>Tous niveaux<\/strong><\/em><\/p>\n<p>[\/vc_column_text][\/vc_column][vc_column width=\u00a0\u00bb1\/3&Prime;][vc_btn title=\u00a0\u00bbCONFORT DE L&rsquo;HIVER\u00a0\u00bb style=\u00a0\u00bboutline\u00a0\u00bb color=\u00a0\u00bbpeacoc\u00a0\u00bb size=\u00a0\u00bblg\u00a0\u00bb align=\u00a0\u00bbcenter\u00a0\u00bb button_block=\u00a0\u00bbtrue\u00a0\u00bb link=\u00a0\u00bburl:https%3A%2F%2Fwww.horsesoftaiga.com%2Ffr%2Frandonnees-hiver%2Fconfort-hiver%2F|title:Confort%20de%20l%E2%80%99hiver\u00a0\u00bb][vc_column_text]<\/p>\n<p style=\"text-align: center;\"><em><strong>Demi-journ\u00e9e<\/strong><\/em><\/p>\n<p style=\"text-align: center;\"><em><strong>Tous niveaux<\/strong><\/em><\/p>\n<p>[\/vc_column_text][\/vc_column][\/vc_row][vc_row][vc_column width=\u00a0\u00bb1\/3&Prime;][vc_btn title=\u00a0\u00bbAVENTURE HIVERNALE\u00a0\u00bb style=\u00a0\u00bboutline\u00a0\u00bb color=\u00a0\u00bbpeacoc\u00a0\u00bb size=\u00a0\u00bblg\u00a0\u00bb align=\u00a0\u00bbcenter\u00a0\u00bb button_block=\u00a0\u00bbtrue\u00a0\u00bb link=\u00a0\u00bburl:https%3A%2F%2Fwww.horsesoftaiga.com%2Ffr%2Frandonnees-hiver%2Faventure-hivernale%2F|title:Aventure%20hivernale\u00a0\u00bb][vc_column_text]<\/p>\n<p style=\"text-align: center;\"><em><strong>Journ\u00e9e<\/strong><\/em><\/p>\n<p style=\"text-align: center;\"><em><strong>Cavaliers confirm\u00e9s<\/strong><\/em><\/p>\n<p>[\/vc_column_text][\/vc_column][vc_column width=\u00a0\u00bb1\/3&Prime;][vc_btn title=\u00a0\u00bbAU CLAIR DE LUNE\u00a0\u00bb style=\u00a0\u00bboutline\u00a0\u00bb color=\u00a0\u00bbpeacoc\u00a0\u00bb size=\u00a0\u00bblg\u00a0\u00bb align=\u00a0\u00bbcenter\u00a0\u00bb button_block=\u00a0\u00bbtrue\u00a0\u00bb link=\u00a0\u00bburl:https%3A%2F%2Fwww.horsesoftaiga.com%2Ffr%2Frandonnees-hiver%2Fclair-de-lune%2F|title:Au%20clair%20de%20lune\u00a0\u00bb][vc_column_text]<\/p>\n<p style=\"text-align: center;\"><em><strong>2 heures<\/strong><\/em><\/p>\n<p style=\"text-align: center;\"><em><strong>Tous niveaux<\/strong><\/em><\/p>\n<p>[\/vc_column_text][\/vc_column][vc_column width=\u00a0\u00bb1\/3&Prime;][vc_btn title=\u00a0\u00bbNEIGE ET CHEVAUX\u00a0\u00bb style=\u00a0\u00bboutline\u00a0\u00bb color=\u00a0\u00bbpeacoc\u00a0\u00bb size=\u00a0\u00bblg\u00a0\u00bb align=\u00a0\u00bbcenter\u00a0\u00bb button_block=\u00a0\u00bbtrue\u00a0\u00bb link=\u00a0\u00bburl:%2Ffr%2Frandonnees-hiver%2Fneige-et-chevaux%2F|title:Neige%20et%20chevaux||\u00a0\u00bb][vc_column_text]<\/p>\n<p style=\"text-align: center;\"><em><strong>6 jours \/ 5 nuits<\/strong><\/em><\/p>\n<p style=\"text-align: center;\"><em><strong>Cavaliers confirm\u00e9s<\/strong><\/em><\/p>\n<p>[\/vc_column_text][\/vc_column][\/vc_row]<\/p>\n","protected":false},"excerpt":{"rendered":"<p>[vc_row][vc_column width=\u00a0\u00bb1\/2&Prime;][vc_column_text] Randonn\u00e9es Hiver La Laponie en hiver est magique. Surtout ici, loin de tout p\u00f4le touristique. Il n\u2019y a que la for\u00eat enneig\u00e9e, les lacs gel\u00e9s, les animaux sauvages\u2026 et nous. Et quelle meilleure fa\u00e7on de traverser et de &hellip; <a href=\"https:\/\/www.horsesoftaiga.com\/fr\/randonnees-hiver\/\">Read More<\/a><\/p>\n","protected":false},"author":2,"featured_media":0,"parent":0,"menu_order":23,"comment_status":"closed","ping_status":"closed","template":"","meta":{"om_disable_all_campaigns":false,"_mi_skip_tracking":false,"_monsterinsights_sitenote_active":false,"_monsterinsights_sitenote_note":"","_monsterinsights_sitenote_category":0,"_uf_show_specific_survey":0,"_uf_disable_surveys":false,"footnotes":""},"aioseo_notices":[],"_links":{"self":[{"href":"https:\/\/www.horsesoftaiga.com\/fr\/wp-json\/wp\/v2\/pages\/168"}],"collection":[{"href":"https:\/\/www.horsesoftaiga.com\/fr\/wp-json\/wp\/v2\/pages"}],"about":[{"href":"https:\/\/www.horsesoftaiga.com\/fr\/wp-json\/wp\/v2\/types\/page"}],"author":[{"embeddable":true,"href":"https:\/\/www.horsesoftaiga.com\/fr\/wp-json\/wp\/v2\/users\/2"}],"replies":[{"embeddable":true,"href":"https:\/\/www.horsesoftaiga.com\/fr\/wp-json\/wp\/v2\/comments?post=168"}],"version-history":[{"count":27,"href":"https:\/\/www.horsesoftaiga.com\/fr\/wp-json\/wp\/v2\/pages\/168\/revisions"}],"predecessor-version":[{"id":4856,"href":"https:\/\/www.horsesoftaiga.com\/fr\/wp-json\/wp\/v2\/pages\/168\/revisions\/4856"}],"wp:attachment":[{"href":"https:\/\/www.horsesoftaiga.com\/fr\/wp-json\/wp\/v2\/media?parent=168"}],"curies":[{"name":"wp","href":"https:\/\/api.w.org\/{rel}","templated":true}]}}