{"id":167,"date":"2016-11-03T13:23:51","date_gmt":"2016-11-03T12:23:51","guid":{"rendered":"http:\/\/www.horsesoftaiga.com\/fr\/?page_id=167"},"modified":"2024-04-29T16:11:54","modified_gmt":"2024-04-29T14:11:54","slug":"ou-nous-trouver","status":"publish","type":"page","link":"https:\/\/www.horsesoftaiga.com\/fr\/informations-pratiques\/ou-nous-trouver\/","title":{"rendered":"O\u00f9 nous trouver"},"content":{"rendered":"<p>[vc_row][vc_column][vc_row_inner css=\u00a0\u00bb.vc_custom_1488030810478{margin-bottom: 20px !important;}\u00a0\u00bb][vc_column_inner][vc_column_text]<\/p>\n<div class=\"section-header col-xs-12 centered\">\n<h1 style=\"text-align: center;\">O\u00d9 NOUS TROUVER<\/h1>\n<p style=\"text-align: center;\">\n<\/div>\n<p>[\/vc_column_text][\/vc_column_inner][\/vc_row_inner][vc_row_inner][vc_column_inner width=\u00a0\u00bb7\/12&Prime;][vc_column_text]<\/p>\n<p style=\"text-align: justify;\">Notre ferme Svanstr\u00f6m se situe dans le petit village de Svansele, dans la r\u00e9gion su\u00e9doise appel\u00e9e V\u00e4sterbotten. Non loin du cercle polaire arctique, nous sommes aux portes de la Laponie, cette contr\u00e9e mystique et magnifique. La terre de la neige, de la glace, des baies sauvages, des rennes et des \u00e9lans.<br \/>\nTout autour de nous, nous pouvons profiter de l\u2019atmosph\u00e8re calme et sauvage de la ta\u00efga, aussi appel\u00e9e for\u00eat bor\u00e9ale. En Su\u00e8de, la ta\u00efga est compos\u00e9e d\u2019immenses for\u00eats de pins, d\u2019\u00e9pic\u00e9as et de bouleaux, et elle est habit\u00e9e par des milliers d\u2019animaux sauvages tels que des \u00e9lans, des renards, des lynx et m\u00eame des ours. En for\u00eat, nous pouvons aussi croiser le peuple s\u00e2me avec leurs troupeaux de rennes.<br \/>\nC\u2019est dans ce paysage paisible et myst\u00e9rieux que nous vous proposons de monter \u00e0 cheval, pour une heure ou pour quelques jours. Venez d\u00e9couvrir la ta\u00efga \u00e0 cheval !<\/p>\n<p>[\/vc_column_text][\/vc_column_inner][vc_column_inner width=\u00a0\u00bb5\/12&Prime;][vc_images_carousel images=\u00a0\u00bb2381,2481,1441,1493,1487&Prime; img_size=\u00a0\u00bbfull\u00a0\u00bb speed=\u00a0\u00bb4000&Prime; autoplay=\u00a0\u00bbyes\u00a0\u00bb hide_pagination_control=\u00a0\u00bbyes\u00a0\u00bb wrap=\u00a0\u00bbyes\u00a0\u00bb][\/vc_column_inner][\/vc_row_inner][vc_row_inner][vc_column_inner width=\u00a0\u00bb1\/2&Prime;][vc_column_text]<\/p>\n<h4 style=\"text-align: left;\"><strong><span style=\"color: #048c8c;\">Acc\u00e8s<\/span><\/strong><\/h4>\n<p style=\"text-align: justify;\"><strong>De Skellefte\u00e5<\/strong>, prenez la route 95 jusqu&rsquo;\u00e0 Boliden, puis continuez sur la route 370.<br \/>\nPrendre le pont \u00e0 droite en direction de Svansele, puis \u00e0 gauche juste apr\u00e8s le pont.<br \/>\nUne fois \u00e0 Svansele, tournez \u00e0 gauche en direction de Svanfors \/ Horses of Taiga. Faire 1,5 km, la ferme sera sur la droite.<\/p>\n<p style=\"text-align: justify;\"><strong>De Stockholm<\/strong>, vous pouvez prendre l\u2019avion jusqu\u2019\u00e0 Skellefte\u00e5, ville situ\u00e9e \u00e0 80 km de nous.<br \/>\nVous pouvez \u00e9galement prendre un train de jour ou de nuit vers J\u00f6rn, petite ville \u00e0 quelques kilom\u00e8tres au nord de Svansele.<br \/>\nPour nos s\u00e9jours de plusieurs jours, nous allons vous chercher et vous ramenons \u00e0\/vers la gare de J\u00f6rn.<\/p>\n<p>&nbsp;<\/p>\n<p>Vous avez tr\u00e8s envie de nous rejoindre pour une randonn\u00e9e mais vous souciez de l&rsquo;impact de votre voyage sur l&rsquo;environnement ? Pensez \u00e0 la compensation carbone !<\/p>\n<p>Vous pouvez compenser les \u00e9missions carbone de votre voyage en contribuant \u00e0 un projet de votre choix, par exemple sur <a href=\"https:\/\/www.goodplanet.org\/fr\/agir-a-nos-cotes\/compensation-carbone\/\">GoodPlanet<\/a>.[\/vc_column_text][\/vc_column_inner][vc_column_inner width=\u00a0\u00bb1\/2&Prime;][vc_gmaps link=\u00a0\u00bb#E-8_JTNDaWZyYW1lJTIwc3JjJTNEJTIyaHR0cHMlM0ElMkYlMkZ3d3cuZ29vZ2xlLmNvbSUyRm1hcHMlMkZlbWJlZCUzRnBiJTNEJTIxMW0xOCUyMTFtMTIlMjExbTMlMjExZDMxODMuNTM5MDQwOTA0NDY1MyUyMTJkMTkuODE1MDc4MzY2NDMxOTc2JTIxM2Q2NC45OTYwMjI5ODM5ODY0OSUyMTJtMyUyMTFmMCUyMTJmMCUyMTNmMCUyMTNtMiUyMTFpMTAyNCUyMTJpNzY4JTIxNGYxMy4xJTIxM20zJTIxMW0yJTIxMXMweDQ2NzkzOTk2MGM4YWFlZDclMjUzQTB4NmZlMmYxN2ZjODU0MjRjJTIxMnNIb3JzZXMlMkJvZiUyQlRhaWdhJTIxNWUwJTIxM20yJTIxMXNmciUyMTJzZnIlMjE0djE0ODgwMjk2Njc2NTglMjIlMjB3aWR0aCUzRCUyMjYwMCUyMiUyMGhlaWdodCUzRCUyMjQ1MCUyMiUyMGZyYW1lYm9yZGVyJTNEJTIyMCUyMiUyMHN0eWxlJTNEJTIyYm9yZGVyJTNBMCUyMiUyMGFsbG93ZnVsbHNjcmVlbiUzRSUzQyUyRmlmcmFtZSUzRQ==\u00a0\u00bb][\/vc_column_inner][\/vc_row_inner][\/vc_column][\/vc_row]<\/p>\n","protected":false},"excerpt":{"rendered":"<p>[vc_row][vc_column][vc_row_inner css=\u00a0\u00bb.vc_custom_1488030810478{margin-bottom: 20px !important;}\u00a0\u00bb][vc_column_inner][vc_column_text] O\u00d9 NOUS TROUVER [\/vc_column_text][\/vc_column_inner][\/vc_row_inner][vc_row_inner][vc_column_inner width=\u00a0\u00bb7\/12&Prime;][vc_column_text] Notre ferme Svanstr\u00f6m se situe dans le petit village de Svansele, dans la r\u00e9gion su\u00e9doise appel\u00e9e V\u00e4sterbotten. Non loin du cercle polaire arctique, nous sommes aux portes de la Laponie, cette &hellip; <a href=\"https:\/\/www.horsesoftaiga.com\/fr\/informations-pratiques\/ou-nous-trouver\/\">Read More<\/a><\/p>\n","protected":false},"author":2,"featured_media":0,"parent":159,"menu_order":0,"comment_status":"closed","ping_status":"closed","template":"","meta":{"om_disable_all_campaigns":false,"_mi_skip_tracking":false,"_monsterinsights_sitenote_active":false,"_monsterinsights_sitenote_note":"","_monsterinsights_sitenote_category":0,"_uf_show_specific_survey":0,"_uf_disable_surveys":false,"footnotes":""},"aioseo_notices":[],"_links":{"self":[{"href":"https:\/\/www.horsesoftaiga.com\/fr\/wp-json\/wp\/v2\/pages\/167"}],"collection":[{"href":"https:\/\/www.horsesoftaiga.com\/fr\/wp-json\/wp\/v2\/pages"}],"about":[{"href":"https:\/\/www.horsesoftaiga.com\/fr\/wp-json\/wp\/v2\/types\/page"}],"author":[{"embeddable":true,"href":"https:\/\/www.horsesoftaiga.com\/fr\/wp-json\/wp\/v2\/users\/2"}],"replies":[{"embeddable":true,"href":"https:\/\/www.horsesoftaiga.com\/fr\/wp-json\/wp\/v2\/comments?post=167"}],"version-history":[{"count":15,"href":"https:\/\/www.horsesoftaiga.com\/fr\/wp-json\/wp\/v2\/pages\/167\/revisions"}],"predecessor-version":[{"id":4680,"href":"https:\/\/www.horsesoftaiga.com\/fr\/wp-json\/wp\/v2\/pages\/167\/revisions\/4680"}],"up":[{"embeddable":true,"href":"https:\/\/www.horsesoftaiga.com\/fr\/wp-json\/wp\/v2\/pages\/159"}],"wp:attachment":[{"href":"https:\/\/www.horsesoftaiga.com\/fr\/wp-json\/wp\/v2\/media?parent=167"}],"curies":[{"name":"wp","href":"https:\/\/api.w.org\/{rel}","templated":true}]}}