{"id":161,"date":"2016-11-03T13:22:10","date_gmt":"2016-11-03T12:22:10","guid":{"rendered":"http:\/\/www.horsesoftaiga.com\/fr\/?page_id=161"},"modified":"2026-03-28T14:18:24","modified_gmt":"2026-03-28T13:18:24","slug":"conseils-pratiques","status":"publish","type":"page","link":"https:\/\/www.horsesoftaiga.com\/fr\/informations-pratiques\/conseils-pratiques\/","title":{"rendered":"Conseils pratiques"},"content":{"rendered":"<p>[vc_row][vc_column][vc_row_inner css=\u00a0\u00bb.vc_custom_1488030927484{margin-bottom: 20px !important;}\u00a0\u00bb][vc_column_inner][vc_column_text]<\/p>\n<div class=\"section-header col-xs-12 centered\">\n<h1 style=\"text-align: center;\">CONSEILS PRATIQUES<\/h1>\n<p style=\"text-align: center;\">\n<\/div>\n<p>[\/vc_column_text][\/vc_column_inner][\/vc_row_inner][vc_row_inner][vc_column_inner][vc_column_text]<\/p>\n<h4 style=\"text-align: center;\"><strong><span style=\"color: #048c8c;\">Id\u00e9es h\u00e9bergement<\/span><\/strong><\/h4>\n<p>[\/vc_column_text][vc_column_text]<\/p>\n<p style=\"text-align: center;\">Vous souhaitez venir en balade avec nous et vous cherchez un h\u00e9bergement dans les environs ? Nous avons d\u2019excellents partenaires qui peuvent vous offrir tout ce dont vous avez besoin.<\/p>\n<p>&nbsp;<\/p>\n<p><a href=\"https:\/\/knutespensionat.com\/en\/\">Knutes Guesthouse<\/a> &#8211; \u00e0 2,5 km de nous<\/p>\n<p>Knutes est une guesthouse situ\u00e9e juste au bord de la rivi\u00e8re Skellefte, avec huit chambres, une cuisine et salle \u00e0 manger communes, ainsi qu&rsquo;un sauna \u00e9lectrique au sous-sol.<\/p>\n<p>&nbsp;<\/p>\n<p><a href=\"https:\/\/www.lapland-adventures.com\/\">Lapland Adventures<\/a> &#8211; \u00e0 25 km de nous<\/p>\n<p>Sur leur petite ferme, nos amis Jenny et Basti vous accueillent sur leur terrain de camping si vous voyagez en camping-car ou en caravane, dans leur chalet en bois confortable ou dans leur maison d&rsquo;h\u00f4tes. Sur place, vous pourrez \u00e9galement profiter d&rsquo;activit\u00e9s ludiques avec leurs chiens de tra\u00eeneau, tout au long de l&rsquo;ann\u00e9e.[\/vc_column_text][\/vc_column_inner][\/vc_row_inner][vc_row_inner][vc_column_inner][vc_column_text]<\/p>\n<h4 style=\"text-align: center;\"><strong><span style=\"color: #048c8c;\">Comment pr\u00e9parer votre voyage en Laponie<\/span><\/strong><\/h4>\n<p>[\/vc_column_text][\/vc_column_inner][\/vc_row_inner][vc_row_inner][vc_column_inner width=\u00a0\u00bb1\/2&Prime;][vc_column_text]<\/p>\n<h4 style=\"text-align: center;\"><strong><span style=\"color: #048c8c;\">\u2026\u00a0en hiver<\/span><\/strong><\/h4>\n<p style=\"text-align: justify;\">L\u2019hiver en Laponie peut \u00eatre rude pour le corps. C\u2019est pour cela que nous vous recommandons d\u2019\u00eatre en tr\u00e8s bonne forme physique lorsque vous venez. Marcher, monter \u00e0 cheval ou jouer dehors par des temp\u00e9ratures pouvant descendre jusqu\u2019\u00e0 -30 degr\u00e9s tout en portant de lourds v\u00eatements d\u2019hiver : votre c\u0153ur et votre corps doivent y \u00eatre pr\u00e9par\u00e9s !<br \/>\nLes enfants doivent absolument \u00eatre habill\u00e9s tr\u00e8s chaudement et ne seront peut-\u00eatre pas capables de rester dehors toute la journ\u00e9e si les temp\u00e9ratures sont tr\u00e8s basses. Nous adapterons le programme si besoin.<\/p>\n<p>N&rsquo;oubliez pas, ne portez jamais de coton. Le coton absorbe toute l&rsquo;humidit\u00e9 et g\u00e8le imm\u00e9diatement contre votre peau. La laine est votre meilleure amie ![\/vc_column_text][\/vc_column_inner][vc_column_inner width=\u00a0\u00bb1\/2&Prime;][vc_column_text]<\/p>\n<h4 style=\"text-align: center;\"><strong><span style=\"color: #048c8c;\">&#8230; en \u00e9t\u00e9<\/span><\/strong><\/h4>\n<p style=\"text-align: justify;\">En \u00e9t\u00e9 les temp\u00e9ratures sont en g\u00e9n\u00e9ral tr\u00e8s agr\u00e9ables, allant de 15 \u00e0 25 degr\u00e9s en moyenne. Vous devrez tout de m\u00eame \u00eatre pr\u00eat \u00e0 affronter tout type de m\u00e9t\u00e9o\u00a0: soleil, vent, pluie\u2026<\/p>\n<p style=\"text-align: justify;\">De juin \u00e0 la mi-ao\u00fbt, les insectes sont de sortie ! En for\u00eat, vous devrez vous attendre \u00e0 quelques piq\u00fbres de moustiques. Mais rien que des manches longues et un bon anti-moustique ne puissent pr\u00e9venir\u00a0!<\/p>\n<p>[\/vc_column_text][\/vc_column_inner][\/vc_row_inner][vc_row_inner][vc_column_inner][vc_column_text]<\/p>\n<h3 style=\"text-align: center;\"><strong><span style=\"color: #048c8c;\">Que mettre dans les valises ?<\/span><\/strong><\/h3>\n<p style=\"text-align: center;\">Lorsque vous r\u00e9servez le s\u00e9jour <a title=\"Neige et chevaux\" href=\"https:\/\/www.horsesoftaiga.com\/fr\/neige-et-chevaux\/\" target=\"_blank\" rel=\"noopener\">Neige &amp; chevaux<\/a>, nous vous envoyons une liste compl\u00e8te de l&rsquo;\u00e9quipement recommand\u00e9. Y compris l&rsquo;\u00e9quipement que nous vous fournissons.<\/p>\n<p>[\/vc_column_text][\/vc_column_inner][\/vc_row_inner][\/vc_column][\/vc_row][vc_row][vc_column][vc_column_text]<\/p>\n<p style=\"text-align: center;\"><em><strong>Un article tr\u00e8s complet pour vous aider dans le choix de votre \u00e9quipement grand froid :\u00a0<a href=\"https:\/\/thierrygrandnord.com\/2017\/11\/02\/se-proteger-du-froid-protect-yourself-from-the-cold\/\">Blog Grand Nord<\/a><\/strong><\/em><\/p>\n<p>[\/vc_column_text][\/vc_column][\/vc_row]<\/p>\n","protected":false},"excerpt":{"rendered":"<p>[vc_row][vc_column][vc_row_inner css=\u00a0\u00bb.vc_custom_1488030927484{margin-bottom: 20px !important;}\u00a0\u00bb][vc_column_inner][vc_column_text] CONSEILS PRATIQUES [\/vc_column_text][\/vc_column_inner][\/vc_row_inner][vc_row_inner][vc_column_inner][vc_column_text] Id\u00e9es h\u00e9bergement [\/vc_column_text][vc_column_text] Vous souhaitez venir en balade avec nous et vous cherchez un h\u00e9bergement dans les environs ? Nous avons d\u2019excellents partenaires qui peuvent vous offrir tout ce dont vous avez besoin. &hellip; <a href=\"https:\/\/www.horsesoftaiga.com\/fr\/informations-pratiques\/conseils-pratiques\/\">Read More<\/a><\/p>\n","protected":false},"author":2,"featured_media":0,"parent":159,"menu_order":0,"comment_status":"closed","ping_status":"closed","template":"","meta":{"om_disable_all_campaigns":false,"_mi_skip_tracking":false,"_monsterinsights_sitenote_active":false,"_monsterinsights_sitenote_note":"","_monsterinsights_sitenote_category":0,"_uf_show_specific_survey":0,"_uf_disable_surveys":false,"footnotes":""},"aioseo_notices":[],"_links":{"self":[{"href":"https:\/\/www.horsesoftaiga.com\/fr\/wp-json\/wp\/v2\/pages\/161"}],"collection":[{"href":"https:\/\/www.horsesoftaiga.com\/fr\/wp-json\/wp\/v2\/pages"}],"about":[{"href":"https:\/\/www.horsesoftaiga.com\/fr\/wp-json\/wp\/v2\/types\/page"}],"author":[{"embeddable":true,"href":"https:\/\/www.horsesoftaiga.com\/fr\/wp-json\/wp\/v2\/users\/2"}],"replies":[{"embeddable":true,"href":"https:\/\/www.horsesoftaiga.com\/fr\/wp-json\/wp\/v2\/comments?post=161"}],"version-history":[{"count":15,"href":"https:\/\/www.horsesoftaiga.com\/fr\/wp-json\/wp\/v2\/pages\/161\/revisions"}],"predecessor-version":[{"id":5112,"href":"https:\/\/www.horsesoftaiga.com\/fr\/wp-json\/wp\/v2\/pages\/161\/revisions\/5112"}],"up":[{"embeddable":true,"href":"https:\/\/www.horsesoftaiga.com\/fr\/wp-json\/wp\/v2\/pages\/159"}],"wp:attachment":[{"href":"https:\/\/www.horsesoftaiga.com\/fr\/wp-json\/wp\/v2\/media?parent=161"}],"curies":[{"name":"wp","href":"https:\/\/api.w.org\/{rel}","templated":true}]}}