{"id":154,"date":"2016-11-03T13:21:17","date_gmt":"2016-11-03T12:21:17","guid":{"rendered":"http:\/\/www.horsesoftaiga.com\/fr\/?page_id=154"},"modified":"2020-09-08T11:17:17","modified_gmt":"2020-09-08T09:17:17","slug":"chevaux-et-taiga","status":"publish","type":"page","link":"https:\/\/www.horsesoftaiga.com\/fr\/randonnees-ete\/chevaux-et-taiga\/","title":{"rendered":"Chevaux et Ta\u00efga"},"content":{"rendered":"<p>[vc_row][vc_column][vc_row_inner][vc_column_inner width=\u00a0\u00bb1\/2&Prime;][vc_column_text el_class=\u00a0\u00bbsection-header\u00a0\u00bb]<\/p>\n<div class=\"section-header col-xs-12 centered\">\n<h2 style=\"text-align: center;\">CHEVAUX ET TA\u00cfGA<\/h2>\n<p style=\"text-align: center;\">7\u00a0jours &amp; 6\u00a0nuits<\/p>\n<p style=\"text-align: center;\">\n<\/div>\n<p>[\/vc_column_text][vc_column_text]Un s\u00e9jour palpitant qui permet \u00e0 toute la famille de d\u00e9couvrir la Laponie entour\u00e9e par la nature et les animaux.<\/p>\n<p><strong>Au cours de ce s\u00e9jour \u00e9t\u00e9 nous vous proposons :<\/strong><\/p>\n<ul>\n<li>Des activit\u00e9s vari\u00e9es qui vous permettront de d\u00e9couvrir la for\u00eat bor\u00e9ale\u00a0: \u00e9quitation, visite d\u2019une ferme \u00e0 rennes<\/li>\n<li>4 journ\u00e9es \u00e0 cheval, avec une nuit en camp pleine nature<\/li>\n<li>Des produits locaux et des repas traditionnels tous les jours<\/li>\n<\/ul>\n<p>[\/vc_column_text][\/vc_column_inner][vc_column_inner width=\u00a0\u00bb1\/2&Prime;][vc_images_carousel images=\u00a0\u00bb2376,1462,2687,2732,1461,1460&Prime; img_size=\u00a0\u00bb600&#215;400&Prime; speed=\u00a0\u00bb4000&Prime; autoplay=\u00a0\u00bbyes\u00a0\u00bb hide_pagination_control=\u00a0\u00bbyes\u00a0\u00bb wrap=\u00a0\u00bbyes\u00a0\u00bb][\/vc_column_inner][\/vc_row_inner][vc_column_text el_class=\u00a0\u00bbsection-header\u00a0\u00bb]<\/p>\n<div class=\"section-header col-xs-12 centered\">\n<h2 style=\"text-align: center;\">JOUR PAR JOUR<\/h2>\n<p style=\"text-align: center;\">\n<\/div>\n<p>[\/vc_column_text][vc_row_inner][vc_column_inner width=\u00a0\u00bb1\/3&Prime; css=\u00a0\u00bb.vc_custom_1487435613116{border-radius: 4px !important;}\u00a0\u00bb][vc_column_text]<\/p>\n<h4 style=\"text-align: center;\"><strong><span style=\"color: #048c8c;\">JOUR 1<\/span><\/strong><\/h4>\n<p style=\"text-align: center;\">Arriv\u00e9e \u00e0 l\u2019a\u00e9roport de Skellefte\u00e5 ou \u00e0 la gare de J\u00f6rn. Nous venons vous y accueillir et vous conduisons \u00e0 votre h\u00e9bergement.<\/p>\n<p style=\"text-align: center;\"><em>Si vous venez en train, une balade \u00e0 cheval vous est offerte cet apr\u00e8s-midi !<\/em><\/p>\n<p style=\"text-align: center;\">Nous faisons connaissance autour d\u2019un bon d\u00eener durant lequel nous vous pr\u00e9sentons les 6 prochains jours.<\/p>\n<p style=\"text-align: center;\">Nuit en guest house.<\/p>\n<p>[\/vc_column_text][\/vc_column_inner][vc_column_inner width=\u00a0\u00bb1\/3&Prime;][vc_column_text css=\u00a0\u00bb.vc_custom_1537091736008{margin-right: 10px !important;margin-left: 10px !important;}\u00a0\u00bb]<\/p>\n<h4 style=\"text-align: center;\"><strong><span style=\"color: #048c8c;\">JOUR 2<\/span><\/strong><\/h4>\n<p style=\"text-align: center;\">Petit-d\u00e9jeuner \u00e0 la guest house.<br \/>\nPour ce premier jour d\u2019activit\u00e9s nous vous proposons de d\u00e9couvrir nos chevaux Islandais, avec toutes leurs sp\u00e9cificit\u00e9s. Ils seront vos compagnons pour les prochains jours.<br \/>\nDans l\u2019apr\u00e8s-midi nous partons pour une premi\u00e8re balade \u00e0 cheval dans la for\u00eat bor\u00e9ale.<br \/>\nD\u00eener et nuit en guest house.<\/p>\n<p>[\/vc_column_text][\/vc_column_inner][vc_column_inner width=\u00a0\u00bb1\/3&Prime;][vc_column_text]<\/p>\n<h4 style=\"text-align: center;\"><strong><span style=\"color: #048c8c;\">JOUR 3<\/span><\/strong><\/h4>\n<p style=\"text-align: center;\">Petit d\u00e9jeuner \u00e0 la guest house.<br \/>\nMaintenant que vous avez appris \u00e0 conna\u00eetre vos nouveaux amis pour la semaine, nous les sellons et les pr\u00e9parons pour une journ\u00e9e enti\u00e8re dans la for\u00eat. Nous prenons \u00e9galement notre d\u00e9jeuner avec nous de fa\u00e7on \u00e0 pouvoir le prendre sur notre route, autour d\u2019un feu de bois.<br \/>\nUne fois rentr\u00e9s \u00e0 la ferme, nous prenons soin de nos chevaux. Il est ensuite temps de prendre un peu de repos et de profiter d\u2019une belle et longue soir\u00e9e d\u2019\u00e9t\u00e9 su\u00e9doise.<br \/>\nD\u00eener et nuit en guest house.<\/p>\n<p>[\/vc_column_text][\/vc_column_inner][\/vc_row_inner][vc_row_inner][vc_column_inner width=\u00a0\u00bb1\/3&Prime;][vc_column_text]<\/p>\n<h4 style=\"text-align: center;\"><strong><span style=\"color: #048c8c;\">JOUR 4<\/span><\/strong><\/h4>\n<p style=\"text-align: center;\">Petit-d\u00e9jeuner \u00e0 la guest house.<br \/>\nTh\u00e8me du jour : la culture S\u00e2me et la vie dans le Grand Nord*. Nous partons pour un moment dans une authentique ferme \u00e0 rennes, o\u00f9 nous aurons la chance de pouvoir partager un instant avec une famille S\u00e2me et d\u2019en apprendre plus sur leur mode de vie et sur leurs animaux. Sur la route, nous admirons les magnifiques paysages d\u2019\u00e9t\u00e9 de la Laponie.<br \/>\nNous rentrons \u00e0 la guest house en fin de journ\u00e9e. Nuit en guest house.<\/p>\n<p style=\"text-align: center;\">*<em>Peut \u00eatre remplac\u00e9e par une journ\u00e9e d\u00e9couverte des chiens de tra\u00eeneau, incluant une demi-journ\u00e9e de cani-rando<\/em><\/p>\n<p>[\/vc_column_text][\/vc_column_inner][vc_column_inner width=\u00a0\u00bb1\/3&Prime;][vc_column_text]<\/p>\n<h4 style=\"text-align: center;\"><strong><span style=\"color: #048c8c;\">JOUR 5<\/span><\/strong><\/h4>\n<p style=\"text-align: center;\">Petit-d\u00e9jeuner \u00e0 la guest house.<br \/>\nNous partons aujourd\u2019hui pour une aventure de 2 jours\u00a0! Apr\u00e8s le petit-d\u00e9jeuner nous nous rendons aux \u00e9curies o\u00f9 nous pr\u00e9parons nos chevaux pour la randonn\u00e9e. Une fois les chevaux sell\u00e9s, le d\u00e9jeuner charg\u00e9 et les cavaliers pr\u00eats, nous commen\u00e7ons notre longue journ\u00e9e dans la nature. Dans la for\u00eat, autour de lacs tous diff\u00e9rents les uns des autres\u2026 nos doux chevaux nous emm\u00e8nent dans tous les endroits les plus paisibles.<br \/>\n\u00c0 la fin de la journ\u00e9e nous finissons notre chevauch\u00e9e au bord du lac Petiktr\u00e4sk. Notre cuisinier nous y attend avec un go\u00fbter puis un diner bien chaud. Nous passons la nuit dans la cabane en bois qui borde le lac.<\/p>\n<p>[\/vc_column_text][\/vc_column_inner][vc_column_inner width=\u00a0\u00bb1\/3&Prime;][vc_column_text]<\/p>\n<h4 style=\"text-align: center;\"><strong><span style=\"color: #048c8c;\">JOUR 6<\/span><\/strong><\/h4>\n<p style=\"text-align: center;\">Nouvelle journ\u00e9e \u00e0 cheval dans la Ta\u00efga ! Nous quittons Petiktr\u00e4sk apr\u00e8s le petit-d\u00e9jeuner et reprenons d\u00e9j\u00e0 la direction de la ferme. Sur le chemin, nous observons et esp\u00e9rons voir des rennes ou m\u00eame, avec de la chance,\u00a0 un \u00e9lan !<br \/>\nDe retour \u00e0 la ferme, nous remercions nos chevaux et les laissons se reposer apr\u00e8s cette aventure. Nous avons s\u00fbrement besoin de nous reposer nous aussi, ce que nous faisons autour d\u2019un d\u00eener copieux \u00e0 la guest house.<br \/>\nNuit en guest house.<\/p>\n<p>[\/vc_column_text][\/vc_column_inner][\/vc_row_inner][vc_row_inner][vc_column_inner width=\u00a0\u00bb1\/2&Prime;][vc_column_text]<\/p>\n<h4 style=\"text-align: center;\"><strong><span style=\"color: #048c8c;\">JOUR 7<\/span><\/strong><\/h4>\n<p style=\"text-align: center;\">Apr\u00e8s le petit-d\u00e9jeuner, nous vous raccompagnons vers l\u2019a\u00e9roport de Skellefte\u00e5 ou la gare de J\u00f6rn de fa\u00e7on \u00e0 ce que vous puissiez prendre votre transport vers Stockholm avec, nous l\u2019esp\u00e9rons, plein de beaux souvenirs dans la t\u00eate et dans le c\u0153ur.<\/p>\n<p>[\/vc_column_text][\/vc_column_inner][vc_column_inner width=\u00a0\u00bb1\/2&Prime;][vc_column_text]<\/p>\n<p style=\"text-align: center;\"><span style=\"color: #048c8c;\"><strong>Groupe :<\/strong><\/span> De 2 \u00e0 4 personnes<br \/>\n<span style=\"color: #048c8c;\"><strong>Niveau :<\/strong> <\/span>Bonne condition physique<br \/>\n<span style=\"color: #048c8c;\"><strong>\u00c2ge :<\/strong><\/span> \u00c0 partir de 10 ans<br \/>\n<span style=\"color: #048c8c;\"><strong>P\u00e9riode :<\/strong><\/span>\u00a0Du 1er juin au 31 ao\u00fbt<\/p>\n<p style=\"text-align: center;\"><a href=\"https:\/\/www.horsesoftaiga.com\/fr\/informations-pratiques\/dates-et-disponibilites\/\"><i>Dates et disponibilit\u00e9s ici<\/i><\/a><\/p>\n<p style=\"text-align: center;\"><em>Autres dates sur demande<\/em><\/p>\n<p>[\/vc_column_text][\/vc_column_inner][\/vc_row_inner][\/vc_column][\/vc_row]<\/p>\n","protected":false},"excerpt":{"rendered":"<p>[vc_row][vc_column][vc_row_inner][vc_column_inner width=\u00a0\u00bb1\/2&Prime;][vc_column_text el_class=\u00a0\u00bbsection-header\u00a0\u00bb] CHEVAUX ET TA\u00cfGA 7\u00a0jours &amp; 6\u00a0nuits [\/vc_column_text][vc_column_text]Un s\u00e9jour palpitant qui permet \u00e0 toute la famille de d\u00e9couvrir la Laponie entour\u00e9e par la nature et les animaux. Au cours de ce s\u00e9jour \u00e9t\u00e9 nous vous proposons : Des &hellip; <a href=\"https:\/\/www.horsesoftaiga.com\/fr\/randonnees-ete\/chevaux-et-taiga\/\">Read More<\/a><\/p>\n","protected":false},"author":2,"featured_media":0,"parent":108,"menu_order":0,"comment_status":"closed","ping_status":"closed","template":"","meta":{"om_disable_all_campaigns":false,"_mi_skip_tracking":false,"_monsterinsights_sitenote_active":false,"_monsterinsights_sitenote_note":"","_monsterinsights_sitenote_category":0,"_uf_show_specific_survey":0,"_uf_disable_surveys":false,"footnotes":""},"aioseo_notices":[],"_links":{"self":[{"href":"https:\/\/www.horsesoftaiga.com\/fr\/wp-json\/wp\/v2\/pages\/154"}],"collection":[{"href":"https:\/\/www.horsesoftaiga.com\/fr\/wp-json\/wp\/v2\/pages"}],"about":[{"href":"https:\/\/www.horsesoftaiga.com\/fr\/wp-json\/wp\/v2\/types\/page"}],"author":[{"embeddable":true,"href":"https:\/\/www.horsesoftaiga.com\/fr\/wp-json\/wp\/v2\/users\/2"}],"replies":[{"embeddable":true,"href":"https:\/\/www.horsesoftaiga.com\/fr\/wp-json\/wp\/v2\/comments?post=154"}],"version-history":[{"count":52,"href":"https:\/\/www.horsesoftaiga.com\/fr\/wp-json\/wp\/v2\/pages\/154\/revisions"}],"predecessor-version":[{"id":3261,"href":"https:\/\/www.horsesoftaiga.com\/fr\/wp-json\/wp\/v2\/pages\/154\/revisions\/3261"}],"up":[{"embeddable":true,"href":"https:\/\/www.horsesoftaiga.com\/fr\/wp-json\/wp\/v2\/pages\/108"}],"wp:attachment":[{"href":"https:\/\/www.horsesoftaiga.com\/fr\/wp-json\/wp\/v2\/media?parent=154"}],"curies":[{"name":"wp","href":"https:\/\/api.w.org\/{rel}","templated":true}]}}