{"id":153,"date":"2016-11-03T13:21:10","date_gmt":"2016-11-03T12:21:10","guid":{"rendered":"http:\/\/www.horsesoftaiga.com\/fr\/?page_id=153"},"modified":"2020-12-01T17:35:12","modified_gmt":"2020-12-01T16:35:12","slug":"entre-lacs-et-forets","status":"publish","type":"page","link":"https:\/\/www.horsesoftaiga.com\/fr\/randonnees-ete\/entre-lacs-et-forets\/","title":{"rendered":"Entre lacs et for\u00eats"},"content":{"rendered":"<p>[vc_row][vc_column][vc_row_inner][vc_column_inner width=\u00a0\u00bb1\/2&Prime;][vc_column_text el_class=\u00a0\u00bbsection-header\u00a0\u00bb]<\/p>\n<div class=\"section-header col-xs-12 centered\">\n<h2 style=\"text-align: center;\">Entre lacs et for\u00eats<\/h2>\n<p style=\"text-align: center;\">8 jours &amp; 7\u00a0nuits<\/p>\n<p style=\"text-align: center;\">\n<\/div>\n<p>[\/vc_column_text][vc_column_text]<\/p>\n<div class=\"vc_row wpb_row vc_inner vc_row-fluid\">\n<div class=\"wpb_column vc_column_container vc_col-sm-12\">\n<div class=\"vc_column-inner \">\n<div class=\"wpb_wrapper\">\n<div class=\"wpb_text_column wpb_content_element \">\n<div class=\"wpb_wrapper\">\n<p>Si vous aimez profiter de la nature avec un petit cheval sympa et courageux pour compagnon, voici une randonn\u00e9e faite pour vous !<\/p>\n<p><strong>Au cours de cette aventure \u00e9questre nous vous proposons :<\/strong><\/p>\n<ul>\n<li>Une semaine enti\u00e8re en compagnie de nos chevaux islandais<\/li>\n<li>5 jours et 4 nuits en pleine nature, juste les chevaux et vous<\/li>\n<li>Des produits locaux et des repas faits maison tous les jours<\/li>\n<\/ul>\n<\/div>\n<\/div>\n<\/div>\n<\/div>\n<\/div>\n<\/div>\n<p>[\/vc_column_text][\/vc_column_inner][vc_column_inner width=\u00a0\u00bb1\/2&Prime;][vc_images_carousel images=\u00a0\u00bb2689,2688,1402,2684,1404,1401&Prime; img_size=\u00a0\u00bb600&#215;400&Prime; speed=\u00a0\u00bb4000&Prime; autoplay=\u00a0\u00bbyes\u00a0\u00bb hide_pagination_control=\u00a0\u00bbyes\u00a0\u00bb wrap=\u00a0\u00bbyes\u00a0\u00bb][\/vc_column_inner][\/vc_row_inner][vc_column_text el_class=\u00a0\u00bbsection-header\u00a0\u00bb]<\/p>\n<div class=\"section-header col-xs-12 centered\">\n<h2 style=\"text-align: center;\">Jour par Jour<\/h2>\n<p style=\"text-align: center;\">\n<\/div>\n<p>[\/vc_column_text][vc_row_inner][vc_column_inner width=\u00a0\u00bb1\/3&Prime;][vc_column_text]<\/p>\n<h4 style=\"text-align: center;\"><strong><span style=\"color: #048c8c;\">JOUR\u00a01<\/span><\/strong><\/h4>\n<p style=\"text-align: center;\">Arriv\u00e9e \u00e0 l\u2019a\u00e9roport de Skellefte\u00e5 ou \u00e0 la gare de J\u00f6rn. Nous venons vous y accueillir et vous conduisons \u00e0 votre h\u00e9bergement.<\/p>\n<p style=\"text-align: center;\"><em>Si vous venez en train, une balade \u00e0 cheval vous est offerte cet apr\u00e8s-midi !<\/em><\/p>\n<p style=\"text-align: center;\">Nous faisons connaissance autour d\u2019un bon d\u00eener durant lequel nous vous pr\u00e9sentons les 7 prochains jours.<\/p>\n<p style=\"text-align: center;\">Nuit en guest house.<\/p>\n<p>[\/vc_column_text][\/vc_column_inner][vc_column_inner width=\u00a0\u00bb1\/3&Prime;][vc_column_text css=\u00a0\u00bb.vc_custom_1606839705474{margin-right: 10px !important;margin-left: 10px !important;}\u00a0\u00bb]<\/p>\n<h4 style=\"text-align: center;\"><strong><span style=\"color: #048c8c;\">JOUR 2<\/span><\/strong><\/h4>\n<p style=\"text-align: center;\">Petit-d\u00e9jeuner \u00e0 la guest house.<br \/>\nPour ce premier jour d\u2019activit\u00e9s nous vous proposons de d\u00e9couvrir votre nouveau meilleur copain ! Nous vous pr\u00e9sentons nos chevaux Islandais, avec toutes leurs sp\u00e9cificit\u00e9s. Ils seront vos compagnons pour les prochains jours.<br \/>\nLe matin nous partons pour une premi\u00e8re courte balade \u00e0 cheval dans la ta\u00efga. Nous revenons \u00e0 la ferme pour un d\u00e9jeuner autour du feu, puis repartons \u00e0 cheval tout l\u2019apr\u00e8s-midi.<br \/>\nD\u00eener et nuit en guest house.<\/p>\n<p>[\/vc_column_text][\/vc_column_inner][vc_column_inner width=\u00a0\u00bb1\/3&Prime;][vc_column_text]<\/p>\n<h4 style=\"text-align: center;\"><strong><span style=\"color: #048c8c;\">JOUR 3<\/span><\/strong><\/h4>\n<p style=\"text-align: center;\">Petit d\u00e9jeuner \u00e0 la guest house. Nous partons aujourd\u2019hui pour une grande aventure !<\/p>\n<p style=\"text-align: center;\">Apr\u00e8s le petit-d\u00e9jeuner nous vous conduisons \u00e0 la ferme, o\u00f9 nous pr\u00e9parons nos chevaux. Une fois les chevaux sell\u00e9s, les d\u00e9jeuners dans les sacoches et les cavaliers pr\u00eats, nous pouvons commencer notre grande chevauch\u00e9e de 5 jours dans la nature lapone. En for\u00eat, autour de lacs \u00e9tendus\u2026 nos gentils chevaux nous emm\u00e8nent dans les coins les plus paisibles.<br \/>\nNous d\u00e9jeunons au bord de Gr\u00f6ntj\u00e4rn, le Lac Vert, au milieu de la for\u00eat.<\/p>\n<p style=\"text-align: center;\">Apr\u00e8s un apr\u00e8s-midi plus sportif, nous arrivons \u00e0 notre premi\u00e8re \u00e9tape, sur les bords du lac Petiktr\u00e4sk. Fika su\u00e9dois, bain dans le lac et d\u00eener autour du feu sont au programme de la soir\u00e9e. Nuit en stuga su\u00e9doise typique, sans eau courante ni \u00e9lectricit\u00e9.<\/p>\n<p>[\/vc_column_text][\/vc_column_inner][\/vc_row_inner][vc_row_inner][vc_column_inner width=\u00a0\u00bb1\/3&Prime;][vc_column_text]<\/p>\n<h4 style=\"text-align: center;\"><strong><span style=\"color: #048c8c;\">JOUR 4<\/span><\/strong><\/h4>\n<p style=\"text-align: center;\">Apr\u00e8s un petit-d\u00e9jeuner au bord du lac, nous partons pour une nouvelle journ\u00e9e de randonn\u00e9e \u00e0 la d\u00e9couverte de la Laponie. Nous longeons le fleuve Skellefte\u00e4lven pendant une grande partie de la journ\u00e9e, alternant pas, longs t\u00f6lts et galops \u00e9nergiques. Nous d\u00e9jeunons au bord du fleuve avant de reprendre la route vers notre prochain camp\u00a0: Dragn\u00e4s.<\/p>\n<p style=\"text-align: center;\">Ce soir nous dormons dans une grange au milieu de la for\u00eat ! D\u00e9tente autour du feu et balades dans les environs, fika et d\u00eener&#8230; de quoi bien nous ressourcer.<\/p>\n<p>[\/vc_column_text][\/vc_column_inner][vc_column_inner width=\u00a0\u00bb1\/3&Prime;][vc_column_text]<\/p>\n<h4 style=\"text-align: center;\"><strong><span style=\"color: #048c8c;\">JOUR 5<\/span><\/strong><\/h4>\n<p style=\"text-align: center;\">Aujourd\u2019hui, nous continuons notre route vers le nord en alternant sentiers sauvages et chemins forestiers. Les \u00e9lans et autres animaux lapons vivent dans les bois tout autour de nous, peut-\u00eatre aurons-nous la chance d\u2019apercevoir certains d\u2019entre eux.<\/p>\n<p style=\"text-align: center;\">D\u00e9jeuner au bord de l\u2019eau, avec un panorama extraordinaire sur les alentours. Dans l\u2019apr\u00e8s-midi, nous t\u00f6ltons et galopons en direction du village de J\u00e4rvtr\u00e4sk, dans lequel se trouve notre prochain camp. Sur place, nous disposons \u00e0 nouveau d\u2019une stuga typique o\u00f9 nous passerons la nuit.<\/p>\n<p>[\/vc_column_text][\/vc_column_inner][vc_column_inner width=\u00a0\u00bb1\/3&Prime;][vc_column_text]<\/p>\n<h4 style=\"text-align: center;\"><strong><span style=\"color: #048c8c;\">JOUR 6<\/span><\/strong><\/h4>\n<p style=\"text-align: center;\">Apr\u00e8s un bon petit-d\u00e9jeuner, nous chevauchons entre marais et for\u00eats en passant pr\u00e8s de lieux pleins d\u2019histoires. Votre guide se fera un plaisir de vous les raconter\u00a0!<\/p>\n<p style=\"text-align: center;\">Le soir nous retrouvons la grange de Dragn\u00e4s pour un repos bien m\u00e9rit\u00e9. Et comme toutes les nuits, les chevaux dorment dans un paddock am\u00e9nag\u00e9 rien que pour eux, \u00e0 quelques pas de nous.<\/p>\n<p>[\/vc_column_text][\/vc_column_inner][\/vc_row_inner][vc_row_inner][vc_column_inner width=\u00a0\u00bb1\/3&Prime;][vc_column_text]<\/p>\n<h4 style=\"text-align: center;\"><strong><span style=\"color: #048c8c;\">JOUR 7<\/span><\/strong><\/h4>\n<p style=\"text-align: center;\">Dernier petit-d\u00e9jeuner dans la for\u00eat. Apr\u00e8s s\u2019\u00eatre occup\u00e9s de nos chevaux, nous chevauchons en direction de la ferme en passant par des zones mar\u00e9cageuses et entre de nombreux petits lacs.<br \/>\nDe retour \u00e0 la ferme, nous remercions nos chevaux et les laissons se reposer apr\u00e8s cette aventure. Nous avons certainement nous aussi besoin de nous reposer, ce que nous faisons autour d\u2019un d\u00eener bien copieux.<br \/>\nNuit en guest house.<\/p>\n<p>[\/vc_column_text][\/vc_column_inner][vc_column_inner width=\u00a0\u00bb1\/3&Prime;][vc_column_text css=\u00a0\u00bb.vc_custom_1487437814029{margin-right: 10px !important;margin-left: 10px !important;}\u00a0\u00bb]<\/p>\n<h4 style=\"text-align: center;\"><strong><span style=\"color: #048c8c;\">JOUR 8<\/span><\/strong><\/h4>\n<p style=\"text-align: center;\">Apr\u00e8s le petit-d\u00e9jeuner, nous vous raccompagnons vers l\u2019a\u00e9roport de Skellefte\u00e5 ou la gare de J\u00f6rn de fa\u00e7on \u00e0 ce que vous puissiez prendre votre transport vers Stockholm.<\/p>\n<p>[\/vc_column_text][\/vc_column_inner][vc_column_inner width=\u00a0\u00bb1\/3&Prime;][vc_empty_space][vc_column_text]<\/p>\n<p style=\"text-align: center;\"><strong>Groupe :<\/strong> De 2 \u00e0 4 personnes<br \/>\n<strong>Niveau :<\/strong> Cavaliers \u00e0 l\u2019aise aux trois allures. Bonne condition physique indispensable.<br \/>\n<strong>Distance :<\/strong> de 21 \u00e0 40 km par jour (4 \u00e0 5 heures en selle)<br \/>\n<strong>\u00c2ge :<\/strong>\u00a0\u00c0 partir de 12 ans<br \/>\n<strong>P\u00e9riode :<\/strong>\u00a0Du 16 juin au 31 ao\u00fbt<\/p>\n<p style=\"text-align: center;\"><a href=\"https:\/\/www.horsesoftaiga.com\/fr\/informations-pratiques\/dates-et-disponibilites\/\"><em>Dates et disponibilit\u00e9s ici<\/em><\/a><br \/>\n<em>Autres dates sur demande<\/em><\/p>\n<p>[\/vc_column_text][\/vc_column_inner][\/vc_row_inner][\/vc_column][\/vc_row]<\/p>\n","protected":false},"excerpt":{"rendered":"<p>[vc_row][vc_column][vc_row_inner][vc_column_inner width=\u00a0\u00bb1\/2&Prime;][vc_column_text el_class=\u00a0\u00bbsection-header\u00a0\u00bb] Entre lacs et for\u00eats 8 jours &amp; 7\u00a0nuits [\/vc_column_text][vc_column_text] Si vous aimez profiter de la nature avec un petit cheval sympa et courageux pour compagnon, voici une randonn\u00e9e faite pour vous ! Au cours de cette aventure &hellip; <a href=\"https:\/\/www.horsesoftaiga.com\/fr\/randonnees-ete\/entre-lacs-et-forets\/\">Read More<\/a><\/p>\n","protected":false},"author":2,"featured_media":0,"parent":108,"menu_order":0,"comment_status":"closed","ping_status":"closed","template":"","meta":{"om_disable_all_campaigns":false,"_mi_skip_tracking":false,"_monsterinsights_sitenote_active":false,"_monsterinsights_sitenote_note":"","_monsterinsights_sitenote_category":0,"_uf_show_specific_survey":0,"_uf_disable_surveys":false,"footnotes":""},"aioseo_notices":[],"_links":{"self":[{"href":"https:\/\/www.horsesoftaiga.com\/fr\/wp-json\/wp\/v2\/pages\/153"}],"collection":[{"href":"https:\/\/www.horsesoftaiga.com\/fr\/wp-json\/wp\/v2\/pages"}],"about":[{"href":"https:\/\/www.horsesoftaiga.com\/fr\/wp-json\/wp\/v2\/types\/page"}],"author":[{"embeddable":true,"href":"https:\/\/www.horsesoftaiga.com\/fr\/wp-json\/wp\/v2\/users\/2"}],"replies":[{"embeddable":true,"href":"https:\/\/www.horsesoftaiga.com\/fr\/wp-json\/wp\/v2\/comments?post=153"}],"version-history":[{"count":16,"href":"https:\/\/www.horsesoftaiga.com\/fr\/wp-json\/wp\/v2\/pages\/153\/revisions"}],"predecessor-version":[{"id":3360,"href":"https:\/\/www.horsesoftaiga.com\/fr\/wp-json\/wp\/v2\/pages\/153\/revisions\/3360"}],"up":[{"embeddable":true,"href":"https:\/\/www.horsesoftaiga.com\/fr\/wp-json\/wp\/v2\/pages\/108"}],"wp:attachment":[{"href":"https:\/\/www.horsesoftaiga.com\/fr\/wp-json\/wp\/v2\/media?parent=153"}],"curies":[{"name":"wp","href":"https:\/\/api.w.org\/{rel}","templated":true}]}}