{"id":149,"date":"2016-11-03T13:20:18","date_gmt":"2016-11-03T12:20:18","guid":{"rendered":"http:\/\/www.horsesoftaiga.com\/fr\/?page_id=149"},"modified":"2025-01-17T14:46:16","modified_gmt":"2025-01-17T13:46:16","slug":"aventure-forestiere","status":"publish","type":"page","link":"https:\/\/www.horsesoftaiga.com\/fr\/randonnees-ete\/aventure-forestiere\/","title":{"rendered":"Aventure foresti\u00e8re"},"content":{"rendered":"<p>[vc_row][vc_column][vc_row_inner][vc_column_inner width=\u00a0\u00bb1\/2&Prime;][vc_column_text el_class=\u00a0\u00bbsection-header\u00a0\u00bb]<\/p>\n<div class=\"section-header col-xs-12 centered\">\n<h2 style=\"text-align: center;\">AVENTURE FORESTI\u00c8RE<\/h2>\n<p style=\"text-align: center;\">\n<\/div>\n<p>[\/vc_column_text][vc_column_text]Une exp\u00e9rience d\u2019une demi-journ\u00e9e pour tous ceux qui s\u2019int\u00e9ressent au cheval islandais et au mode de vie du nord de la Su\u00e8de. Apr\u00e8s que chacun a r\u00e9cup\u00e9r\u00e9 son \u00e9quipement, vous apprendrez \u00e0 pr\u00e9parer votre cheval pour la balade : brossage, curer les pieds, seller\u2026 Lorsque tous les chevaux sont pr\u00eats, votre guide vous donne ses instructions pour la balade et vous aide \u00e0 monter votre cheval. Puis c\u2019est parti pour 2 heures en for\u00eat ! Nos petits chevaux \u00e9nergiques vous conduisent le long de la r\u00e9serve naturelle (Svansele Damm\u00e4ngar naturreservat), o\u00f9 dans le pass\u00e9, les agriculteurs ont invent\u00e9 un moyen d\u2019utiliser la glace et l\u2019eau pour irriguer, fertiliser et nettoyer les prairies. Sentir le cheval marcher au milieu des pins, t\u00f6lter sur des chemins de sable doux\u2026 une belle exp\u00e9rience pour les aventuriers !<\/p>\n<p>Apr\u00e8s la balade et lorsque nos chevaux sont de retour au pr\u00e9, nous nous retrouvons autour du feu \u00e0 la ferme pour un bon d\u00e9jeuner.[\/vc_column_text][\/vc_column_inner][vc_column_inner width=\u00a0\u00bb1\/2&Prime;][vc_empty_space][vc_images_carousel images=\u00a0\u00bb4023,4458,4451,1395,1468&Prime; img_size=\u00a0\u00bb600&#215;400&Prime; speed=\u00a0\u00bb4000&Prime; autoplay=\u00a0\u00bbyes\u00a0\u00bb hide_pagination_control=\u00a0\u00bbyes\u00a0\u00bb wrap=\u00a0\u00bbyes\u00a0\u00bb][\/vc_column_inner][\/vc_row_inner][\/vc_column][\/vc_row][vc_row][vc_column][vc_column_text]<\/p>\n<p style=\"text-align: center;\"><strong>Dur\u00e9e :<\/strong>\u00a0<strong>4 heures,<\/strong> dont 2 heures \u00e0 cheval, pr\u00e9paration des chevaux et d\u00e9jeuner<\/p>\n<p style=\"text-align: center;\"><strong>Niveau :<\/strong> Bonne condition physique<\/p>\n<p style=\"text-align: center;\"><strong>\u00c2ge : <\/strong>\u00e0 partir de 8 ans<\/p>\n<p style=\"text-align: center;\"><strong>Groupe :<\/strong> de 2 \u00e0 5 personnes<\/p>\n<p style=\"text-align: center;\"><strong>Prix: 1 050 SEK<\/strong> par personne, d\u00e9jeuner inclus (+50,40kr de frais de r\u00e9servation)<\/p>\n<p style=\"text-align: center;\"><em>Poids maximum du cavalier : 90 kg<\/em><\/p>\n<p style=\"text-align: center;\"><em>Nous fournissons une bombe \u00e0 tous nos cavaliers.<\/em><\/p>\n<p>[\/vc_column_text][vc_btn title=\u00a0\u00bbR\u00c9SERVER\u00a0\u00bb style=\u00a0\u00bboutline\u00a0\u00bb color=\u00a0\u00bbpeacoc\u00a0\u00bb size=\u00a0\u00bblg\u00a0\u00bb align=\u00a0\u00bbcenter\u00a0\u00bb link=\u00a0\u00bburl:https%3A%2F%2Ffareharbor.com%2Fembeds%2Fbook%2Fhorsesoftaiga%2Fitems%2F354639%2F%3Fflow%3D680113|title:Book%20Now|\u00a0\u00bb][\/vc_column][\/vc_row]<\/p>\n","protected":false},"excerpt":{"rendered":"<p>[vc_row][vc_column][vc_row_inner][vc_column_inner width=\u00a0\u00bb1\/2&Prime;][vc_column_text el_class=\u00a0\u00bbsection-header\u00a0\u00bb] AVENTURE FORESTI\u00c8RE [\/vc_column_text][vc_column_text]Une exp\u00e9rience d\u2019une demi-journ\u00e9e pour tous ceux qui s\u2019int\u00e9ressent au cheval islandais et au mode de vie du nord de la Su\u00e8de. Apr\u00e8s que chacun a r\u00e9cup\u00e9r\u00e9 son \u00e9quipement, vous apprendrez \u00e0 pr\u00e9parer votre cheval &hellip; <a href=\"https:\/\/www.horsesoftaiga.com\/fr\/randonnees-ete\/aventure-forestiere\/\">Read More<\/a><\/p>\n","protected":false},"author":2,"featured_media":0,"parent":108,"menu_order":0,"comment_status":"closed","ping_status":"closed","template":"","meta":{"om_disable_all_campaigns":false,"_mi_skip_tracking":false,"_monsterinsights_sitenote_active":false,"_monsterinsights_sitenote_note":"","_monsterinsights_sitenote_category":0,"_uf_show_specific_survey":0,"_uf_disable_surveys":false,"footnotes":""},"aioseo_notices":[],"_links":{"self":[{"href":"https:\/\/www.horsesoftaiga.com\/fr\/wp-json\/wp\/v2\/pages\/149"}],"collection":[{"href":"https:\/\/www.horsesoftaiga.com\/fr\/wp-json\/wp\/v2\/pages"}],"about":[{"href":"https:\/\/www.horsesoftaiga.com\/fr\/wp-json\/wp\/v2\/types\/page"}],"author":[{"embeddable":true,"href":"https:\/\/www.horsesoftaiga.com\/fr\/wp-json\/wp\/v2\/users\/2"}],"replies":[{"embeddable":true,"href":"https:\/\/www.horsesoftaiga.com\/fr\/wp-json\/wp\/v2\/comments?post=149"}],"version-history":[{"count":36,"href":"https:\/\/www.horsesoftaiga.com\/fr\/wp-json\/wp\/v2\/pages\/149\/revisions"}],"predecessor-version":[{"id":4845,"href":"https:\/\/www.horsesoftaiga.com\/fr\/wp-json\/wp\/v2\/pages\/149\/revisions\/4845"}],"up":[{"embeddable":true,"href":"https:\/\/www.horsesoftaiga.com\/fr\/wp-json\/wp\/v2\/pages\/108"}],"wp:attachment":[{"href":"https:\/\/www.horsesoftaiga.com\/fr\/wp-json\/wp\/v2\/media?parent=149"}],"curies":[{"name":"wp","href":"https:\/\/api.w.org\/{rel}","templated":true}]}}