{"id":147,"date":"2016-11-03T13:19:51","date_gmt":"2016-11-03T12:19:51","guid":{"rendered":"http:\/\/www.horsesoftaiga.com\/fr\/?page_id=147"},"modified":"2025-01-28T15:21:01","modified_gmt":"2025-01-28T14:21:01","slug":"parmi-pins-sylvestres","status":"publish","type":"page","link":"https:\/\/www.horsesoftaiga.com\/fr\/randonnees-ete\/parmi-pins-sylvestres\/","title":{"rendered":"Parmi les pins sylvestres"},"content":{"rendered":"<p>[vc_row][vc_column][vc_row_inner][vc_column_inner width=\u00a0\u00bb1\/2&Prime;][vc_column_text el_class=\u00a0\u00bbsection-header\u00a0\u00bb]<\/p>\n<div class=\"section-header col-xs-12 centered\">\n<h2 style=\"text-align: center;\">Parmi les pins sylvestres<\/h2>\n<p style=\"text-align: center;\">\n<\/div>\n<p>[\/vc_column_text][vc_column_text]<\/p>\n<p style=\"text-align: justify;\">C\u2019est parti pour une journ\u00e9e d\u2019aventure ! Apr\u00e8s avoir fait connaissance avec votre nouveau meilleur ami et l\u2019avoir pr\u00e9par\u00e9, nous montons et entrons directement dans la for\u00eat bor\u00e9ale. Au cours de la journ\u00e9e vous aurez l\u2019occasion de d\u00e9couvrir les sp\u00e9cificit\u00e9s de la Laponie : sa faune, sa flore et son ambiance particuli\u00e8re. Pour notre d\u00e9jeuner, nous ferons une pause pr\u00e8s d&rsquo;un lac dans la for\u00eat, o\u00f9 les chevaux pourront se reposer pendant que nous profitons de produits locaux cuisin\u00e9s au feu de bois.<\/p>\n<p style=\"text-align: justify;\">Rien de mieux que de d\u00e9couvrir la ta\u00efga sur le dos d\u2019un solide cheval islandais aux quatre allures !<\/p>\n<p>[\/vc_column_text][\/vc_column_inner][vc_column_inner width=\u00a0\u00bb1\/2&Prime;][vc_images_carousel images=\u00a0\u00bb4450,1489,2711,1465,1490&Prime; img_size=\u00a0\u00bb600&#215;400&Prime; speed=\u00a0\u00bb4000&Prime; autoplay=\u00a0\u00bbyes\u00a0\u00bb hide_pagination_control=\u00a0\u00bbyes\u00a0\u00bb wrap=\u00a0\u00bbyes\u00a0\u00bb][\/vc_column_inner][\/vc_row_inner][\/vc_column][\/vc_row][vc_row][vc_column][vc_column_text]<\/p>\n<p style=\"text-align: center;\"><strong>Dur\u00e9e :<\/strong> <strong>6,5 heures<\/strong> &#8211; 4,5 heures \u00e0 cheval<br \/>\n<strong>Niveau :<\/strong> Cavaliers \u00e0 l\u2019aise aux trois allures. Bonne condition physique demand\u00e9e.<br \/>\n<strong>\u00c2ge :<\/strong> \u00e0 partir de 10 ans<br \/>\n<strong>Groupe\u00a0:<\/strong> de 2 \u00e0 5 personnes<br \/>\n<strong>Prix : 1 750 SEK<\/strong> <strong>par personne<\/strong> (+84kr de frais de r\u00e9servation), d\u00e9jeuner compris<\/p>\n<p style=\"text-align: center;\"><em>Nous fournissons une bombe \u00e0 tous nos cavaliers.<\/em><\/p>\n<p style=\"text-align: center;\"><em>Poids maximum du cavalier : 90 kg<\/em><\/p>\n<p>[\/vc_column_text][vc_btn title=\u00a0\u00bbR\u00c9SERVER\u00a0\u00bb style=\u00a0\u00bboutline\u00a0\u00bb color=\u00a0\u00bbpeacoc\u00a0\u00bb size=\u00a0\u00bblg\u00a0\u00bb align=\u00a0\u00bbcenter\u00a0\u00bb link=\u00a0\u00bburl:https%3A%2F%2Ffareharbor.com%2Fembeds%2Fbook%2Fhorsesoftaiga%2Fitems%2F354856%2F%3Fflow%3D680113|title:R%C3%89SERVER||\u00a0\u00bb][\/vc_column][\/vc_row]<\/p>\n","protected":false},"excerpt":{"rendered":"<p>[vc_row][vc_column][vc_row_inner][vc_column_inner width=\u00a0\u00bb1\/2&Prime;][vc_column_text el_class=\u00a0\u00bbsection-header\u00a0\u00bb] Parmi les pins sylvestres [\/vc_column_text][vc_column_text] C\u2019est parti pour une journ\u00e9e d\u2019aventure ! Apr\u00e8s avoir fait connaissance avec votre nouveau meilleur ami et l\u2019avoir pr\u00e9par\u00e9, nous montons et entrons directement dans la for\u00eat bor\u00e9ale. Au cours de la &hellip; <a href=\"https:\/\/www.horsesoftaiga.com\/fr\/randonnees-ete\/parmi-pins-sylvestres\/\">Read More<\/a><\/p>\n","protected":false},"author":2,"featured_media":0,"parent":108,"menu_order":0,"comment_status":"closed","ping_status":"closed","template":"","meta":{"om_disable_all_campaigns":false,"_mi_skip_tracking":false,"_monsterinsights_sitenote_active":false,"_monsterinsights_sitenote_note":"","_monsterinsights_sitenote_category":0,"_uf_show_specific_survey":0,"_uf_disable_surveys":false,"footnotes":""},"aioseo_notices":[],"_links":{"self":[{"href":"https:\/\/www.horsesoftaiga.com\/fr\/wp-json\/wp\/v2\/pages\/147"}],"collection":[{"href":"https:\/\/www.horsesoftaiga.com\/fr\/wp-json\/wp\/v2\/pages"}],"about":[{"href":"https:\/\/www.horsesoftaiga.com\/fr\/wp-json\/wp\/v2\/types\/page"}],"author":[{"embeddable":true,"href":"https:\/\/www.horsesoftaiga.com\/fr\/wp-json\/wp\/v2\/users\/2"}],"replies":[{"embeddable":true,"href":"https:\/\/www.horsesoftaiga.com\/fr\/wp-json\/wp\/v2\/comments?post=147"}],"version-history":[{"count":24,"href":"https:\/\/www.horsesoftaiga.com\/fr\/wp-json\/wp\/v2\/pages\/147\/revisions"}],"predecessor-version":[{"id":4860,"href":"https:\/\/www.horsesoftaiga.com\/fr\/wp-json\/wp\/v2\/pages\/147\/revisions\/4860"}],"up":[{"embeddable":true,"href":"https:\/\/www.horsesoftaiga.com\/fr\/wp-json\/wp\/v2\/pages\/108"}],"wp:attachment":[{"href":"https:\/\/www.horsesoftaiga.com\/fr\/wp-json\/wp\/v2\/media?parent=147"}],"curies":[{"name":"wp","href":"https:\/\/api.w.org\/{rel}","templated":true}]}}