{"id":136,"date":"2016-11-03T13:17:00","date_gmt":"2016-11-03T12:17:00","guid":{"rendered":"http:\/\/www.horsesoftaiga.com\/fr\/?page_id=136"},"modified":"2019-11-06T16:28:13","modified_gmt":"2019-11-06T15:28:13","slug":"hebergement","status":"publish","type":"page","link":"https:\/\/www.horsesoftaiga.com\/fr\/hebergement\/","title":{"rendered":"H\u00e9bergement"},"content":{"rendered":"<p>[vc_row][vc_column][vc_row_inner css=\u00a0\u00bb.vc_custom_1488038000275{margin-bottom: 30px !important;}\u00a0\u00bb][vc_column_inner][vc_column_text]<\/p>\n<div class=\"section-header col-xs-12 centered\">\n<h1>H\u00c9BERGEMENT<\/h1>\n<p>&nbsp;<\/p>\n<\/div>\n<p>[\/vc_column_text][\/vc_column_inner][\/vc_row_inner][vc_empty_space][\/vc_column][\/vc_row][vc_row][vc_column][vc_text_separator title=\u00a0\u00bbH\u00e9bergement hiver\u00a0\u00bb][\/vc_column][\/vc_row][vc_row][vc_column width=\u00a0\u00bb2\/3&Prime;][vc_column_text]En hiver, votre logement principal sera l&rsquo;ancienne \u00e9cole de Svansele, notre village.<\/p>\n<p>Vous dormirez dans une chambre partag\u00e9e \u00e0 4 lits. Simple, avec 2 lits superpos\u00e9s, elle est acoll\u00e9e \u00e0 la \u00abbagarstuga\u00bb, le four \u00e0 bois traditionnel que les gens utilisent pour cuire leur pain.<\/p>\n<p>Les sanitaires se trouvent dans le b\u00e2timent principal de la vieille \u00e9cole, \u00e0 seulement 20 m\u00e8tres de la chambre (mais un passage \u00e0 l\u2019ext\u00e9rieur est n\u00e9cessaire pour aller aux toilettes). C&rsquo;est \u00e9galement dans ce b\u00e2timent que le petit-d\u00e9jeuner et le d\u00eener seront servis.[\/vc_column_text][vc_row_inner][vc_column_inner width=\u00a0\u00bb1\/2&Prime;][vc_single_image image=\u00a0\u00bb2659&Prime; img_size=\u00a0\u00bbfull\u00a0\u00bb][\/vc_column_inner][vc_column_inner width=\u00a0\u00bb1\/2&Prime;][vc_single_image image=\u00a0\u00bb2660&Prime; img_size=\u00a0\u00bbfull\u00a0\u00bb][\/vc_column_inner][\/vc_row_inner][\/vc_column][vc_column width=\u00a0\u00bb1\/3&Prime;][vc_single_image image=\u00a0\u00bb2658&Prime; img_size=\u00a0\u00bbfull\u00a0\u00bb][\/vc_column][\/vc_row][vc_row][vc_column][vc_empty_space][\/vc_column][\/vc_row][vc_row][vc_column][vc_text_separator title=\u00a0\u00bbH\u00e9bergement \u00e9t\u00e9\u00a0\u00bb][\/vc_column][\/vc_row][vc_row][vc_column width=\u00a0\u00bb1\/3&Prime;][vc_single_image image=\u00a0\u00bb2924&Prime; img_size=\u00a0\u00bbfull\u00a0\u00bb][\/vc_column][vc_column width=\u00a0\u00bb2\/3&Prime;][vc_column_text]En \u00e9t\u00e9, votre h\u00e9bergement principal est une \u00ab\u00a0stuga\u00a0\u00bb su\u00e9doise en plein coeur de notre petit village Svansele, \u00e0 environ 2 km de la ferme, et avec une vue panoramique sur le fleuve Skellefte\u00e4lv.<\/p>\n<p>La cabane principale comporte une chambre double, un salon et une cuisine. Une seconde chambre pour 2 personnes est disponible dans une petite hutte juste \u00e0 c\u00f4t\u00e9.<\/p>\n<p>La douche et les toilettes se trouvent dans une troisi\u00e8me cabane, \u00e0 deux pas du b\u00e2timent principal.[\/vc_column_text][vc_row_inner][vc_column_inner width=\u00a0\u00bb1\/3&Prime;][vc_single_image image=\u00a0\u00bb2925&Prime; img_size=\u00a0\u00bbfull\u00a0\u00bb][\/vc_column_inner][vc_column_inner width=\u00a0\u00bb1\/3&Prime;][vc_single_image image=\u00a0\u00bb2926&Prime; img_size=\u00a0\u00bbfull\u00a0\u00bb][\/vc_column_inner][vc_column_inner width=\u00a0\u00bb1\/3&Prime;][vc_single_image image=\u00a0\u00bb2927&Prime; img_size=\u00a0\u00bbfull\u00a0\u00bb][\/vc_column_inner][\/vc_row_inner][\/vc_column][\/vc_row][vc_row][vc_column][vc_empty_space][vc_text_separator title=\u00a0\u00bbCamps pleine nature\u00a0\u00bb][\/vc_column][\/vc_row][vc_row][vc_column width=\u00a0\u00bb2\/3&Prime;][vc_column_text]Lors des randonn\u00e9es de plusieurs jours, nous passons une ou plusieurs nuits dans des camps pleine nature. Ces camps consistent en un h\u00e9bergement tr\u00e8s simple, sans \u00e9lectricit\u00e9 ni eau courante.<\/p>\n<p>L\u00e0, vous pourrez profiter de la nature et de son calme. Nous prenons de l&rsquo;eau dans lac ou la rivi\u00e8re et cuisinons nos repas au feu de bois, pendant que les chevaux se reposent dans leur paddock juste \u00e0 c\u00f4t\u00e9 de nous.<\/p>\n<p>Certains de nos camps ont un sauna o\u00f9 vous pouvez vous r\u00e9chauffer et vous nettoyer un peu apr\u00e8s une longue journ\u00e9e \u00e0 cheval.[\/vc_column_text][vc_row_inner][vc_column_inner width=\u00a0\u00bb1\/3&Prime;][vc_single_image image=\u00a0\u00bb2683&Prime; img_size=\u00a0\u00bbfull\u00a0\u00bb][\/vc_column_inner][vc_column_inner width=\u00a0\u00bb1\/3&Prime;][vc_single_image image=\u00a0\u00bb2666&Prime; img_size=\u00a0\u00bbfull\u00a0\u00bb][\/vc_column_inner][vc_column_inner width=\u00a0\u00bb1\/3&Prime;][vc_single_image image=\u00a0\u00bb2665&Prime; img_size=\u00a0\u00bbfull\u00a0\u00bb][\/vc_column_inner][\/vc_row_inner][\/vc_column][vc_column width=\u00a0\u00bb1\/3&Prime;][vc_single_image image=\u00a0\u00bb2684&Prime; img_size=\u00a0\u00bbfull\u00a0\u00bb][\/vc_column][\/vc_row]<\/p>\n","protected":false},"excerpt":{"rendered":"<p>[vc_row][vc_column][vc_row_inner css=\u00a0\u00bb.vc_custom_1488038000275{margin-bottom: 30px !important;}\u00a0\u00bb][vc_column_inner][vc_column_text] H\u00c9BERGEMENT &nbsp; [\/vc_column_text][\/vc_column_inner][\/vc_row_inner][vc_empty_space][\/vc_column][\/vc_row][vc_row][vc_column][vc_text_separator title=\u00a0\u00bbH\u00e9bergement hiver\u00a0\u00bb][\/vc_column][\/vc_row][vc_row][vc_column width=\u00a0\u00bb2\/3&Prime;][vc_column_text]En hiver, votre logement principal sera l&rsquo;ancienne \u00e9cole de Svansele, notre village. Vous dormirez dans une chambre partag\u00e9e \u00e0 4 lits. Simple, avec 2 lits superpos\u00e9s, elle est acoll\u00e9e \u00e0 la &hellip; <a href=\"https:\/\/www.horsesoftaiga.com\/fr\/hebergement\/\">Read More<\/a><\/p>\n","protected":false},"author":2,"featured_media":0,"parent":0,"menu_order":8,"comment_status":"closed","ping_status":"closed","template":"","meta":{"om_disable_all_campaigns":false,"_mi_skip_tracking":false,"_monsterinsights_sitenote_active":false,"_monsterinsights_sitenote_note":"","_monsterinsights_sitenote_category":0,"_uf_show_specific_survey":0,"_uf_disable_surveys":false,"footnotes":""},"aioseo_notices":[],"_links":{"self":[{"href":"https:\/\/www.horsesoftaiga.com\/fr\/wp-json\/wp\/v2\/pages\/136"}],"collection":[{"href":"https:\/\/www.horsesoftaiga.com\/fr\/wp-json\/wp\/v2\/pages"}],"about":[{"href":"https:\/\/www.horsesoftaiga.com\/fr\/wp-json\/wp\/v2\/types\/page"}],"author":[{"embeddable":true,"href":"https:\/\/www.horsesoftaiga.com\/fr\/wp-json\/wp\/v2\/users\/2"}],"replies":[{"embeddable":true,"href":"https:\/\/www.horsesoftaiga.com\/fr\/wp-json\/wp\/v2\/comments?post=136"}],"version-history":[{"count":9,"href":"https:\/\/www.horsesoftaiga.com\/fr\/wp-json\/wp\/v2\/pages\/136\/revisions"}],"predecessor-version":[{"id":2929,"href":"https:\/\/www.horsesoftaiga.com\/fr\/wp-json\/wp\/v2\/pages\/136\/revisions\/2929"}],"wp:attachment":[{"href":"https:\/\/www.horsesoftaiga.com\/fr\/wp-json\/wp\/v2\/media?parent=136"}],"curies":[{"name":"wp","href":"https:\/\/api.w.org\/{rel}","templated":true}]}}