{"id":108,"date":"2016-10-26T13:53:52","date_gmt":"2016-10-26T11:53:52","guid":{"rendered":"http:\/\/www.horsesoftaiga.com\/fr\/?page_id=108"},"modified":"2025-06-23T16:50:45","modified_gmt":"2025-06-23T14:50:45","slug":"randonnees-ete","status":"publish","type":"page","link":"https:\/\/www.horsesoftaiga.com\/fr\/randonnees-ete\/","title":{"rendered":"\u00c9t\u00e9\/Automne"},"content":{"rendered":"<p>[vc_row][vc_column width=\u00a0\u00bb1\/2&Prime;][vc_column_text]<\/p>\n<div class=\"section-header col-xs-12 centered\">\n<h1 style=\"text-align: center;\">BALADES \u00c9T\u00c9 ET AUTOMNE<\/h1>\n<p style=\"text-align: center;\">\n<\/div>\n<div class=\"wpb_text_column wpb_content_element \">\n<div class=\"wpb_wrapper\">\n<p>M\u00eame quand elle n\u2019est pas recouverte de neige, la Laponie est sublime. Chaque saison apporte sa lumi\u00e8re particuli\u00e8re et la flore qui lui est sp\u00e9cifique. Quand la neige et la glace fondent, la for\u00eat bor\u00e9ale d\u00e9voile multiples chemins cach\u00e9s.<\/p>\n<p style=\"text-align: center;\">Et si vous d\u00e9couvriez ces chemins aventureux depuis le dos d\u2019un sympathique cheval islandais ?<\/p>\n<p>Que vous ayez mont\u00e9 \u00e0 cheval seulement quelques fois ou que vous soyez un v\u00e9ritable \u201chomme de cheval\u201d, nous organiserons la randonn\u00e9e parfaite pour vous et vos proches. Nos balades sont faciles \u00e0 suivre gr\u00e2ce \u00e0 la taille restreinte des groupes (5 cavaliers maximum). Nous fournissons une bombe \u00e0 chaque cavalier. Pour une heure, une demi-journ\u00e9e ou une journ\u00e9e enti\u00e8re, vous aurez la chance de profiter de la nature lapone sur le dos de nos doux chevaux islandais.<\/p>\n<p>Vous \u00eates v\u00e9g\u00e9tarien, vegan, intol\u00e9rant au lactose ou allergique au gluten, ou tout \u00e0 la fois ? Aucun probl\u00e8me ! Nous nous ferons un plaisir de vous pr\u00e9parer des repas adapt\u00e9s. Et exclusivement avec des produits frais, locaux et \u00e9thiques !<\/p>\n<\/div>\n<\/div>\n<p>[\/vc_column_text][\/vc_column][vc_column width=\u00a0\u00bb1\/2&Prime;][vc_empty_space height=\u00a0\u00bb128px\u00a0\u00bb][vc_images_carousel images=\u00a0\u00bb1404,1402,1479,2750,1459,1393&Prime; img_size=\u00a0\u00bb600&#215;400&Prime; speed=\u00a0\u00bb4000&Prime; autoplay=\u00a0\u00bbyes\u00a0\u00bb wrap=\u00a0\u00bbyes\u00a0\u00bb][\/vc_column][\/vc_row][vc_row][vc_column][vc_text_separator title=\u00a0\u00bbBalades et randonn\u00e9es propos\u00e9es de mai \u00e0 novembre\u00a0\u00bb color=\u00a0\u00bbcustom\u00a0\u00bb accent_color=\u00a0\u00bb#4cadc9&Prime; el_class=\u00a0\u00bbuppercase\u00a0\u00bb][\/vc_column][\/vc_row][vc_row][vc_column width=\u00a0\u00bb1\/3&Prime;][vc_btn title=\u00a0\u00bbBALADE BOR\u00c9ALE\u00a0\u00bb style=\u00a0\u00bboutline\u00a0\u00bb color=\u00a0\u00bbpeacoc\u00a0\u00bb size=\u00a0\u00bblg\u00a0\u00bb align=\u00a0\u00bbcenter\u00a0\u00bb button_block=\u00a0\u00bbtrue\u00a0\u00bb link=\u00a0\u00bburl:https%3A%2F%2Fwww.horsesoftaiga.com%2Ffr%2Frandonnees-ete%2Fbalade-boreale%2F|title:Balade%20bor%C3%A9ale\u00a0\u00bb][vc_column_text]<\/p>\n<p style=\"text-align: center;\"><em><strong>2 heures<\/strong><\/em><\/p>\n<p style=\"text-align: center;\"><em><strong>Tous niveaux<\/strong><\/em><\/p>\n<p>[\/vc_column_text][\/vc_column][vc_column width=\u00a0\u00bb1\/3&Prime;][vc_btn title=\u00a0\u00bbLE LONG DES PRAIRIES D&rsquo;EAU\u00a0\u00bb style=\u00a0\u00bboutline\u00a0\u00bb color=\u00a0\u00bbpeacoc\u00a0\u00bb size=\u00a0\u00bblg\u00a0\u00bb align=\u00a0\u00bbcenter\u00a0\u00bb button_block=\u00a0\u00bbtrue\u00a0\u00bb link=\u00a0\u00bburl:https%3A%2F%2Fwww.horsesoftaiga.com%2Ffr%2Frandonnees-ete%2Fle-long-des-prairies-deau%2F|title:Le%20long%20des%20prairies%20d%E2%80%99eau\u00a0\u00bb][vc_column_text]<\/p>\n<p style=\"text-align: center;\"><em><strong>2,5 heures<\/strong><\/em><\/p>\n<p style=\"text-align: center;\"><em><strong>Tous niveaux<\/strong><\/em><\/p>\n<p>[\/vc_column_text][\/vc_column][vc_column width=\u00a0\u00bb1\/3&Prime;][vc_btn title=\u00a0\u00bbAVENTURE FORESTI\u00c8RE\u00a0\u00bb style=\u00a0\u00bboutline\u00a0\u00bb color=\u00a0\u00bbpeacoc\u00a0\u00bb size=\u00a0\u00bblg\u00a0\u00bb align=\u00a0\u00bbcenter\u00a0\u00bb button_block=\u00a0\u00bbtrue\u00a0\u00bb link=\u00a0\u00bburl:https%3A%2F%2Fwww.horsesoftaiga.com%2Ffr%2Frandonnees-ete%2Fautour-du-lac-des-trefles%2F|title:Aventure%20foresti%C3%A8re\u00a0\u00bb][vc_column_text]<\/p>\n<p style=\"text-align: center;\"><em><strong>Demi-journ\u00e9e<\/strong><\/em><\/p>\n<p style=\"text-align: center;\"><em><strong>Tous niveaux<\/strong><\/em><\/p>\n<p>[\/vc_column_text][\/vc_column][\/vc_row][vc_row][vc_column width=\u00a0\u00bb1\/3&Prime;][vc_btn title=\u00a0\u00bbBALADE DES CAVALIERS\u00a0\u00bb style=\u00a0\u00bboutline\u00a0\u00bb color=\u00a0\u00bbpeacoc\u00a0\u00bb size=\u00a0\u00bblg\u00a0\u00bb align=\u00a0\u00bbcenter\u00a0\u00bb button_block=\u00a0\u00bbtrue\u00a0\u00bb link=\u00a0\u00bburl:https%3A%2F%2Fwww.horsesoftaiga.com%2Ffr%2Frandonnees-ete%2Fbalade-cavaliers%2F|title:Balade%20des%20cavaliers\u00a0\u00bb][vc_column_text]<\/p>\n<p style=\"text-align: center;\"><em><strong>2 heures<\/strong><\/em><\/p>\n<p style=\"text-align: center;\"><em><strong>Cavaliers confirm\u00e9s<\/strong><\/em><\/p>\n<p>[\/vc_column_text][\/vc_column][vc_column width=\u00a0\u00bb1\/3&Prime;][vc_btn title=\u00a0\u00bbCOLLINES DE LA FOR\u00caT BOR\u00c8ALE\u00a0\u00bb style=\u00a0\u00bboutline\u00a0\u00bb color=\u00a0\u00bbpeacoc\u00a0\u00bb size=\u00a0\u00bblg\u00a0\u00bb align=\u00a0\u00bbcenter\u00a0\u00bb button_block=\u00a0\u00bbtrue\u00a0\u00bb link=\u00a0\u00bburl:https%3A%2F%2Fwww.horsesoftaiga.com%2Ffr%2Frandonnees-ete%2Fcollines-foret-boreale%2F|title:Collines%20de%20la%20for%C3%AAt%20bor%C3%A9ale\u00a0\u00bb][vc_column_text]<\/p>\n<p style=\"text-align: center;\"><em><strong>Demi-journ\u00e9e<\/strong><\/em><\/p>\n<p style=\"text-align: center;\"><em><strong>Cavaliers confirm\u00e9s<\/strong><\/em><\/p>\n<p>[\/vc_column_text][\/vc_column][vc_column width=\u00a0\u00bb1\/3&Prime;][vc_btn title=\u00a0\u00bbPARMI LES PINS SYLVESTRES\u00a0\u00bb style=\u00a0\u00bboutline\u00a0\u00bb color=\u00a0\u00bbpeacoc\u00a0\u00bb size=\u00a0\u00bblg\u00a0\u00bb align=\u00a0\u00bbcenter\u00a0\u00bb button_block=\u00a0\u00bbtrue\u00a0\u00bb link=\u00a0\u00bburl:https%3A%2F%2Fwww.horsesoftaiga.com%2Ffr%2Frandonnees-ete%2Fparmi-pins-sylvestres%2F|title:Parmi%20les%20pins%20sylvestres\u00a0\u00bb][vc_column_text]<\/p>\n<p style=\"text-align: center;\"><em><strong>Journ\u00e9e<\/strong><\/em><\/p>\n<p style=\"text-align: center;\"><em><strong>Cavaliers confirm\u00e9s<\/strong><\/em><\/p>\n<p>[\/vc_column_text][\/vc_column][\/vc_row]<\/p>\n","protected":false},"excerpt":{"rendered":"<p>[vc_row][vc_column width=\u00a0\u00bb1\/2&Prime;][vc_column_text] BALADES \u00c9T\u00c9 ET AUTOMNE M\u00eame quand elle n\u2019est pas recouverte de neige, la Laponie est sublime. Chaque saison apporte sa lumi\u00e8re particuli\u00e8re et la flore qui lui est sp\u00e9cifique. Quand la neige et la glace fondent, la for\u00eat &hellip; <a href=\"https:\/\/www.horsesoftaiga.com\/fr\/randonnees-ete\/\">Read More<\/a><\/p>\n","protected":false},"author":2,"featured_media":0,"parent":0,"menu_order":29,"comment_status":"closed","ping_status":"closed","template":"","meta":{"om_disable_all_campaigns":false,"_mi_skip_tracking":false,"_monsterinsights_sitenote_active":false,"_monsterinsights_sitenote_note":"","_monsterinsights_sitenote_category":0,"_uf_show_specific_survey":0,"_uf_disable_surveys":false,"footnotes":""},"aioseo_notices":[],"_links":{"self":[{"href":"https:\/\/www.horsesoftaiga.com\/fr\/wp-json\/wp\/v2\/pages\/108"}],"collection":[{"href":"https:\/\/www.horsesoftaiga.com\/fr\/wp-json\/wp\/v2\/pages"}],"about":[{"href":"https:\/\/www.horsesoftaiga.com\/fr\/wp-json\/wp\/v2\/types\/page"}],"author":[{"embeddable":true,"href":"https:\/\/www.horsesoftaiga.com\/fr\/wp-json\/wp\/v2\/users\/2"}],"replies":[{"embeddable":true,"href":"https:\/\/www.horsesoftaiga.com\/fr\/wp-json\/wp\/v2\/comments?post=108"}],"version-history":[{"count":33,"href":"https:\/\/www.horsesoftaiga.com\/fr\/wp-json\/wp\/v2\/pages\/108\/revisions"}],"predecessor-version":[{"id":4964,"href":"https:\/\/www.horsesoftaiga.com\/fr\/wp-json\/wp\/v2\/pages\/108\/revisions\/4964"}],"wp:attachment":[{"href":"https:\/\/www.horsesoftaiga.com\/fr\/wp-json\/wp\/v2\/media?parent=108"}],"curies":[{"name":"wp","href":"https:\/\/api.w.org\/{rel}","templated":true}]}}