{"id":104,"date":"2016-10-26T13:52:17","date_gmt":"2016-10-26T11:52:17","guid":{"rendered":"http:\/\/www.horsesoftaiga.com\/fr\/?page_id=104"},"modified":"2025-03-12T16:13:12","modified_gmt":"2025-03-12T15:13:12","slug":"chevaux","status":"publish","type":"page","link":"https:\/\/www.horsesoftaiga.com\/fr\/a-propos\/chevaux\/","title":{"rendered":"Nos chevaux"},"content":{"rendered":"<p>[vc_row][vc_column][vc_row_inner][vc_column_inner css=\u00a0\u00bb.vc_custom_1488104165764{margin-bottom: 25px !important;}\u00a0\u00bb][vc_column_text]<\/p>\n<div class=\"section-header col-xs-12 centered\">\n<h1 style=\"text-align: center;\">NOS CHEVAUX ISLANDAIS<\/h1>\n<p style=\"text-align: center;\">\n<\/div>\n<p>[\/vc_column_text][\/vc_column_inner][\/vc_row_inner][vc_column_text]<\/p>\n<p style=\"text-align: center;\">Un petit troupeau de chevaux islandais qui vivent en plein air toute l&rsquo;ann\u00e9e sur notre ferme. Chacun a sa propre personnalit\u00e9.<\/p>\n<p style=\"text-align: center;\">Tous nos chevaux sont pieds nus et mont\u00e9s sans mors. Au plus naturel et au plus confortable que possible pour nos meilleurs amis !<\/p>\n<p>[\/vc_column_text][vc_row_inner][vc_column_inner width=\u00a0\u00bb1\/2&Prime;][vc_column_text]<\/p>\n<h4 style=\"text-align: center;\"><strong><span style=\"color: #048c8c;\">Allsvi\u00f0ur, alias Allfie<\/span><\/strong><\/h4>\n<p style=\"text-align: center;\">Gentil et allant de l&rsquo;avant, Allfie sera toujours ravi de vous emmener en for\u00eat !<\/p>\n<p>[\/vc_column_text][vc_single_image image=\u00a0\u00bb4065&Prime; img_size=\u00a0\u00bb560&#215;370&Prime;][\/vc_column_inner][vc_column_inner width=\u00a0\u00bb1\/2&Prime;][vc_column_text]<\/p>\n<h4 style=\"text-align: center;\"><strong><span style=\"color: #048c8c;\">Skuttull, alias Skutte<\/span><\/strong><\/h4>\n<p style=\"text-align: center;\">Calme et joueur, Skutte est l&rsquo;a\u00een\u00e9 du troupeau. Il est le bon copain de tous.<\/p>\n<p>[\/vc_column_text][vc_single_image image=\u00a0\u00bb4066&Prime; img_size=\u00a0\u00bb560&#215;370&Prime;][\/vc_column_inner][\/vc_row_inner][vc_row_inner][vc_column_inner][vc_separator color=\u00a0\u00bbcustom\u00a0\u00bb accent_color=\u00a0\u00bb#048c8c\u00a0\u00bb][\/vc_column_inner][\/vc_row_inner][vc_row_inner][vc_column_inner width=\u00a0\u00bb1\/3&Prime;][vc_column_text]<\/p>\n<h4 style=\"text-align: center;\"><strong><span style=\"color: #048c8c;\">S\u00f3lfari<\/span><\/strong><\/h4>\n<p style=\"text-align: center;\">Le clown du troupeau. Espi\u00e8gle et c\u00e2lin, personne ne lui r\u00e9siste !<\/p>\n<p>[\/vc_column_text][vc_single_image image=\u00a0\u00bb4070&Prime; img_size=\u00a0\u00bb560&#215;370&Prime; style=\u00a0\u00bbvc_box_rounded\u00a0\u00bb onclick=\u00a0\u00bblink_image\u00a0\u00bb][\/vc_column_inner][vc_column_inner width=\u00a0\u00bb1\/3&Prime;][vc_column_text]<\/p>\n<h4 style=\"text-align: center;\"><strong><span style=\"color: #048c8c;\">Le\u00f3<\/span><\/strong><\/h4>\n<div class=\"wpb_text_column wpb_content_element \">\n<div class=\"wpb_wrapper\">\n<p style=\"text-align: center;\">Concentr\u00e9 et s\u00fbr de lui, notre bel hongre sait ce qu\u2019il fait !<\/p>\n<\/div>\n<\/div>\n<p>[\/vc_column_text][vc_single_image image=\u00a0\u00bb4067&Prime; img_size=\u00a0\u00bb560&#215;370&Prime; style=\u00a0\u00bbvc_box_rounded\u00a0\u00bb onclick=\u00a0\u00bblink_image\u00a0\u00bb][\/vc_column_inner][vc_column_inner width=\u00a0\u00bb1\/3&Prime;][vc_column_text]<\/p>\n<h4 style=\"text-align: center;\"><strong><span style=\"color: #048c8c;\">M\u00e1na<\/span><\/strong><\/h4>\n<p style=\"text-align: center;\">Toute petite et gentille jument. Mais ne vous y trompez pas, elle est aussi pleine d\u2019\u00e9nergie !<\/p>\n<p>[\/vc_column_text][vc_single_image image=\u00a0\u00bb2334&Prime; img_size=\u00a0\u00bb560&#215;370&Prime; style=\u00a0\u00bbvc_box_rounded\u00a0\u00bb onclick=\u00a0\u00bblink_image\u00a0\u00bb][\/vc_column_inner][\/vc_row_inner][vc_separator color=\u00a0\u00bbpeacoc\u00a0\u00bb][\/vc_column][\/vc_row][vc_row][vc_column width=\u00a0\u00bb1\/3&Prime;][vc_column_text]<\/p>\n<h4 style=\"text-align: center;\"><strong><span style=\"color: #048c8c;\">Bj\u00f6rg<\/span><\/strong><\/h4>\n<p style=\"text-align: center;\">Courageuse et gentille, Bj\u00f6rg vous emm\u00e8nera toujours vers l&rsquo;aventure.<\/p>\n<p>[\/vc_column_text][vc_single_image image=\u00a0\u00bb4891&Prime; img_size=\u00a0\u00bb560&#215;370&Prime;][\/vc_column][vc_column width=\u00a0\u00bb1\/3&Prime;][vc_column_text]<\/p>\n<h4 style=\"text-align: center;\"><strong><span style=\"color: #048c8c;\">\u00de\u00f3rey<\/span><\/strong><\/h4>\n<p style=\"text-align: center;\">La plus jeune en balade. Une petite boule d&rsquo;\u00e9nergie qui adore aussi les c\u00e2lins !<\/p>\n<p>[\/vc_column_text][vc_single_image image=\u00a0\u00bb4641&Prime; img_size=\u00a0\u00bb560&#215;370&Prime;][\/vc_column][vc_column width=\u00a0\u00bb1\/3&Prime;][vc_column_text]<\/p>\n<h4 style=\"text-align: center;\"><strong><span style=\"color: #048c8c;\">I\u00f0inn<\/span><\/strong><\/h4>\n<p style=\"text-align: center;\">I\u00f0inn est n\u00e9 \u00e0 la ferme en juillet 2019, avec des c\u00e2lins \u00e0 revendre.<\/p>\n<p>[\/vc_column_text][vc_single_image image=\u00a0\u00bb4068&Prime; img_size=\u00a0\u00bb560&#215;370&Prime;][\/vc_column][\/vc_row]<\/p>\n","protected":false},"excerpt":{"rendered":"<p>[vc_row][vc_column][vc_row_inner][vc_column_inner css=\u00a0\u00bb.vc_custom_1488104165764{margin-bottom: 25px !important;}\u00a0\u00bb][vc_column_text] NOS CHEVAUX ISLANDAIS [\/vc_column_text][\/vc_column_inner][\/vc_row_inner][vc_column_text] Un petit troupeau de chevaux islandais qui vivent en plein air toute l&rsquo;ann\u00e9e sur notre ferme. Chacun a sa propre personnalit\u00e9. Tous nos chevaux sont pieds nus et mont\u00e9s sans mors. Au &hellip; <a href=\"https:\/\/www.horsesoftaiga.com\/fr\/a-propos\/chevaux\/\">Read More<\/a><\/p>\n","protected":false},"author":2,"featured_media":0,"parent":102,"menu_order":0,"comment_status":"closed","ping_status":"closed","template":"","meta":{"om_disable_all_campaigns":false,"_mi_skip_tracking":false,"_monsterinsights_sitenote_active":false,"_monsterinsights_sitenote_note":"","_monsterinsights_sitenote_category":0,"_uf_show_specific_survey":0,"_uf_disable_surveys":false,"footnotes":""},"aioseo_notices":[],"_links":{"self":[{"href":"https:\/\/www.horsesoftaiga.com\/fr\/wp-json\/wp\/v2\/pages\/104"}],"collection":[{"href":"https:\/\/www.horsesoftaiga.com\/fr\/wp-json\/wp\/v2\/pages"}],"about":[{"href":"https:\/\/www.horsesoftaiga.com\/fr\/wp-json\/wp\/v2\/types\/page"}],"author":[{"embeddable":true,"href":"https:\/\/www.horsesoftaiga.com\/fr\/wp-json\/wp\/v2\/users\/2"}],"replies":[{"embeddable":true,"href":"https:\/\/www.horsesoftaiga.com\/fr\/wp-json\/wp\/v2\/comments?post=104"}],"version-history":[{"count":30,"href":"https:\/\/www.horsesoftaiga.com\/fr\/wp-json\/wp\/v2\/pages\/104\/revisions"}],"predecessor-version":[{"id":4893,"href":"https:\/\/www.horsesoftaiga.com\/fr\/wp-json\/wp\/v2\/pages\/104\/revisions\/4893"}],"up":[{"embeddable":true,"href":"https:\/\/www.horsesoftaiga.com\/fr\/wp-json\/wp\/v2\/pages\/102"}],"wp:attachment":[{"href":"https:\/\/www.horsesoftaiga.com\/fr\/wp-json\/wp\/v2\/media?parent=104"}],"curies":[{"name":"wp","href":"https:\/\/api.w.org\/{rel}","templated":true}]}}