{"id":102,"date":"2016-10-26T13:52:01","date_gmt":"2016-10-26T11:52:01","guid":{"rendered":"http:\/\/www.horsesoftaiga.com\/fr\/?page_id=102"},"modified":"2026-02-02T17:48:03","modified_gmt":"2026-02-02T16:48:03","slug":"a-propos","status":"publish","type":"page","link":"https:\/\/www.horsesoftaiga.com\/fr\/a-propos\/","title":{"rendered":"\u00c0 propos de nous"},"content":{"rendered":"<p>[vc_row][vc_column width=\u00a0\u00bb1\/2&Prime;][vc_column_text]<\/p>\n<div class=\"section-header col-xs-12 centered\">\n<h1 style=\"text-align: center;\">\u00c0 PROPOS DE HORSES OF TAIGA<\/h1>\n<p style=\"text-align: center;\">\n<\/div>\n<p style=\"text-align: justify;\">Horses of Taiga, c\u2019est un projet de vie. Notre but : faire d\u00e9couvrir cette fantastique r\u00e9gion polaire qu\u2019est la Laponie, en compagnie de petits chevaux islandais sympas et dans un respect total de la nature et du peuple local.<\/p>\n<p style=\"text-align: justify;\">Un objectif de vie que nous voulons partager avec un maximum de terriens !<\/p>\n<p>&nbsp;<\/p>\n<p><strong><em>Nos petits plus ?<\/em><\/strong><\/p>\n<p>-&gt; <strong>Calme et nature sauvage :<\/strong> notre r\u00e9gion est loin des lieux touristiques. Sur les sentiers, nous avons v\u00e9ritablement plus de chances de rencontrer un renne ou un \u00e9lan qu&rsquo;un autre \u00eatre humain.<\/p>\n<p>-&gt; <strong>Des petits groupes<\/strong>\u00a0<strong>:<\/strong> jamais plus de 5 personnes !<\/p>\n<p>-&gt; <strong>Un encadrement professionnel<\/strong>, avec une guide francophone ayant plus de 10 ans d&rsquo;exp\u00e9rience<\/p>\n<p>-&gt; <strong>Des repas personnalis\u00e9s faits de produits locaux et biologiques<\/strong>, pr\u00e9par\u00e9s tout sp\u00e9cialement pour vous.<\/p>\n<p>Et en plus de \u00e7a, nous travaillons&#8230;[\/vc_column_text][\/vc_column][vc_column width=\u00a0\u00bb1\/2&Prime;][vc_empty_space height=\u00a0\u00bb160px\u00a0\u00bb][vc_gallery type=\u00a0\u00bbimage_grid\u00a0\u00bb images=\u00a0\u00bb1402&Prime; img_size=\u00a0\u00bblarge\u00a0\u00bb][\/vc_column][\/vc_row][vc_row][vc_column][vc_separator color=\u00a0\u00bbpeacoc\u00a0\u00bb][vc_column_text]<\/p>\n<h1 style=\"text-align: center;\"><span style=\"color: #048c8c;\"><strong>Dans le souci de notre plan\u00e8te et de ses habitants<\/strong><\/span><\/h1>\n<p>Le tourisme durable est la seule voie pour nous, aucune autre n&rsquo;est concevable. Sans une justice sociale, une \u00e9conomie raisonnable et un environnement pr\u00e9serv\u00e9, le tourisme ne sera pas possible \u00e0 l&rsquo;avenir. Ainsi, en tant qu&rsquo;acteur du secteur du tourisme, nous devons travailler avec nos partenaires et nos clients pour r\u00e9duire au maximum l&rsquo;impact n\u00e9gatif de nos activit\u00e9s. Vous pouvez lire ci-dessous comment nous travaillons pour un tourisme r\u00e9ellement durable.<\/p>\n<ul>\n<li>Nous \u00e9vitons de contribuer aux \u00e9missions de gaz et \u00e0 la pollution inutiles.<\/li>\n<li>Nos activit\u00e9s sont men\u00e9es de mani\u00e8re \u00e0 ne pas nuire \u00e0 l&rsquo;environnement ni d\u00e9ranger la faune. Nous n&rsquo;incluons aucune activit\u00e9 motoris\u00e9e dans les s\u00e9jours que nous proposons et nous avons une autorisation des propri\u00e9taires pour tous les chemins que nous empruntons lors de nos balades.<\/li>\n<li>Tous les d\u00e9chets provenant de nos op\u00e9rations sont trait\u00e9s correctement. Nous trions les emballages, compostons et recyclons \u00e0 un tr\u00e8s haut degr\u00e9.<\/li>\n<li>Nous mettons en avant notre r\u00e9gion et travaillons avec les locaux. Nos partenaires et fournisseurs sont des entreprises locales.<\/li>\n<li>Nous collaborons avec une famille S\u00e2me. Au cours de certains de nos s\u00e9jours, vous aurez l&rsquo;occasion de les rencontrer et de tout apprendre sur la culture et l&rsquo;histoire du dernier peuple autochtone d&rsquo;Europe.<\/li>\n<li>La taille des groupes est limit\u00e9e \u00e0 5 personnes afin de minimiser l&rsquo;impact sur l&rsquo;environnement.<\/li>\n<li>Nous encourageons tout le monde autour de nous \u00e0 voyager et \u00e0 travailler de mani\u00e8re durable. Parce que cela ne fera que rendre nos vies meilleures !<\/li>\n<li>Nous restons inform\u00e9es et participons r\u00e9guli\u00e8rement \u00e0 des formations sur la qualit\u00e9 et la durabilit\u00e9.<\/li>\n<li>Notre entreprise respecte les r\u00e8gles des entreprises touristiques, notamment celles li\u00e9es \u00e0 l&rsquo;environnement, \u00e0 la faune, au patrimoine arch\u00e9ologique et \u00e0 la s\u00e9curit\u00e9 collective.<\/li>\n<li>Nous promouvons les traditions locales en servant des plats locaux. Nous privil\u00e9gions les mati\u00e8res premi\u00e8res produites localement et essayons d&rsquo;inclure l&rsquo;artisanat local dans notre entreprise et notre vie quotidienne.<\/li>\n<li>Nos animaux sont notre famille. Il est important pour nous qu&rsquo;ils soient en bonne sant\u00e9 et heureux, c&rsquo;est pourquoi nous nous assurons qu&rsquo;ils re\u00e7oivent \u00e0 tout moment les soins dont ils ont besoin. Nos chevaux sont nourris selon leurs besoins individuels et vivent au pr\u00e9 et en troupeau toute l&rsquo;ann\u00e9e, comme il se doit !<\/li>\n<\/ul>\n<p>[\/vc_column_text][vc_separator color=\u00a0\u00bbpeacoc\u00a0\u00bb][\/vc_column][\/vc_row][vc_row][vc_column width=\u00a0\u00bb1\/4&Prime;][vc_empty_space][vc_single_image image=\u00a0\u00bb3476&Prime; img_size=\u00a0\u00bbmedium\u00a0\u00bb alignment=\u00a0\u00bbcenter\u00a0\u00bb][\/vc_column][vc_column width=\u00a0\u00bb3\/4&Prime;][vc_column_text]Depuis 2021, nous sommes fi\u00e8res d\u2019avoir re\u00e7u le label qualit\u00e9 <a href=\"https:\/\/naturesbestsweden.com\/en\/about-natures-best\/\">Nature\u2019s Best<\/a>, label qui montre la voie vers les organisateurs de premier plan de l\u2019\u00e9cotourisme su\u00e9dois.<\/p>\n<p><strong>Les six principes de base de Nature\u2019s Best:<\/strong><\/p>\n<p><strong>1.<\/strong> Respecter les limites de la destination &#8211; minimiser les impacts n\u00e9gatifs sur la nature et la culture locales<\/p>\n<p><strong>2.<\/strong> Soutenir l&rsquo;\u00e9conomie locale<\/p>\n<p><strong>3.<\/strong> Rendre toutes les activit\u00e9s de l\u2019op\u00e9rateur \u00e9cologiquement durables<\/p>\n<p><strong>4.<\/strong> Contribuer activement \u00e0 la conservation de la nature et de la culture<\/p>\n<p><strong>5.<\/strong> Promouvoir la connaissance, le respect et la joie de la d\u00e9couverte<\/p>\n<p><strong>6.<\/strong> Qualit\u00e9 et s\u00e9curit\u00e9 \u00e0 tous les niveaux[\/vc_column_text][\/vc_column][\/vc_row][vc_row][vc_column width=\u00a0\u00bb1\/4&Prime;][vc_single_image image=\u00a0\u00bb5040&Prime; img_size=\u00a0\u00bbmedium\u00a0\u00bb alignment=\u00a0\u00bbcenter\u00a0\u00bb][\/vc_column][vc_column width=\u00a0\u00bb3\/4&Prime;][vc_empty_space height=\u00a0\u00bb52px\u00a0\u00bb][vc_column_text]<em><strong>Horses of Taiga<\/strong><\/em> fait partie du programme <strong>Responsible Tourism V\u00e4sterbotten<\/strong>. Cela signifie que nous assumons nos responsabilit\u00e9s en travaillant v\u00e9ritablement et \u00e0 long terme sur la durabilit\u00e9 \u00e0 tous les niveaux. Nous souhaitons offrir une valeur ajout\u00e9e importante et contribuer \u00e0 rendre notre place sur terre encore meilleure pour ceux d&rsquo;entre vous qui nous visitent ou font leurs achats chez nous. Le processus est bas\u00e9 sur les crit\u00e8res du Global Sustainable Tourism Council pour le tourisme durable.[\/vc_column_text][\/vc_column][\/vc_row][vc_row][vc_column width=\u00a0\u00bb1\/4&Prime;][vc_single_image image=\u00a0\u00bb5089&Prime; alignment=\u00a0\u00bbcenter\u00a0\u00bb][\/vc_column][vc_column width=\u00a0\u00bb3\/4&Prime;][vc_empty_space height=\u00a0\u00bb72px\u00a0\u00bb][vc_column_text]En 2026, nous sommes extr\u00eamement heureuses d&rsquo;avoir re\u00e7u le Grand Prix de l&rsquo;\u00e9cotourisme su\u00e9dois.[\/vc_column_text][\/vc_column][\/vc_row][vc_row][vc_column][vc_column_text]<\/p>\n<p style=\"text-align: center;\"><em><strong>Horses of Taiga<\/strong><\/em> est membre de l&rsquo;<a href=\"https:\/\/naturturismforetagen.se\/\">Association du tourisme nature<\/a>, ainsi que de l&rsquo;<a href=\"https:\/\/www.icelandichorse.se\/\">Association Su\u00e9doise du Cheval Islandais<\/a>.<\/p>\n<p style=\"text-align: center;\">Nous faisons partie des destinations <a href=\"http:\/\/goldoflapland.com\/en\/\">Gold of Lapland<\/a>\u00a0et <a href=\"https:\/\/visitskelleftea.se\/en\/\">Visit Skellefte\u00e5<\/a>.<\/p>\n<p>[\/vc_column_text][\/vc_column][\/vc_row]<\/p>\n","protected":false},"excerpt":{"rendered":"<p>[vc_row][vc_column width=\u00a0\u00bb1\/2&Prime;][vc_column_text] \u00c0 PROPOS DE HORSES OF TAIGA Horses of Taiga, c\u2019est un projet de vie. Notre but : faire d\u00e9couvrir cette fantastique r\u00e9gion polaire qu\u2019est la Laponie, en compagnie de petits chevaux islandais sympas et dans un respect total &hellip; <a href=\"https:\/\/www.horsesoftaiga.com\/fr\/a-propos\/\">Read More<\/a><\/p>\n","protected":false},"author":2,"featured_media":0,"parent":0,"menu_order":7,"comment_status":"closed","ping_status":"closed","template":"","meta":{"om_disable_all_campaigns":false,"_mi_skip_tracking":false,"_monsterinsights_sitenote_active":false,"_monsterinsights_sitenote_note":"","_monsterinsights_sitenote_category":0,"_uf_show_specific_survey":0,"_uf_disable_surveys":false,"footnotes":""},"aioseo_notices":[],"_links":{"self":[{"href":"https:\/\/www.horsesoftaiga.com\/fr\/wp-json\/wp\/v2\/pages\/102"}],"collection":[{"href":"https:\/\/www.horsesoftaiga.com\/fr\/wp-json\/wp\/v2\/pages"}],"about":[{"href":"https:\/\/www.horsesoftaiga.com\/fr\/wp-json\/wp\/v2\/types\/page"}],"author":[{"embeddable":true,"href":"https:\/\/www.horsesoftaiga.com\/fr\/wp-json\/wp\/v2\/users\/2"}],"replies":[{"embeddable":true,"href":"https:\/\/www.horsesoftaiga.com\/fr\/wp-json\/wp\/v2\/comments?post=102"}],"version-history":[{"count":28,"href":"https:\/\/www.horsesoftaiga.com\/fr\/wp-json\/wp\/v2\/pages\/102\/revisions"}],"predecessor-version":[{"id":5092,"href":"https:\/\/www.horsesoftaiga.com\/fr\/wp-json\/wp\/v2\/pages\/102\/revisions\/5092"}],"wp:attachment":[{"href":"https:\/\/www.horsesoftaiga.com\/fr\/wp-json\/wp\/v2\/media?parent=102"}],"curies":[{"name":"wp","href":"https:\/\/api.w.org\/{rel}","templated":true}]}}