{"id":100,"date":"2016-10-26T13:51:38","date_gmt":"2016-10-26T11:51:38","guid":{"rendered":"http:\/\/www.horsesoftaiga.com\/fr\/?page_id=100"},"modified":"2025-11-06T17:44:48","modified_gmt":"2025-11-06T16:44:48","slug":"accueil","status":"publish","type":"page","link":"https:\/\/www.horsesoftaiga.com\/fr\/","title":{"rendered":"Accueil"},"content":{"rendered":"<p>[vc_row][vc_column][vc_row_inner][vc_column_inner width=\u00a0\u00bb1\/2&Prime;][vc_column_text]<\/p>\n<div class=\"section-header col-xs-12 centered\">\n<h2 style=\"text-align: center;\">Bienvenue !<\/h2>\n<p style=\"text-align: center;\">\n<\/div>\n<p>[\/vc_column_text][vc_column_text]<\/p>\n<p style=\"text-align: center;\">Depuis 2016, Horses of Taiga fait d\u00e9couvrir \u00e0 tous ceux qui ont l\u2019esprit d\u2019aventure cette fantastique r\u00e9gion polaire qu\u2019est la Laponie, en compagnie de chevaux islandais bien entra\u00een\u00e9s et <a href=\"https:\/\/www.horsesoftaiga.com\/fr\/a-propos\/\">dans un respect total de la nature et du peuple local<\/a>.<\/p>\n<p style=\"text-align: center;\">Non loin du cercle polaire, nous sommes aux portes de la Laponie, cette contr\u00e9e mystique et magnifique, la terre de la neige, de la glace, des baies sauvages, des rennes et des \u00e9lans.<br \/>\nTout autour de nous nous pouvons profiter de l\u2019atmosph\u00e8re calme et sauvage de la ta\u00efga, aussi appel\u00e9e for\u00eat bor\u00e9ale.<br \/>\nC\u2019est dans ce paysage paisible et myst\u00e9rieux que nous vous proposons de monter \u00e0 cheval, pour une heure ou pour quelques jours.<\/p>\n<p style=\"text-align: center;\">Alors montez sur votre petit cheval islandais et laissez-le vous montrer la ta\u00efga su\u00e9doise !<\/p>\n<p>[\/vc_column_text][\/vc_column_inner][vc_column_inner el_class=\u00a0\u00bbcarroussel\u00a0\u00bb width=\u00a0\u00bb1\/2&Prime;][vc_empty_space height=\u00a0\u00bb76px\u00a0\u00bb][vc_images_carousel images=\u00a0\u00bb4008,2407,4561,2689,1441,2650,1440,1393,3798,1438,2653&Prime; img_size=\u00a0\u00bb550&#215;330&Prime; speed=\u00a0\u00bb4000&Prime; autoplay=\u00a0\u00bbyes\u00a0\u00bb hide_pagination_control=\u00a0\u00bbyes\u00a0\u00bb wrap=\u00a0\u00bbyes\u00a0\u00bb el_class=\u00a0\u00bbsliders\u00a0\u00bb][\/vc_column_inner][\/vc_row_inner][\/vc_column][\/vc_row][vc_row equal_height=\u00a0\u00bbyes\u00a0\u00bb][vc_column width=\u00a0\u00bb1\/2&Prime;][vc_btn title=\u00a0\u00bbBALADES ET RANDONN\u00c9ES \u00c9T\u00c9 &amp; AUTOMNE\u00a0\u00bb style=\u00a0\u00bboutline\u00a0\u00bb color=\u00a0\u00bbpeacoc\u00a0\u00bb align=\u00a0\u00bbcenter\u00a0\u00bb button_block=\u00a0\u00bbtrue\u00a0\u00bb link=\u00a0\u00bburl:http%3A%2F%2Fwww.horsesoftaiga.com%2Ffr%2Frandonnees-ete%2F|\u00a0\u00bb][\/vc_column][vc_column width=\u00a0\u00bb1\/2&Prime;][vc_btn title=\u00a0\u00bbBALADES ET S\u00c9JOURS HIVER\u00a0\u00bb style=\u00a0\u00bboutline\u00a0\u00bb color=\u00a0\u00bbpeacoc\u00a0\u00bb align=\u00a0\u00bbcenter\u00a0\u00bb button_block=\u00a0\u00bbtrue\u00a0\u00bb link=\u00a0\u00bburl:http%3A%2F%2Fwww.horsesoftaiga.com%2Ffr%2Frandonnees-hiver%2F|\u00a0\u00bb][\/vc_column][\/vc_row][vc_row][vc_column][vc_empty_space][vc_btn title=\u00a0\u00bbDes questions ? Contactez-nous !\u00a0\u00bb style=\u00a0\u00bbclassic\u00a0\u00bb size=\u00a0\u00bblg\u00a0\u00bb align=\u00a0\u00bbcenter\u00a0\u00bb link=\u00a0\u00bburl:https%3A%2F%2Fwww.horsesoftaiga.com%2Ffr%2Fcontact%2F|title:Contact\u00a0\u00bb][\/vc_column][\/vc_row]<\/p>\n","protected":false},"excerpt":{"rendered":"<p>[vc_row][vc_column][vc_row_inner][vc_column_inner width=\u00a0\u00bb1\/2&Prime;][vc_column_text] Bienvenue ! [\/vc_column_text][vc_column_text] Depuis 2016, Horses of Taiga fait d\u00e9couvrir \u00e0 tous ceux qui ont l\u2019esprit d\u2019aventure cette fantastique r\u00e9gion polaire qu\u2019est la Laponie, en compagnie de chevaux islandais bien entra\u00een\u00e9s et dans un respect total de la &hellip; <a href=\"https:\/\/www.horsesoftaiga.com\/fr\/\">Read More<\/a><\/p>\n","protected":false},"author":2,"featured_media":0,"parent":0,"menu_order":3,"comment_status":"closed","ping_status":"closed","template":"","meta":{"om_disable_all_campaigns":false,"_mi_skip_tracking":false,"_monsterinsights_sitenote_active":false,"_monsterinsights_sitenote_note":"","_monsterinsights_sitenote_category":0,"_uf_show_specific_survey":0,"_uf_disable_surveys":false,"footnotes":""},"aioseo_notices":[],"_links":{"self":[{"href":"https:\/\/www.horsesoftaiga.com\/fr\/wp-json\/wp\/v2\/pages\/100"}],"collection":[{"href":"https:\/\/www.horsesoftaiga.com\/fr\/wp-json\/wp\/v2\/pages"}],"about":[{"href":"https:\/\/www.horsesoftaiga.com\/fr\/wp-json\/wp\/v2\/types\/page"}],"author":[{"embeddable":true,"href":"https:\/\/www.horsesoftaiga.com\/fr\/wp-json\/wp\/v2\/users\/2"}],"replies":[{"embeddable":true,"href":"https:\/\/www.horsesoftaiga.com\/fr\/wp-json\/wp\/v2\/comments?post=100"}],"version-history":[{"count":36,"href":"https:\/\/www.horsesoftaiga.com\/fr\/wp-json\/wp\/v2\/pages\/100\/revisions"}],"predecessor-version":[{"id":5016,"href":"https:\/\/www.horsesoftaiga.com\/fr\/wp-json\/wp\/v2\/pages\/100\/revisions\/5016"}],"wp:attachment":[{"href":"https:\/\/www.horsesoftaiga.com\/fr\/wp-json\/wp\/v2\/media?parent=100"}],"curies":[{"name":"wp","href":"https:\/\/api.w.org\/{rel}","templated":true}]}}